{"id":6152,"date":"2025-04-29T14:10:57","date_gmt":"2025-04-29T06:10:57","guid":{"rendered":"https:\/\/uniross.com\/product\/uniross-dual-9v-battery-charger-for-essential-devices-sur-et-efficace\/"},"modified":"2025-04-29T14:10:57","modified_gmt":"2025-04-29T06:10:57","slug":"uniross-dual-9v-battery-charger-for-essential-devices-sur-et-efficace","status":"publish","type":"product","link":"https:\/\/uniross.com\/fr\/produit\/uniross-dual-9v-battery-charger-for-essential-devices-sur-et-efficace\/","title":{"rendered":"Uniross Dual 9V Battery Charger for Essential Devices &#8211; S\u00fbr et efficace"},"content":{"rendered":"<p>Le chargeur Uniross Dual 9V alimente efficacement vos piles 9V, parfaites pour les appareils tels que les d\u00e9tecteurs de fum\u00e9e et les radios. Avec une compatibilit\u00e9 Micro USB\/USB-C, ce chargeur offre des options de charge flexibles partout o\u00f9 vous en avez besoin. Con\u00e7u avec des protections int\u00e9gr\u00e9es contre la surchauffe et la surcharge, il est emball\u00e9 dans des mat\u00e9riaux 100% sans plastique pour un choix respectueux de l&rsquo;environnement.  <\/p>\n","protected":false},"excerpt":{"rendered":"<p>Le chargeur Uniross Dual 9V alimente efficacement vos piles 9V, parfaites pour les appareils tels que les d\u00e9tecteurs de fum\u00e9e et les radios. Avec une compatibilit\u00e9 Micro USB\/USB-C, ce chargeur offre des options de charge flexibles partout o\u00f9 vous en avez besoin. Con\u00e7u avec des protections int\u00e9gr\u00e9es contre la surchauffe et la surcharge, il est [&hellip;]<\/p>\n","protected":false},"featured_media":6156,"template":"","meta":[],"application":[],"product_brand":[],"product_cat":[1391,1764],"product_tag":[],"class_list":{"0":"post-6152","1":"product","2":"type-product","3":"status-publish","4":"has-post-thumbnail","6":"product_cat-chargeurs-de-batterie","7":"product_cat-appareils-de-charge","8":"pa_battery-type-9v","9":"pa_charger-type-ucu007-pas-de-piles","10":"pa_charging-time-5-6h","11":"pa_simultaneous-charge-1-2-pieces","13":"first","14":"instock","15":"shipping-taxable","16":"purchasable","17":"product-type-simple"},"meta_box":{"image_advanced_d0knci360pw":[],"ak_name":[],"flashlight_show":"","light_mode":false,"featured_heading_1":"Chargement polyvalent","featured_heading_2":"S\u00e9curit\u00e9 totale","featured_heading_3":"Emballage \u00e9cologique","featured_description_1":"Chargez sans effort n'importe o\u00f9 gr\u00e2ce aux ports Micro USB\/USB-C pour une compatibilit\u00e9 universelle.","featured_description_2":"B\u00e9n\u00e9ficiez de protections de s\u00e9curit\u00e9 compl\u00e8tes, garantissant une charge sans souci, sans risque de surcharge ou de surchauffe.","featured_description_3":"Notre engagement en faveur du d\u00e9veloppement durable se traduit par des emballages 100 % sans plastique, ce qui permet de r\u00e9duire l'impact sur l'environnement et de promouvoir un avenir plus vert.","download_images":"","technical_datasheet":""},"_links":{"self":[{"href":"https:\/\/uniross.com\/fr\/wp-json\/wp\/v2\/product\/6152","targetHints":{"allow":["GET"]}}],"collection":[{"href":"https:\/\/uniross.com\/fr\/wp-json\/wp\/v2\/product"}],"about":[{"href":"https:\/\/uniross.com\/fr\/wp-json\/wp\/v2\/types\/product"}],"version-history":[{"count":0,"href":"https:\/\/uniross.com\/fr\/wp-json\/wp\/v2\/product\/6152\/revisions"}],"wp:featuredmedia":[{"embeddable":true,"href":"https:\/\/uniross.com\/fr\/wp-json\/wp\/v2\/media\/6156"}],"wp:attachment":[{"href":"https:\/\/uniross.com\/fr\/wp-json\/wp\/v2\/media?parent=6152"}],"wp:term":[{"taxonomy":"application","embeddable":true,"href":"https:\/\/uniross.com\/fr\/wp-json\/wp\/v2\/application?post=6152"},{"taxonomy":"product_brand","embeddable":true,"href":"https:\/\/uniross.com\/fr\/wp-json\/wp\/v2\/product_brand?post=6152"},{"taxonomy":"product_cat","embeddable":true,"href":"https:\/\/uniross.com\/fr\/wp-json\/wp\/v2\/product_cat?post=6152"},{"taxonomy":"product_tag","embeddable":true,"href":"https:\/\/uniross.com\/fr\/wp-json\/wp\/v2\/product_tag?post=6152"}],"curies":[{"name":"wp","href":"https:\/\/api.w.org\/{rel}","templated":true}]}}