{"id":6136,"date":"2025-04-29T14:12:31","date_gmt":"2025-04-29T06:12:31","guid":{"rendered":"https:\/\/uniross.com\/product\/piles-uniross-pour-appareils-auditifs-a10-blister-de-6\/"},"modified":"2025-04-29T14:12:31","modified_gmt":"2025-04-29T06:12:31","slug":"piles-uniross-pour-appareils-auditifs-a10-blister-de-6","status":"publish","type":"product","link":"https:\/\/uniross.com\/fr\/produit\/piles-uniross-pour-appareils-auditifs-a10-blister-de-6\/","title":{"rendered":"Piles Uniross pour appareils auditifs A10 (Blister de 6)"},"content":{"rendered":"<p>Les piles Uniross UZA6A10 pour appareils auditifs sont con\u00e7ues pour fournir une alimentation fiable et durable aux appareils auditifs. Avec une densit\u00e9 \u00e9nerg\u00e9tique \u00e9lev\u00e9e, ces piles stockent une quantit\u00e9 substantielle d&rsquo;\u00e9nergie par rapport \u00e0 leur taille, garantissant le bon fonctionnement de votre appareil tout au long de la journ\u00e9e. L&rsquo;utilisation du zinc rend ces piles rentables et respectueuses de l&rsquo;environnement, car elles sont exemptes de mat\u00e9riaux toxiques tels que le plomb ou le cadmium et sont recyclables.  <\/p>\n","protected":false},"excerpt":{"rendered":"<p>Les piles Uniross UZA6A10 pour appareils auditifs sont con\u00e7ues pour fournir une alimentation fiable et durable aux appareils auditifs. Avec une densit\u00e9 \u00e9nerg\u00e9tique \u00e9lev\u00e9e, ces piles stockent une quantit\u00e9 substantielle d&rsquo;\u00e9nergie par rapport \u00e0 leur taille, garantissant le bon fonctionnement de votre appareil tout au long de la journ\u00e9e. L&rsquo;utilisation du zinc rend ces piles [&hellip;]<\/p>\n","protected":false},"featured_media":6151,"template":"","meta":[],"application":[],"product_brand":[],"product_cat":[1628,1758,1759,1761],"product_tag":[],"class_list":{"0":"post-6136","1":"product","2":"type-product","3":"status-publish","4":"has-post-thumbnail","6":"product_cat-aide-auditive","7":"product_cat-piles-primaires","8":"product_cat-a-usage-unique","9":"product_cat-piles-specialisees","10":"pa_battery-type-a10","11":"pa_shelf-life-5-ans","13":"first","14":"instock","15":"shipping-taxable","16":"purchasable","17":"product-type-simple"},"meta_box":{"image_advanced_d0knci360pw":[],"ak_name":[],"flashlight_show":"","light_mode":false,"featured_heading_1":"Densit\u00e9 \u00e9nerg\u00e9tique \u00e9lev\u00e9e","featured_heading_2":"Rapport co\u00fbt-efficacit\u00e9","featured_heading_3":"Respect de l'environnement","featured_description_1":"Elles peuvent stocker une quantit\u00e9 importante d'\u00e9nergie par rapport \u00e0 leur taille et \u00e0 leur poids. Cela est d\u00fb au fait qu'elles utilisent l'oxyg\u00e8ne de l'air comme l'un des r\u00e9actifs, ce qui r\u00e9duit la n\u00e9cessit\u00e9 de stocker un agent oxydant dans la pile. ","featured_description_2":"Le zinc est abondant et relativement peu co\u00fbteux par rapport \u00e0 d'autres m\u00e9taux utilis\u00e9s dans les piles, ce qui contribue \u00e0 la rentabilit\u00e9.","featured_description_3":"Ils ne contiennent pas de mat\u00e9riaux toxiques comme le plomb ou le cadmium. En outre, le zinc est recyclable ","download_images":"","technical_datasheet":""},"_links":{"self":[{"href":"https:\/\/uniross.com\/fr\/wp-json\/wp\/v2\/product\/6136","targetHints":{"allow":["GET"]}}],"collection":[{"href":"https:\/\/uniross.com\/fr\/wp-json\/wp\/v2\/product"}],"about":[{"href":"https:\/\/uniross.com\/fr\/wp-json\/wp\/v2\/types\/product"}],"version-history":[{"count":0,"href":"https:\/\/uniross.com\/fr\/wp-json\/wp\/v2\/product\/6136\/revisions"}],"wp:featuredmedia":[{"embeddable":true,"href":"https:\/\/uniross.com\/fr\/wp-json\/wp\/v2\/media\/6151"}],"wp:attachment":[{"href":"https:\/\/uniross.com\/fr\/wp-json\/wp\/v2\/media?parent=6136"}],"wp:term":[{"taxonomy":"application","embeddable":true,"href":"https:\/\/uniross.com\/fr\/wp-json\/wp\/v2\/application?post=6136"},{"taxonomy":"product_brand","embeddable":true,"href":"https:\/\/uniross.com\/fr\/wp-json\/wp\/v2\/product_brand?post=6136"},{"taxonomy":"product_cat","embeddable":true,"href":"https:\/\/uniross.com\/fr\/wp-json\/wp\/v2\/product_cat?post=6136"},{"taxonomy":"product_tag","embeddable":true,"href":"https:\/\/uniross.com\/fr\/wp-json\/wp\/v2\/product_tag?post=6136"}],"curies":[{"name":"wp","href":"https:\/\/api.w.org\/{rel}","templated":true}]}}