{"id":6082,"date":"2025-04-29T14:11:37","date_gmt":"2025-04-29T06:11:37","guid":{"rendered":"https:\/\/uniross.com\/product\/uniross-fr03-aaa-ultra-lithium-battery-4-pack\/"},"modified":"2025-04-29T14:11:37","modified_gmt":"2025-04-29T06:11:37","slug":"uniross-fr03-aaa-ultra-lithium-battery-4-pack","status":"publish","type":"product","link":"https:\/\/uniross.com\/fr\/produit\/uniross-fr03-aaa-ultra-lithium-battery-4-pack\/","title":{"rendered":"Uniross FR03 AAA Ultra Lithium Battery (4 Pack)"},"content":{"rendered":"<p>Les piles AAA Uniross Ultra Lithium, propos\u00e9es dans un pack de 4, offrent une autonomie exceptionnelle, id\u00e9ale pour les gadgets haute performance. Ces piles garantissent une alimentation fiable, permettant \u00e0 vos appareils de fonctionner au maximum de leur efficacit\u00e9. Avec une dur\u00e9e de vie de 15 ans, elles sont parfaites pour un usage occasionnel, toujours pr\u00eates avec une nouvelle source d&rsquo;\u00e9nergie. Con\u00e7ues pour r\u00e9sister \u00e0 des temp\u00e9ratures allant de -40\u00b0C \u00e0 +60\u00b0C, elles offrent des performances constantes dans des conditions extr\u00eames.   <\/p>\n","protected":false},"excerpt":{"rendered":"<p>Les piles AAA Uniross Ultra Lithium, propos\u00e9es dans un pack de 4, offrent une autonomie exceptionnelle, id\u00e9ale pour les gadgets haute performance. Ces piles garantissent une alimentation fiable, permettant \u00e0 vos appareils de fonctionner au maximum de leur efficacit\u00e9. Avec une dur\u00e9e de vie de 15 ans, elles sont parfaites pour un usage occasionnel, toujours [&hellip;]<\/p>\n","protected":false},"featured_media":6097,"template":"","meta":[],"application":[],"product_brand":[],"product_cat":[1758,1759,1620],"product_tag":[1213],"class_list":{"0":"post-6082","1":"product","2":"type-product","3":"status-publish","4":"has-post-thumbnail","6":"product_cat-piles-primaires","7":"product_cat-a-usage-unique","8":"product_cat-lithium-ultra","9":"product_tag-nouveaux-lancements","10":"pa_max-dimensions-mm-o100-x-445-mm-05-mm","11":"pa_open-circuit-voltage-v-1-72","13":"first","14":"instock","15":"shipping-taxable","16":"purchasable","17":"product-type-simple"},"meta_box":{"image_advanced_d0knci360pw":[],"ak_name":[],"flashlight_show":"","light_mode":false,"featured_heading_1":"Performance prolong\u00e9e en cours d'ex\u00e9cution","featured_heading_2":"Dur\u00e9e de conservation de 15 ans","featured_heading_3":"R\u00e9sistance aux temp\u00e9ratures extr\u00eames","featured_description_1":"Nos batteries avanc\u00e9es offrent des performances \u00e9lev\u00e9es, id\u00e9ales pour les appareils qui ont besoin d'une autonomie prolong\u00e9e, garantissant une alimentation soutenue et fiable pour une efficacit\u00e9 maximale.","featured_description_2":"Avec une dur\u00e9e de vie allant jusqu'\u00e0 15 ans, nos piles garantissent une source d'\u00e9nergie fra\u00eeche et fiable, parfaite pour les sc\u00e9narios \u00e0 usage peu fr\u00e9quent.","featured_description_3":"Une puissance qui s'\u00e9tend de -40\u00b0C \u00e0 +60\u00b0C. Con\u00e7ues pour r\u00e9sister, nos batteries fonctionnent de mani\u00e8re constante dans des environnements extr\u00eames, ce qui en fait le meilleur choix pour une alimentation fiable dans des conditions difficiles. ","download_images":"","technical_datasheet":""},"_links":{"self":[{"href":"https:\/\/uniross.com\/fr\/wp-json\/wp\/v2\/product\/6082","targetHints":{"allow":["GET"]}}],"collection":[{"href":"https:\/\/uniross.com\/fr\/wp-json\/wp\/v2\/product"}],"about":[{"href":"https:\/\/uniross.com\/fr\/wp-json\/wp\/v2\/types\/product"}],"version-history":[{"count":0,"href":"https:\/\/uniross.com\/fr\/wp-json\/wp\/v2\/product\/6082\/revisions"}],"wp:featuredmedia":[{"embeddable":true,"href":"https:\/\/uniross.com\/fr\/wp-json\/wp\/v2\/media\/6097"}],"wp:attachment":[{"href":"https:\/\/uniross.com\/fr\/wp-json\/wp\/v2\/media?parent=6082"}],"wp:term":[{"taxonomy":"application","embeddable":true,"href":"https:\/\/uniross.com\/fr\/wp-json\/wp\/v2\/application?post=6082"},{"taxonomy":"product_brand","embeddable":true,"href":"https:\/\/uniross.com\/fr\/wp-json\/wp\/v2\/product_brand?post=6082"},{"taxonomy":"product_cat","embeddable":true,"href":"https:\/\/uniross.com\/fr\/wp-json\/wp\/v2\/product_cat?post=6082"},{"taxonomy":"product_tag","embeddable":true,"href":"https:\/\/uniross.com\/fr\/wp-json\/wp\/v2\/product_tag?post=6082"}],"curies":[{"name":"wp","href":"https:\/\/api.w.org\/{rel}","templated":true}]}}