{"id":6081,"date":"2025-04-29T14:10:12","date_gmt":"2025-04-29T06:10:12","guid":{"rendered":"https:\/\/uniross.com\/product\/uniross-cylindrical-lithium-battery-cr-p2-blister-de-1\/"},"modified":"2025-04-29T14:10:12","modified_gmt":"2025-04-29T06:10:12","slug":"uniross-cylindrical-lithium-battery-cr-p2-blister-de-1","status":"publish","type":"product","link":"https:\/\/uniross.com\/fr\/produit\/uniross-cylindrical-lithium-battery-cr-p2-blister-de-1\/","title":{"rendered":"Uniross Cylindrical Lithium Battery CR-P2 (Blister de 1)"},"content":{"rendered":"<p>La pile lithium cylindrique Uniross CR-P2 offre une tension de sortie fiable de 6V, adapt\u00e9e aux appareils qui n\u00e9cessitent une alimentation r\u00e9guli\u00e8re et fiable. Sa longue dur\u00e9e de vie et sa faible autod\u00e9charge garantissent des performances constantes, m\u00eame apr\u00e8s un stockage prolong\u00e9. Con\u00e7ue pour fonctionner de mani\u00e8re optimale \u00e0 des temp\u00e9ratures extr\u00eames, la CR-P2 est id\u00e9ale pour une utilisation dans diverses conditions environnementales.  <\/p>\n","protected":false},"excerpt":{"rendered":"<p>La pile lithium cylindrique Uniross CR-P2 offre une tension de sortie fiable de 6V, adapt\u00e9e aux appareils qui n\u00e9cessitent une alimentation r\u00e9guli\u00e8re et fiable. Sa longue dur\u00e9e de vie et sa faible autod\u00e9charge garantissent des performances constantes, m\u00eame apr\u00e8s un stockage prolong\u00e9. Con\u00e7ue pour fonctionner de mani\u00e8re optimale \u00e0 des temp\u00e9ratures extr\u00eames, la CR-P2 est [&hellip;]<\/p>\n","protected":false},"featured_media":6104,"template":"","meta":[],"application":[],"product_brand":[],"product_cat":[1758,1759,1761,1738],"product_tag":[],"class_list":{"0":"post-6081","1":"product","2":"type-product","3":"status-publish","4":"has-post-thumbnail","6":"product_cat-piles-primaires","7":"product_cat-a-usage-unique","8":"product_cat-piles-specialisees","9":"product_cat-photo-lithium","10":"pa_battery-type-cr-p2","11":"pa_height-mm-36-00-33-40","12":"pa_shelf-life-10-ans","14":"first","15":"instock","16":"shipping-taxable","17":"purchasable","18":"product-type-simple"},"meta_box":{"image_advanced_d0knci360pw":[],"ak_name":[],"flashlight_show":"","light_mode":false,"featured_heading_1":"Tension","featured_heading_2":"Longue dur\u00e9e de conservation","featured_heading_3":"R\u00e9sistance \u00e0 la temp\u00e9rature","featured_description_1":"Fournir une tension stable. Cette tension de sortie constante garantit des performances fiables dans les appareils qui n\u00e9cessitent une alimentation \u00e9lectrique r\u00e9guli\u00e8re. De nombreux appareils sont con\u00e7us pour fonctionner de mani\u00e8re optimale \u00e0 un niveau de 3V ou 6V.  ","featured_description_2":"Longue dur\u00e9e de conservation et de performance. Elles ont un faible taux d'autod\u00e9charge, ce qui signifie qu'elles peuvent conserver leur charge pendant de longues p\u00e9riodes lorsqu'elles ne sont pas utilis\u00e9es, ce qui les rend adapt\u00e9es aux appareils qui ne sont pas utilis\u00e9s fr\u00e9quemment mais qui n\u00e9cessitent une source d'alimentation fiable en cas de besoin. ","featured_description_3":"Maintient des performances optimales dans divers environnements, y compris dans des conditions de chaleur et de froid extr\u00eames, ce qui est id\u00e9al pour une utilisation en ext\u00e9rieur ou dans des conditions difficiles.","download_images":"","technical_datasheet":""},"_links":{"self":[{"href":"https:\/\/uniross.com\/fr\/wp-json\/wp\/v2\/product\/6081","targetHints":{"allow":["GET"]}}],"collection":[{"href":"https:\/\/uniross.com\/fr\/wp-json\/wp\/v2\/product"}],"about":[{"href":"https:\/\/uniross.com\/fr\/wp-json\/wp\/v2\/types\/product"}],"version-history":[{"count":0,"href":"https:\/\/uniross.com\/fr\/wp-json\/wp\/v2\/product\/6081\/revisions"}],"wp:featuredmedia":[{"embeddable":true,"href":"https:\/\/uniross.com\/fr\/wp-json\/wp\/v2\/media\/6104"}],"wp:attachment":[{"href":"https:\/\/uniross.com\/fr\/wp-json\/wp\/v2\/media?parent=6081"}],"wp:term":[{"taxonomy":"application","embeddable":true,"href":"https:\/\/uniross.com\/fr\/wp-json\/wp\/v2\/application?post=6081"},{"taxonomy":"product_brand","embeddable":true,"href":"https:\/\/uniross.com\/fr\/wp-json\/wp\/v2\/product_brand?post=6081"},{"taxonomy":"product_cat","embeddable":true,"href":"https:\/\/uniross.com\/fr\/wp-json\/wp\/v2\/product_cat?post=6081"},{"taxonomy":"product_tag","embeddable":true,"href":"https:\/\/uniross.com\/fr\/wp-json\/wp\/v2\/product_tag?post=6081"}],"curies":[{"name":"wp","href":"https:\/\/api.w.org\/{rel}","templated":true}]}}