{"id":6047,"date":"2025-04-29T14:11:05","date_gmt":"2025-04-29T06:11:05","guid":{"rendered":"https:\/\/uniross.com\/product\/torche-utilitaire-uniross-a-double-fonction-200lm\/"},"modified":"2025-04-29T14:11:05","modified_gmt":"2025-04-29T06:11:05","slug":"torche-utilitaire-uniross-a-double-fonction-200lm","status":"publish","type":"product","link":"https:\/\/uniross.com\/fr\/produit\/torche-utilitaire-uniross-a-double-fonction-200lm\/","title":{"rendered":"Torche utilitaire Uniross \u00e0 double fonction 200LM"},"content":{"rendered":"<p>La torche utilitaire double fonction ULFL018 d&rsquo;Uniross est votre solution d&rsquo;\u00e9clairage id\u00e9ale pour un usage domestique ou professionnel. Dot\u00e9e de deux modes de fonctionnement &#8211; Spot pour un \u00e9clairage pr\u00e9cis et cibl\u00e9 et Floodlight pour un \u00e9clairage large &#8211; cette torche est parfaite pour une grande vari\u00e9t\u00e9 de t\u00e2ches. Sa configuration de LED COB + Bright garantit des performances efficaces avec une distance de faisceau allant jusqu&rsquo;\u00e0 20 m\u00e8tres pour le spot et 8 m\u00e8tres pour le projecteur. Avec une autonomie impressionnante de 40 heures en mode projecteur et de 8 heures en mode projecteur, cette torche est con\u00e7ue pour de longues heures d&rsquo;utilisation.   <\/p>\n<p>Con\u00e7ue pour \u00eatre pratique, l&rsquo;ULFL018 est \u00e9quip\u00e9e d&rsquo;un crochet de suspension escamotable \u00e0 360\u00b0, d&rsquo;une base magn\u00e9tique solide et d&rsquo;un support ajustable pour vous permettre de travailler les mains libres. Son bo\u00eetier en PVC caoutchout\u00e9 garantit une prise en main s\u00fbre et une grande durabilit\u00e9, tandis que l&rsquo;indice de protection IP44 contre les \u00e9claboussures garantit des performances fiables dans des conditions humides. Compacte et l\u00e9g\u00e8re, elle fonctionne avec 3 piles AA (NiMH, Alcaline, Zinc Carbone &#8211; non incluses) et a une dur\u00e9e de vie de 100 000 heures, ce qui en fait un outil fiable et durable pour n&rsquo;importe quel environnement.  <\/p>\n","protected":false},"excerpt":{"rendered":"<p>La torche utilitaire double fonction ULFL018 d&rsquo;Uniross est votre solution d&rsquo;\u00e9clairage id\u00e9ale pour un usage domestique ou professionnel. Dot\u00e9e de deux modes de fonctionnement &#8211; Spot pour un \u00e9clairage pr\u00e9cis et cibl\u00e9 et Floodlight pour un \u00e9clairage large &#8211; cette torche est parfaite pour une grande vari\u00e9t\u00e9 de t\u00e2ches. Sa configuration de LED COB + [&hellip;]<\/p>\n","protected":false},"featured_media":6048,"template":"","meta":[],"application":[],"product_brand":[],"product_cat":[1280,1763],"product_tag":[],"class_list":{"0":"post-6047","1":"product","2":"type-product","3":"status-publish","4":"has-post-thumbnail","6":"product_cat-lampe-de-poche","7":"product_cat-eclairage-portable","8":"pa_beam-distance-projecteur-20m-projecteur-23m","9":"pa_housing-material-pvc-caoutchouc-souple-noir-gris-noir-orange","10":"pa_led-cob-3w-led-lumineuse-x-5","11":"pa_led-life-time-000-heures","12":"pa_led-life-time-jusqua-100","13":"pa_lumens-projecteur-200lm-projecteur-60lm","14":"pa_max-dimensions-mm-2130-h-x-550-l-x-46-l-mm","15":"pa_powered-by-3-x-aa-nimh","16":"pa_powered-by-alcaline","17":"pa_powered-by-zinc-carbon-batteries-non-incluses","18":"pa_protection-rating-ip44-eclaboussures-deau","19":"pa_weight-approx-g-159g-piles-non-incluses","21":"first","22":"instock","23":"shipping-taxable","24":"purchasable","25":"product-type-simple"},"meta_box":{"image_advanced_d0knci360pw":[],"ak_name":[],"flashlight_show":"","light_mode":false,"featured_heading_1":"Double fonction","featured_heading_2":"Aimant puissant","featured_heading_3":"Crochet de suspension rabattable \u00e0 360","featured_description_1":"Projecteur et projecteur - Passez en toute transparence d'un \u00e9clairage de grande surface \u00e0 un \u00e9clairage cibl\u00e9 pour une utilisation polyvalente.","featured_description_2":"Permet une fixation stable et mains libres sur les surfaces m\u00e9talliques pour plus de commodit\u00e9.","featured_description_3":"Elle offre un mouvement complet \u00e0 360\u00b0 pour un \u00e9clairage mains libres dans n'importe quelle direction.","download_images":"","technical_datasheet":""},"_links":{"self":[{"href":"https:\/\/uniross.com\/fr\/wp-json\/wp\/v2\/product\/6047","targetHints":{"allow":["GET"]}}],"collection":[{"href":"https:\/\/uniross.com\/fr\/wp-json\/wp\/v2\/product"}],"about":[{"href":"https:\/\/uniross.com\/fr\/wp-json\/wp\/v2\/types\/product"}],"version-history":[{"count":0,"href":"https:\/\/uniross.com\/fr\/wp-json\/wp\/v2\/product\/6047\/revisions"}],"wp:featuredmedia":[{"embeddable":true,"href":"https:\/\/uniross.com\/fr\/wp-json\/wp\/v2\/media\/6048"}],"wp:attachment":[{"href":"https:\/\/uniross.com\/fr\/wp-json\/wp\/v2\/media?parent=6047"}],"wp:term":[{"taxonomy":"application","embeddable":true,"href":"https:\/\/uniross.com\/fr\/wp-json\/wp\/v2\/application?post=6047"},{"taxonomy":"product_brand","embeddable":true,"href":"https:\/\/uniross.com\/fr\/wp-json\/wp\/v2\/product_brand?post=6047"},{"taxonomy":"product_cat","embeddable":true,"href":"https:\/\/uniross.com\/fr\/wp-json\/wp\/v2\/product_cat?post=6047"},{"taxonomy":"product_tag","embeddable":true,"href":"https:\/\/uniross.com\/fr\/wp-json\/wp\/v2\/product_tag?post=6047"}],"curies":[{"name":"wp","href":"https:\/\/api.w.org\/{rel}","templated":true}]}}