{"id":5913,"date":"2025-04-29T14:20:11","date_gmt":"2025-04-29T06:20:11","guid":{"rendered":"https:\/\/uniross.com\/product\/uniross-lithium-coin-cells-cr2032-blister-de-5\/"},"modified":"2025-04-29T14:20:11","modified_gmt":"2025-04-29T06:20:11","slug":"uniross-lithium-coin-cells-cr2032-blister-de-5","status":"publish","type":"product","link":"https:\/\/uniross.com\/fr\/produit\/uniross-lithium-coin-cells-cr2032-blister-de-5\/","title":{"rendered":"Uniross Lithium Coin Cells CR2032 (Blister de 5)"},"content":{"rendered":"<p>Les piles Uniross Lithium Coin Cell CR2032, disponibles dans un blister pratique de 5, offrent des performances \u00e9lev\u00e9es et une alimentation fiable pour une large gamme d&rsquo;appareils miniatures, y compris les cl\u00e9s de voiture, les t\u00e9l\u00e9commandes, les smartwatches, les moniteurs m\u00e9dicaux, les gadgets domestiques intelligents et les capteurs IoT. Avec une tension de sortie stable de 3V et une dur\u00e9e de conservation allant jusqu&rsquo;\u00e0 5 ans, ces piles garantissent des performances durables pour une utilisation r\u00e9guli\u00e8re ou peu fr\u00e9quente. Con\u00e7ues pour r\u00e9sister \u00e0 des temp\u00e9ratures extr\u00eames de -20\u00b0C \u00e0 +60\u00b0C, elles offrent des performances constantes m\u00eame dans des conditions difficiles.  <\/p>\n<p>Con\u00e7ues dans un souci de s\u00e9curit\u00e9, elles sont dot\u00e9es d&rsquo;une construction \u00e9tanche pour prot\u00e9ger vos appareils et d&rsquo;un emballage \u00e0 l&rsquo;\u00e9preuve des enfants pour plus de s\u00e9curit\u00e9. Comptez sur Uniross CR2032 pour une alimentation durable, efficace et s\u00fbre, adapt\u00e9e \u00e0 vos appareils \u00e9lectroniques essentiels. <\/p>\n","protected":false},"excerpt":{"rendered":"<p>Les piles Uniross Lithium Coin Cell CR2032, disponibles dans un blister pratique de 5, offrent des performances \u00e9lev\u00e9es et une alimentation fiable pour une large gamme d&rsquo;appareils miniatures, y compris les cl\u00e9s de voiture, les t\u00e9l\u00e9commandes, les smartwatches, les moniteurs m\u00e9dicaux, les gadgets domestiques intelligents et les capteurs IoT. Avec une tension de sortie stable [&hellip;]<\/p>\n","protected":false},"featured_media":5921,"template":"","meta":[],"application":[],"product_brand":[],"product_cat":[1258,1758,1759,1762],"product_tag":[],"class_list":{"0":"post-5913","1":"product","2":"type-product","3":"status-publish","4":"has-post-thumbnail","6":"product_cat-piles-lithium-a-pieces","7":"product_cat-piles-primaires","8":"product_cat-a-usage-unique","9":"product_cat-piles-bouton-et-bouton-pression","10":"pa_battery-type-cr2032","11":"pa_shelf-life-5-ans","13":"first","14":"instock","15":"shipping-taxable","16":"purchasable","17":"product-type-simple"},"meta_box":{"image_advanced_d0knci360pw":[],"ak_name":[],"flashlight_show":"","light_mode":false,"featured_heading_1":"Densit\u00e9 \u00e9nerg\u00e9tique \u00e9lev\u00e9e","featured_heading_2":"Longue dur\u00e9e de conservation","featured_heading_3":"Tension stable","featured_description_1":"Con\u00e7ue pour les gadgets \u00e9lectroniques de petite taille exigeant une puissance durable dans un format condens\u00e9.","featured_description_2":"Ils garantissent des dur\u00e9es de stockage prolong\u00e9es sans diminution significative de la capacit\u00e9 ou des performances, ce qui les rend id\u00e9aux pour les applications peu utilis\u00e9es.","featured_description_3":"Ils fournissent une tension de sortie de 3V in\u00e9branlable pendant la majeure partie de leur cycle de d\u00e9charge, une caract\u00e9ristique cruciale pour l'alimentation des appareils \u00e9lectroniques qui ont besoin d'une tension d'alimentation stable pour fonctionner de mani\u00e8re optimale.","download_images":"","technical_datasheet":""},"_links":{"self":[{"href":"https:\/\/uniross.com\/fr\/wp-json\/wp\/v2\/product\/5913","targetHints":{"allow":["GET"]}}],"collection":[{"href":"https:\/\/uniross.com\/fr\/wp-json\/wp\/v2\/product"}],"about":[{"href":"https:\/\/uniross.com\/fr\/wp-json\/wp\/v2\/types\/product"}],"version-history":[{"count":0,"href":"https:\/\/uniross.com\/fr\/wp-json\/wp\/v2\/product\/5913\/revisions"}],"wp:featuredmedia":[{"embeddable":true,"href":"https:\/\/uniross.com\/fr\/wp-json\/wp\/v2\/media\/5921"}],"wp:attachment":[{"href":"https:\/\/uniross.com\/fr\/wp-json\/wp\/v2\/media?parent=5913"}],"wp:term":[{"taxonomy":"application","embeddable":true,"href":"https:\/\/uniross.com\/fr\/wp-json\/wp\/v2\/application?post=5913"},{"taxonomy":"product_brand","embeddable":true,"href":"https:\/\/uniross.com\/fr\/wp-json\/wp\/v2\/product_brand?post=5913"},{"taxonomy":"product_cat","embeddable":true,"href":"https:\/\/uniross.com\/fr\/wp-json\/wp\/v2\/product_cat?post=5913"},{"taxonomy":"product_tag","embeddable":true,"href":"https:\/\/uniross.com\/fr\/wp-json\/wp\/v2\/product_tag?post=5913"}],"curies":[{"name":"wp","href":"https:\/\/api.w.org\/{rel}","templated":true}]}}