{"id":5700,"date":"2025-04-29T14:13:14","date_gmt":"2025-04-29T06:13:14","guid":{"rendered":"https:\/\/uniross.com\/product\/torche-a-usage-intensif-uniross-15lm-2xaa\/"},"modified":"2025-04-29T14:13:14","modified_gmt":"2025-04-29T06:13:14","slug":"torche-a-usage-intensif-uniross-15lm-2xaa","status":"publish","type":"product","link":"https:\/\/uniross.com\/fr\/produit\/torche-a-usage-intensif-uniross-15lm-2xaa\/","title":{"rendered":"Torche \u00e0 usage intensif Uniross 15LM (2XAA)"},"content":{"rendered":"<p>Illuminez vos aventures avec la lampe torche Uniross ULFL015 ! Cette torche compacte mais puissante d\u00e9livre 15 lumens de lumi\u00e8re LED brillante avec une distance de faisceau allant jusqu&rsquo;\u00e0 20 m\u00e8tres, parfaite pour le camping, la randonn\u00e9e, les r\u00e9parations domestiques, la p\u00eache et les activit\u00e9s de loisir. Dot\u00e9e d&rsquo;un bo\u00eetier robuste en PVC caoutchout\u00e9, elle est r\u00e9sistante aux chocs et aux \u00e9claboussures (conforme \u00e0 la norme IP44) et con\u00e7ue pour r\u00e9sister aux \u00e9l\u00e9ments, avec une plage de temp\u00e9ratures de fonctionnement allant de -10 \u00b0C \u00e0 60 \u00b0C. Avec une autonomie de 20 heures et une dur\u00e9e de vie des LED allant jusqu&rsquo;\u00e0 50 000 heures, c&rsquo;est un compagnon fiable pour tous vos besoins en mati\u00e8re d&rsquo;\u00e9clairage portable. Les caract\u00e9ristiques comprennent une poign\u00e9e en caoutchouc durable, une dragonne r\u00e9glable et une LED incassable pour une durabilit\u00e9 accrue. Aliment\u00e9e par 2 piles AA (NiMH, Alcaline, Zinc Carbone &#8211; non incluses).     <\/p>\n","protected":false},"excerpt":{"rendered":"<p>Illuminez vos aventures avec la lampe torche Uniross ULFL015 ! Cette torche compacte mais puissante d\u00e9livre 15 lumens de lumi\u00e8re LED brillante avec une distance de faisceau allant jusqu&rsquo;\u00e0 20 m\u00e8tres, parfaite pour le camping, la randonn\u00e9e, les r\u00e9parations domestiques, la p\u00eache et les activit\u00e9s de loisir. Dot\u00e9e d&rsquo;un bo\u00eetier robuste en PVC caoutchout\u00e9, elle [&hellip;]<\/p>\n","protected":false},"featured_media":5714,"template":"","meta":[],"application":[],"product_brand":[],"product_cat":[1763,1280],"product_tag":[],"class_list":{"0":"post-5700","1":"product","2":"type-product","3":"status-publish","4":"has-post-thumbnail","6":"product_cat-eclairage-portable","7":"product_cat-lampe-de-poche","8":"pa_applications-camping","9":"pa_applications-randonnee-pedestre","10":"pa_applications-peche","11":"pa_applications-reparations-a-domicile","12":"pa_beam-distance-20m","13":"pa_beam-mode-focus","14":"pa_housing-material-pvc-caoutchoute","15":"pa_led-led-lumineuse-x-3","16":"pa_led-life-time-000-heures","17":"pa_led-life-time-jusqua-50","18":"pa_lighting-modes-active-desactive","19":"pa_lumens-15-lumens","20":"pa_max-dimensions-mm-1500-l-x-440-p-mm-100","21":"pa_powered-by-alcaline","22":"pa_powered-by-2-x-aa-nimh","23":"pa_powered-by-zinc-carbon-batteries-non-incluses","24":"pa_protection-rating-ip44-eclaboussures-deau","25":"pa_weight-approx-g-68g-piles-non-incluses","27":"first","28":"instock","29":"shipping-taxable","30":"purchasable","31":"product-type-simple"},"meta_box":{"image_advanced_d0knci360pw":[],"ak_name":[],"flashlight_show":"","light_mode":false,"featured_heading_1":"Construction en caoutchouc robuste","featured_heading_2":"Poign\u00e9e en caoutchouc durable","featured_heading_3":"A l'\u00e9preuve des \u00e9claboussures","featured_description_1":"Fabriqu\u00e9 en PVC caoutchout\u00e9 durable pour une long\u00e9vit\u00e9 accrue et une utilisation robuste.","featured_description_2":"Offre une prise s\u00fbre et confortable pour une manipulation optimale.","featured_description_3":"Con\u00e7ue pour r\u00e9sister aux \u00e9claboussures d'eau, elle est parfaite pour l'ext\u00e9rieur et les conditions humides.","download_images":"","technical_datasheet":""},"_links":{"self":[{"href":"https:\/\/uniross.com\/fr\/wp-json\/wp\/v2\/product\/5700","targetHints":{"allow":["GET"]}}],"collection":[{"href":"https:\/\/uniross.com\/fr\/wp-json\/wp\/v2\/product"}],"about":[{"href":"https:\/\/uniross.com\/fr\/wp-json\/wp\/v2\/types\/product"}],"version-history":[{"count":0,"href":"https:\/\/uniross.com\/fr\/wp-json\/wp\/v2\/product\/5700\/revisions"}],"wp:featuredmedia":[{"embeddable":true,"href":"https:\/\/uniross.com\/fr\/wp-json\/wp\/v2\/media\/5714"}],"wp:attachment":[{"href":"https:\/\/uniross.com\/fr\/wp-json\/wp\/v2\/media?parent=5700"}],"wp:term":[{"taxonomy":"application","embeddable":true,"href":"https:\/\/uniross.com\/fr\/wp-json\/wp\/v2\/application?post=5700"},{"taxonomy":"product_brand","embeddable":true,"href":"https:\/\/uniross.com\/fr\/wp-json\/wp\/v2\/product_brand?post=5700"},{"taxonomy":"product_cat","embeddable":true,"href":"https:\/\/uniross.com\/fr\/wp-json\/wp\/v2\/product_cat?post=5700"},{"taxonomy":"product_tag","embeddable":true,"href":"https:\/\/uniross.com\/fr\/wp-json\/wp\/v2\/product_tag?post=5700"}],"curies":[{"name":"wp","href":"https:\/\/api.w.org\/{rel}","templated":true}]}}