{"id":5699,"date":"2025-04-29T14:16:02","date_gmt":"2025-04-29T06:16:02","guid":{"rendered":"https:\/\/uniross.com\/product\/batterie-uniross-li-ion-18650-2200mah-pack-1\/"},"modified":"2025-04-29T14:16:02","modified_gmt":"2025-04-29T06:16:02","slug":"batterie-uniross-li-ion-18650-2200mah-pack-1","status":"publish","type":"product","link":"https:\/\/uniross.com\/fr\/produit\/batterie-uniross-li-ion-18650-2200mah-pack-1\/","title":{"rendered":"Batterie Uniross Li-ion 18650 2200mAh (Pack 1)"},"content":{"rendered":"<p>La batterie Uniross Li-ion 18650 2200mAh fournit une alimentation fiable pour une large gamme d&rsquo;appareils \u00e9lectroniques. Avec une tension nominale de 3,6 V et une capacit\u00e9 de 2200 mAh, elle garantit des performances constantes, ce qui la rend adapt\u00e9e aux lampes de poche, aux appareils photo et \u00e0 d&rsquo;autres appareils \u00e9lectroniques \u00e0 forte consommation d&rsquo;\u00e9nergie. Sa conception rechargeable favorise la durabilit\u00e9 et la rentabilit\u00e9, en fournissant une source d&rsquo;\u00e9nergie fiable pour vos appareils.  <\/p>\n","protected":false},"excerpt":{"rendered":"<p>La batterie Uniross Li-ion 18650 2200mAh fournit une alimentation fiable pour une large gamme d&rsquo;appareils \u00e9lectroniques. Avec une tension nominale de 3,6 V et une capacit\u00e9 de 2200 mAh, elle garantit des performances constantes, ce qui la rend adapt\u00e9e aux lampes de poche, aux appareils photo et \u00e0 d&rsquo;autres appareils \u00e9lectroniques \u00e0 forte consommation d&rsquo;\u00e9nergie. [&hellip;]<\/p>\n","protected":false},"featured_media":5706,"template":"","meta":[],"application":[],"product_brand":[],"product_cat":[1488,1760],"product_tag":[],"class_list":{"0":"post-5699","1":"product","2":"type-product","3":"status-publish","4":"has-post-thumbnail","6":"product_cat-batterie-rechargeable-lithum","7":"product_cat-piles-rechargeables","8":"pa_battery-type-1339","10":"first","11":"instock","12":"shipping-taxable","13":"purchasable","14":"product-type-simple"},"meta_box":{"image_advanced_d0knci360pw":[],"ak_name":[],"flashlight_show":"","light_mode":false,"featured_heading_1":"Densit\u00e9 \u00e9nerg\u00e9tique \u00e9lev\u00e9e","featured_heading_2":"Cycle de vie long","featured_heading_3":"Faible taux d'autod\u00e9charge","featured_description_1":"Ils peuvent stocker une quantit\u00e9 importante d'\u00e9nergie sous une forme compacte et l\u00e9g\u00e8re.","featured_description_2":"Dur\u00e9e de vie plus longue que les autres piles rechargeables, ce qui les rend adapt\u00e9es \u00e0 une utilisation \u00e0 long terme.","featured_description_3":"Ils conservent leur charge plus longtemps lorsqu'ils ne sont pas utilis\u00e9s, ce qui les rend appropri\u00e9s pour les applications o\u00f9 l'utilisation est peu fr\u00e9quente.","download_images":"","technical_datasheet":""},"_links":{"self":[{"href":"https:\/\/uniross.com\/fr\/wp-json\/wp\/v2\/product\/5699","targetHints":{"allow":["GET"]}}],"collection":[{"href":"https:\/\/uniross.com\/fr\/wp-json\/wp\/v2\/product"}],"about":[{"href":"https:\/\/uniross.com\/fr\/wp-json\/wp\/v2\/types\/product"}],"version-history":[{"count":0,"href":"https:\/\/uniross.com\/fr\/wp-json\/wp\/v2\/product\/5699\/revisions"}],"wp:featuredmedia":[{"embeddable":true,"href":"https:\/\/uniross.com\/fr\/wp-json\/wp\/v2\/media\/5706"}],"wp:attachment":[{"href":"https:\/\/uniross.com\/fr\/wp-json\/wp\/v2\/media?parent=5699"}],"wp:term":[{"taxonomy":"application","embeddable":true,"href":"https:\/\/uniross.com\/fr\/wp-json\/wp\/v2\/application?post=5699"},{"taxonomy":"product_brand","embeddable":true,"href":"https:\/\/uniross.com\/fr\/wp-json\/wp\/v2\/product_brand?post=5699"},{"taxonomy":"product_cat","embeddable":true,"href":"https:\/\/uniross.com\/fr\/wp-json\/wp\/v2\/product_cat?post=5699"},{"taxonomy":"product_tag","embeddable":true,"href":"https:\/\/uniross.com\/fr\/wp-json\/wp\/v2\/product_tag?post=5699"}],"curies":[{"name":"wp","href":"https:\/\/api.w.org\/{rel}","templated":true}]}}