{"id":5685,"date":"2025-04-29T14:13:05","date_gmt":"2025-04-29T06:13:05","guid":{"rendered":"https:\/\/uniross.com\/product\/uniross-hearing-aid-batteries-a675-blister-de-6\/"},"modified":"2025-04-29T14:13:05","modified_gmt":"2025-04-29T06:13:05","slug":"uniross-hearing-aid-batteries-a675-blister-de-6","status":"publish","type":"product","link":"https:\/\/uniross.com\/fr\/produit\/uniross-hearing-aid-batteries-a675-blister-de-6\/","title":{"rendered":"Uniross Hearing Aid Batteries A675 (Blister de 6)"},"content":{"rendered":"<p>Les piles Uniross UZA6A675 pour appareils auditifs offrent une densit\u00e9 d&rsquo;\u00e9nergie \u00e9lev\u00e9e, garantissant le fonctionnement optimal de vos appareils auditifs pendant de longues p\u00e9riodes. A base de zinc pour un meilleur rapport qualit\u00e9-prix, ces piles sont \u00e9galement respectueuses de l&rsquo;environnement, ne contenant aucun mat\u00e9riau toxique et \u00e9tant enti\u00e8rement recyclables. Id\u00e9ales pour ceux qui recherchent une alimentation fiable et durable pour leurs appareils auditifs, ces piles sont pr\u00e9sent\u00e9es dans un blister de 6.  <\/p>\n","protected":false},"excerpt":{"rendered":"<p>Les piles Uniross UZA6A675 pour appareils auditifs offrent une densit\u00e9 d&rsquo;\u00e9nergie \u00e9lev\u00e9e, garantissant le fonctionnement optimal de vos appareils auditifs pendant de longues p\u00e9riodes. A base de zinc pour un meilleur rapport qualit\u00e9-prix, ces piles sont \u00e9galement respectueuses de l&rsquo;environnement, ne contenant aucun mat\u00e9riau toxique et \u00e9tant enti\u00e8rement recyclables. Id\u00e9ales pour ceux qui recherchent une [&hellip;]<\/p>\n","protected":false},"featured_media":5698,"template":"","meta":[],"application":[],"product_brand":[],"product_cat":[1628,1758,1759,1761],"product_tag":[],"class_list":{"0":"post-5685","1":"product","2":"type-product","3":"status-publish","4":"has-post-thumbnail","6":"product_cat-aide-auditive","7":"product_cat-piles-primaires","8":"product_cat-a-usage-unique","9":"product_cat-piles-specialisees","10":"pa_battery-type-a675","11":"pa_shelf-life-5-ans","13":"first","14":"instock","15":"shipping-taxable","16":"purchasable","17":"product-type-simple"},"meta_box":{"image_advanced_d0knci360pw":[],"ak_name":[],"flashlight_show":"","light_mode":false,"featured_heading_1":"Rapport co\u00fbt-efficacit\u00e9","featured_heading_2":"Respect de l'environnement","featured_heading_3":"Densit\u00e9 \u00e9nerg\u00e9tique \u00e9lev\u00e9e","featured_description_1":"Le zinc est abondant et relativement peu co\u00fbteux par rapport \u00e0 d'autres m\u00e9taux utilis\u00e9s dans les piles, ce qui contribue \u00e0 la rentabilit\u00e9.","featured_description_2":"Ils ne contiennent pas de mat\u00e9riaux toxiques comme le plomb ou le cadmium. En outre, le zinc est recyclable ","featured_description_3":"Elles peuvent stocker une quantit\u00e9 importante d'\u00e9nergie par rapport \u00e0 leur taille et \u00e0 leur poids. Cela est d\u00fb au fait qu'elles utilisent l'oxyg\u00e8ne de l'air comme l'un des r\u00e9actifs, ce qui r\u00e9duit la n\u00e9cessit\u00e9 de stocker un agent oxydant dans la pile. ","download_images":"","technical_datasheet":""},"_links":{"self":[{"href":"https:\/\/uniross.com\/fr\/wp-json\/wp\/v2\/product\/5685","targetHints":{"allow":["GET"]}}],"collection":[{"href":"https:\/\/uniross.com\/fr\/wp-json\/wp\/v2\/product"}],"about":[{"href":"https:\/\/uniross.com\/fr\/wp-json\/wp\/v2\/types\/product"}],"version-history":[{"count":0,"href":"https:\/\/uniross.com\/fr\/wp-json\/wp\/v2\/product\/5685\/revisions"}],"wp:featuredmedia":[{"embeddable":true,"href":"https:\/\/uniross.com\/fr\/wp-json\/wp\/v2\/media\/5698"}],"wp:attachment":[{"href":"https:\/\/uniross.com\/fr\/wp-json\/wp\/v2\/media?parent=5685"}],"wp:term":[{"taxonomy":"application","embeddable":true,"href":"https:\/\/uniross.com\/fr\/wp-json\/wp\/v2\/application?post=5685"},{"taxonomy":"product_brand","embeddable":true,"href":"https:\/\/uniross.com\/fr\/wp-json\/wp\/v2\/product_brand?post=5685"},{"taxonomy":"product_cat","embeddable":true,"href":"https:\/\/uniross.com\/fr\/wp-json\/wp\/v2\/product_cat?post=5685"},{"taxonomy":"product_tag","embeddable":true,"href":"https:\/\/uniross.com\/fr\/wp-json\/wp\/v2\/product_tag?post=5685"}],"curies":[{"name":"wp","href":"https:\/\/api.w.org\/{rel}","templated":true}]}}