{"id":5679,"date":"2025-04-29T14:12:49","date_gmt":"2025-04-29T06:12:49","guid":{"rendered":"https:\/\/uniross.com\/product\/piles-uniross-pour-appareils-auditifs-a312-blister-de-6\/"},"modified":"2025-04-29T14:12:49","modified_gmt":"2025-04-29T06:12:49","slug":"piles-uniross-pour-appareils-auditifs-a312-blister-de-6","status":"publish","type":"product","link":"https:\/\/uniross.com\/fr\/produit\/piles-uniross-pour-appareils-auditifs-a312-blister-de-6\/","title":{"rendered":"Piles Uniross pour appareils auditifs A312 (Blister de 6)"},"content":{"rendered":"<p>Les piles Uniross UZA6A312 pour appareils auditifs sont con\u00e7ues pour offrir de hautes performances gr\u00e2ce \u00e0 leur importante capacit\u00e9 de stockage d&rsquo;\u00e9nergie. Utilisant le zinc pour son abondance et sa rentabilit\u00e9, ces piles constituent une option \u00e9conomique et \u00e9cologique pour vos besoins en mati\u00e8re d&rsquo;aide auditive. Elles sont exemptes de mat\u00e9riaux toxiques et sont enti\u00e8rement recyclables, ce qui en fait un choix responsable \u00e0 la fois pour votre audition et pour la plan\u00e8te.  <\/p>\n","protected":false},"excerpt":{"rendered":"<p>Les piles Uniross UZA6A312 pour appareils auditifs sont con\u00e7ues pour offrir de hautes performances gr\u00e2ce \u00e0 leur importante capacit\u00e9 de stockage d&rsquo;\u00e9nergie. Utilisant le zinc pour son abondance et sa rentabilit\u00e9, ces piles constituent une option \u00e9conomique et \u00e9cologique pour vos besoins en mati\u00e8re d&rsquo;aide auditive. Elles sont exemptes de mat\u00e9riaux toxiques et sont enti\u00e8rement [&hellip;]<\/p>\n","protected":false},"featured_media":5684,"template":"","meta":[],"application":[],"product_brand":[],"product_cat":[1628,1758,1759,1761],"product_tag":[],"class_list":{"0":"post-5679","1":"product","2":"type-product","3":"status-publish","4":"has-post-thumbnail","6":"product_cat-aide-auditive","7":"product_cat-piles-primaires","8":"product_cat-a-usage-unique","9":"product_cat-piles-specialisees","10":"pa_battery-type-a312","11":"pa_shelf-life-5-ans","13":"first","14":"instock","15":"shipping-taxable","16":"purchasable","17":"product-type-simple"},"meta_box":{"image_advanced_d0knci360pw":[],"ak_name":[],"flashlight_show":"","light_mode":false,"featured_heading_1":"Densit\u00e9 \u00e9nerg\u00e9tique \u00e9lev\u00e9e","featured_heading_2":"Rapport co\u00fbt-efficacit\u00e9","featured_heading_3":"Respect de l'environnement","featured_description_1":"Elles peuvent stocker une quantit\u00e9 importante d'\u00e9nergie par rapport \u00e0 leur taille et \u00e0 leur poids. Cela est d\u00fb au fait qu'elles utilisent l'oxyg\u00e8ne de l'air comme l'un des r\u00e9actifs, ce qui r\u00e9duit la n\u00e9cessit\u00e9 de stocker un agent oxydant dans la pile. ","featured_description_2":"Le zinc est abondant et relativement peu co\u00fbteux par rapport \u00e0 d'autres m\u00e9taux utilis\u00e9s dans les piles, ce qui contribue \u00e0 la rentabilit\u00e9.","featured_description_3":"Ils ne contiennent pas de mat\u00e9riaux toxiques comme le plomb ou le cadmium. En outre, le zinc est recyclable ","download_images":"","technical_datasheet":""},"_links":{"self":[{"href":"https:\/\/uniross.com\/fr\/wp-json\/wp\/v2\/product\/5679","targetHints":{"allow":["GET"]}}],"collection":[{"href":"https:\/\/uniross.com\/fr\/wp-json\/wp\/v2\/product"}],"about":[{"href":"https:\/\/uniross.com\/fr\/wp-json\/wp\/v2\/types\/product"}],"version-history":[{"count":0,"href":"https:\/\/uniross.com\/fr\/wp-json\/wp\/v2\/product\/5679\/revisions"}],"wp:featuredmedia":[{"embeddable":true,"href":"https:\/\/uniross.com\/fr\/wp-json\/wp\/v2\/media\/5684"}],"wp:attachment":[{"href":"https:\/\/uniross.com\/fr\/wp-json\/wp\/v2\/media?parent=5679"}],"wp:term":[{"taxonomy":"application","embeddable":true,"href":"https:\/\/uniross.com\/fr\/wp-json\/wp\/v2\/application?post=5679"},{"taxonomy":"product_brand","embeddable":true,"href":"https:\/\/uniross.com\/fr\/wp-json\/wp\/v2\/product_brand?post=5679"},{"taxonomy":"product_cat","embeddable":true,"href":"https:\/\/uniross.com\/fr\/wp-json\/wp\/v2\/product_cat?post=5679"},{"taxonomy":"product_tag","embeddable":true,"href":"https:\/\/uniross.com\/fr\/wp-json\/wp\/v2\/product_tag?post=5679"}],"curies":[{"name":"wp","href":"https:\/\/api.w.org\/{rel}","templated":true}]}}