{"id":5660,"date":"2025-04-29T14:12:40","date_gmt":"2025-04-29T06:12:40","guid":{"rendered":"https:\/\/uniross.com\/product\/piles-uniross-pour-appareils-auditifs-a13-blister-de-6\/"},"modified":"2025-04-29T14:12:40","modified_gmt":"2025-04-29T06:12:40","slug":"piles-uniross-pour-appareils-auditifs-a13-blister-de-6","status":"publish","type":"product","link":"https:\/\/uniross.com\/fr\/produit\/piles-uniross-pour-appareils-auditifs-a13-blister-de-6\/","title":{"rendered":"Piles Uniross pour appareils auditifs A13 (Blister de 6)"},"content":{"rendered":"<p>Les piles Uniross UZA6A13 pour appareils auditifs offrent une densit\u00e9 \u00e9nerg\u00e9tique \u00e9lev\u00e9e, permettant une performance prolong\u00e9e et efficace des appareils auditifs. Ces piles utilisent du zinc, ce qui les rend \u00e0 la fois rentables et respectueuses de l&rsquo;environnement. Exemptes de mat\u00e9riaux nocifs tels que le plomb et le cadmium, elles sont \u00e9galement recyclables, ce qui en fait un choix s\u00fbr et durable pour l&rsquo;alimentation de vos appareils auditifs.  <\/p>\n","protected":false},"excerpt":{"rendered":"<p>Les piles Uniross UZA6A13 pour appareils auditifs offrent une densit\u00e9 \u00e9nerg\u00e9tique \u00e9lev\u00e9e, permettant une performance prolong\u00e9e et efficace des appareils auditifs. Ces piles utilisent du zinc, ce qui les rend \u00e0 la fois rentables et respectueuses de l&rsquo;environnement. Exemptes de mat\u00e9riaux nocifs tels que le plomb et le cadmium, elles sont \u00e9galement recyclables, ce qui [&hellip;]<\/p>\n","protected":false},"featured_media":5665,"template":"","meta":[],"application":[],"product_brand":[],"product_cat":[1761,1628,1758,1759],"product_tag":[],"class_list":{"0":"post-5660","1":"product","2":"type-product","3":"status-publish","4":"has-post-thumbnail","6":"product_cat-piles-specialisees","7":"product_cat-aide-auditive","8":"product_cat-piles-primaires","9":"product_cat-a-usage-unique","10":"pa_battery-type-a13","11":"pa_shelf-life-5-ans","13":"first","14":"instock","15":"shipping-taxable","16":"purchasable","17":"product-type-simple"},"meta_box":{"image_advanced_d0knci360pw":[],"ak_name":[],"flashlight_show":"","light_mode":false,"featured_heading_1":"Densit\u00e9 \u00e9nerg\u00e9tique \u00e9lev\u00e9e","featured_heading_2":"Rapport co\u00fbt-efficacit\u00e9","featured_heading_3":"Respect de l'environnement","featured_description_1":"Elles peuvent stocker une quantit\u00e9 importante d'\u00e9nergie par rapport \u00e0 leur taille et \u00e0 leur poids. Cela est d\u00fb au fait qu'elles utilisent l'oxyg\u00e8ne de l'air comme l'un des r\u00e9actifs, ce qui r\u00e9duit la n\u00e9cessit\u00e9 de stocker un agent oxydant dans la pile. ","featured_description_2":"Le zinc est abondant et relativement peu co\u00fbteux par rapport \u00e0 d'autres m\u00e9taux utilis\u00e9s dans les piles, ce qui contribue \u00e0 la rentabilit\u00e9.","featured_description_3":"Ils ne contiennent pas de mat\u00e9riaux toxiques comme le plomb ou le cadmium. En outre, le zinc est recyclable ","download_images":"","technical_datasheet":""},"_links":{"self":[{"href":"https:\/\/uniross.com\/fr\/wp-json\/wp\/v2\/product\/5660","targetHints":{"allow":["GET"]}}],"collection":[{"href":"https:\/\/uniross.com\/fr\/wp-json\/wp\/v2\/product"}],"about":[{"href":"https:\/\/uniross.com\/fr\/wp-json\/wp\/v2\/types\/product"}],"version-history":[{"count":0,"href":"https:\/\/uniross.com\/fr\/wp-json\/wp\/v2\/product\/5660\/revisions"}],"wp:featuredmedia":[{"embeddable":true,"href":"https:\/\/uniross.com\/fr\/wp-json\/wp\/v2\/media\/5665"}],"wp:attachment":[{"href":"https:\/\/uniross.com\/fr\/wp-json\/wp\/v2\/media?parent=5660"}],"wp:term":[{"taxonomy":"application","embeddable":true,"href":"https:\/\/uniross.com\/fr\/wp-json\/wp\/v2\/application?post=5660"},{"taxonomy":"product_brand","embeddable":true,"href":"https:\/\/uniross.com\/fr\/wp-json\/wp\/v2\/product_brand?post=5660"},{"taxonomy":"product_cat","embeddable":true,"href":"https:\/\/uniross.com\/fr\/wp-json\/wp\/v2\/product_cat?post=5660"},{"taxonomy":"product_tag","embeddable":true,"href":"https:\/\/uniross.com\/fr\/wp-json\/wp\/v2\/product_tag?post=5660"}],"curies":[{"name":"wp","href":"https:\/\/api.w.org\/{rel}","templated":true}]}}