{"id":5516,"date":"2025-04-29T14:05:32","date_gmt":"2025-04-29T06:05:32","guid":{"rendered":"https:\/\/uniross.com\/product\/uniross-4r25-6v-heavy-duty-zinc-battery-pack-1\/"},"modified":"2025-04-29T14:05:32","modified_gmt":"2025-04-29T06:05:32","slug":"uniross-4r25-6v-heavy-duty-zinc-battery-pack-1","status":"publish","type":"product","link":"https:\/\/uniross.com\/fr\/produit\/uniross-4r25-6v-heavy-duty-zinc-battery-pack-1\/","title":{"rendered":"Uniross 4R25 6V Heavy Duty Zinc Battery (Pack 1)"},"content":{"rendered":"<p>Les piles au zinc Uniross Heavy Duty 4R25 6V, disponibles dans un emballage pratique de 1, offrent des performances fiables avec une puissance de sortie constante et in\u00e9branlable, garantissant une alimentation en \u00e9nergie fiable et stable pour diverses applications. S\u00fbres et respectueuses de l&rsquo;environnement, ces piles sont exemptes de substances nocives telles que le mercure et le cadmium. Con\u00e7ues pour les applications \u00e0 consommation faible \u00e0 moyenne, elles constituent le choix id\u00e9al pour alimenter les appareils de tous les jours avec efficacit\u00e9 et fiabilit\u00e9.  <\/p>\n<p>\u00c9galement connu sous le nom de : PP9, PJ996, ECOLI, 1209, 4R25X, 430101111, 430, 4AS2\/45, PRS9005<\/p>\n","protected":false},"excerpt":{"rendered":"<p>Les piles au zinc Uniross Heavy Duty 4R25 6V, disponibles dans un emballage pratique de 1, offrent des performances fiables avec une puissance de sortie constante et in\u00e9branlable, garantissant une alimentation en \u00e9nergie fiable et stable pour diverses applications. S\u00fbres et respectueuses de l&rsquo;environnement, ces piles sont exemptes de substances nocives telles que le mercure [&hellip;]<\/p>\n","protected":false},"featured_media":5535,"template":"","meta":[],"application":[],"product_brand":[],"product_cat":[1318,1758,1759],"product_tag":[],"class_list":{"0":"post-5516","1":"product","2":"type-product","3":"status-publish","4":"has-post-thumbnail","6":"product_cat-tres-heavy-duty","7":"product_cat-piles-primaires","8":"product_cat-a-usage-unique","9":"pa_battery-type-4r25","10":"pa_shelf-life-3-ans","12":"first","13":"instock","14":"shipping-taxable","15":"purchasable","16":"product-type-simple"},"meta_box":{"image_advanced_d0knci360pw":[],"ak_name":[],"flashlight_show":"","light_mode":false,"featured_heading_1":"Des performances fiables","featured_heading_2":"S\u00fbr","featured_heading_3":"Pour les appareils de tous les jours","featured_description_1":"Fournit une puissance de sortie constante et in\u00e9branlable, garantissant une alimentation en \u00e9nergie fiable et stable pour diverses applications.","featured_description_2":"Exempt de substances nocives telles que le mercure et le cadmium, il constitue une solution d'alimentation s\u00fbre et respectueuse de l'environnement.","featured_description_3":"Con\u00e7ue pour les applications \u00e0 faible et moyenne consommation, elle constitue le choix id\u00e9al pour alimenter les appareils de tous les jours avec efficacit\u00e9 et fiabilit\u00e9.","download_images":"","technical_datasheet":""},"_links":{"self":[{"href":"https:\/\/uniross.com\/fr\/wp-json\/wp\/v2\/product\/5516","targetHints":{"allow":["GET"]}}],"collection":[{"href":"https:\/\/uniross.com\/fr\/wp-json\/wp\/v2\/product"}],"about":[{"href":"https:\/\/uniross.com\/fr\/wp-json\/wp\/v2\/types\/product"}],"version-history":[{"count":0,"href":"https:\/\/uniross.com\/fr\/wp-json\/wp\/v2\/product\/5516\/revisions"}],"wp:featuredmedia":[{"embeddable":true,"href":"https:\/\/uniross.com\/fr\/wp-json\/wp\/v2\/media\/5535"}],"wp:attachment":[{"href":"https:\/\/uniross.com\/fr\/wp-json\/wp\/v2\/media?parent=5516"}],"wp:term":[{"taxonomy":"application","embeddable":true,"href":"https:\/\/uniross.com\/fr\/wp-json\/wp\/v2\/application?post=5516"},{"taxonomy":"product_brand","embeddable":true,"href":"https:\/\/uniross.com\/fr\/wp-json\/wp\/v2\/product_brand?post=5516"},{"taxonomy":"product_cat","embeddable":true,"href":"https:\/\/uniross.com\/fr\/wp-json\/wp\/v2\/product_cat?post=5516"},{"taxonomy":"product_tag","embeddable":true,"href":"https:\/\/uniross.com\/fr\/wp-json\/wp\/v2\/product_tag?post=5516"}],"curies":[{"name":"wp","href":"https:\/\/api.w.org\/{rel}","templated":true}]}}