{"id":5488,"date":"2025-04-29T14:04:57","date_gmt":"2025-04-29T06:04:57","guid":{"rendered":"https:\/\/uniross.com\/product\/lampe-de-travail-2-en-1-uniross-230lm\/"},"modified":"2025-04-29T14:04:57","modified_gmt":"2025-04-29T06:04:57","slug":"lampe-de-travail-2-en-1-uniross-230lm","status":"publish","type":"product","link":"https:\/\/uniross.com\/fr\/produit\/lampe-de-travail-2-en-1-uniross-230lm\/","title":{"rendered":"Lampe de travail 2 en 1 Uniross 230LM"},"content":{"rendered":"<p>La lampe de travail 2-en-1 ULFL017 d&rsquo;Uniross est votre solution d&rsquo;\u00e9clairage polyvalente ultime pour la maison, le travail et les voyages. Avec ses deux modes de fonctionnement &#8211; Spot (230 lumens) pour un \u00e9clairage cibl\u00e9 et Floodlight (60 lumens) pour un \u00e9clairage large &#8211; cette lampe de travail polyvalente s&rsquo;adapte \u00e0 tous vos besoins en mati\u00e8re d&rsquo;\u00e9clairage. Sa combinaison de LED COB 3W et de LED brillantes offre une puissante distance de faisceau allant jusqu&rsquo;\u00e0 50 m\u00e8tres pour le spot et 7 m\u00e8tres pour le projecteur. Avec une autonomie impressionnante de plus de 9 heures en mode projecteur et de 25 heures en mode projecteur, elle est con\u00e7ue pour fonctionner de mani\u00e8re fiable dans des conditions exigeantes.   <\/p>\n<p>Con\u00e7u dans un souci de praticit\u00e9, l&rsquo;ULFL017 comprend un crochet de suspension escamotable avec un mouvement de 360\u00b0, une base magn\u00e9tique solide pour une utilisation mains libres et une poign\u00e9e caoutchout\u00e9e durable et antid\u00e9rapante. Construit avec un bo\u00eetier en PVC r\u00e9sistant, il est \u00e9tanche aux \u00e9claboussures selon la norme IP44 et fonctionne parfaitement \u00e0 des temp\u00e9ratures allant de -10\u00b0C \u00e0 60\u00b0C, ce qui le rend parfait pour les environnements difficiles. <\/p>\n","protected":false},"excerpt":{"rendered":"<p>La lampe de travail 2-en-1 ULFL017 d&rsquo;Uniross est votre solution d&rsquo;\u00e9clairage polyvalente ultime pour la maison, le travail et les voyages. Avec ses deux modes de fonctionnement &#8211; Spot (230 lumens) pour un \u00e9clairage cibl\u00e9 et Floodlight (60 lumens) pour un \u00e9clairage large &#8211; cette lampe de travail polyvalente s&rsquo;adapte \u00e0 tous vos besoins en [&hellip;]<\/p>\n","protected":false},"featured_media":5496,"template":"","meta":[],"application":[],"product_brand":[],"product_cat":[1280,1763],"product_tag":[],"class_list":{"0":"post-5488","1":"product","2":"type-product","3":"status-publish","4":"has-post-thumbnail","6":"product_cat-lampe-de-poche","7":"product_cat-eclairage-portable","8":"pa_beam-distance-spot-50m-projecteur-7m","9":"pa_housing-material-pvc-caoutchouc-souple-noir-gris-noir-orange","10":"pa_led-cob-3w-led-lumineuse-x-1","11":"pa_led-life-time-jusqua-100","12":"pa_led-life-time-000-heures","13":"pa_lumens-projecteur-230lm-projecteur-60lm","14":"pa_max-dimensions-mm-1970-h-x-610-l-x-300-l-mm","15":"pa_powered-by-alcaline","16":"pa_powered-by-zinc-carbon-batteries-non-incluses","17":"pa_powered-by-3-x-aa-nimh","18":"pa_protection-rating-ip44-eclaboussures-deau","19":"pa_weight-approx-g-103g-piles-non-incluses","21":"first","22":"instock","23":"shipping-taxable","24":"purchasable","25":"product-type-simple"},"meta_box":{"image_advanced_d0knci360pw":[],"ak_name":[],"flashlight_show":"","light_mode":false,"featured_heading_1":"Double fonction","featured_heading_2":"Aimant puissant","featured_heading_3":"Crochet de suspension rabattable \u00e0 360","featured_description_1":"Projecteur et projecteur - Passez en toute transparence d'un \u00e9clairage de grande surface \u00e0 un \u00e9clairage cibl\u00e9 pour une utilisation polyvalente.","featured_description_2":"Permet une fixation stable et mains libres sur les surfaces m\u00e9talliques pour plus de commodit\u00e9.","featured_description_3":"Elle offre un mouvement complet \u00e0 360\u00b0 pour un \u00e9clairage mains libres dans n'importe quelle direction.","download_images":"","technical_datasheet":""},"_links":{"self":[{"href":"https:\/\/uniross.com\/fr\/wp-json\/wp\/v2\/product\/5488","targetHints":{"allow":["GET"]}}],"collection":[{"href":"https:\/\/uniross.com\/fr\/wp-json\/wp\/v2\/product"}],"about":[{"href":"https:\/\/uniross.com\/fr\/wp-json\/wp\/v2\/types\/product"}],"version-history":[{"count":0,"href":"https:\/\/uniross.com\/fr\/wp-json\/wp\/v2\/product\/5488\/revisions"}],"wp:featuredmedia":[{"embeddable":true,"href":"https:\/\/uniross.com\/fr\/wp-json\/wp\/v2\/media\/5496"}],"wp:attachment":[{"href":"https:\/\/uniross.com\/fr\/wp-json\/wp\/v2\/media?parent=5488"}],"wp:term":[{"taxonomy":"application","embeddable":true,"href":"https:\/\/uniross.com\/fr\/wp-json\/wp\/v2\/application?post=5488"},{"taxonomy":"product_brand","embeddable":true,"href":"https:\/\/uniross.com\/fr\/wp-json\/wp\/v2\/product_brand?post=5488"},{"taxonomy":"product_cat","embeddable":true,"href":"https:\/\/uniross.com\/fr\/wp-json\/wp\/v2\/product_cat?post=5488"},{"taxonomy":"product_tag","embeddable":true,"href":"https:\/\/uniross.com\/fr\/wp-json\/wp\/v2\/product_tag?post=5488"}],"curies":[{"name":"wp","href":"https:\/\/api.w.org\/{rel}","templated":true}]}}