{"id":5487,"date":"2025-04-29T14:06:10","date_gmt":"2025-04-29T06:06:10","guid":{"rendered":"https:\/\/uniross.com\/product\/lampe-de-poche-uniross-9-led-en-aluminium-30lm\/"},"modified":"2025-04-29T14:06:10","modified_gmt":"2025-04-29T06:06:10","slug":"lampe-de-poche-uniross-9-led-en-aluminium-30lm","status":"publish","type":"product","link":"https:\/\/uniross.com\/fr\/produit\/lampe-de-poche-uniross-9-led-en-aluminium-30lm\/","title":{"rendered":"Lampe de poche Uniross 9 LED en aluminium &#8211; 30LM"},"content":{"rendered":"<p>La lampe de poche Uniross 9 LED en aluminium fournit un \u00e9clairage lumineux et fiable avec 30 lumens. Sa construction durable en aluminium et sa conception antichoc la rendent parfaite pour un usage quotidien et les activit\u00e9s de plein air. \u00c9quip\u00e9e de 9 LED super lumineuses et aliment\u00e9e par 3 piles AAA (incluses), elle offre une autonomie de 4,5 heures. Cette lampe de poche compacte est dot\u00e9e d&rsquo;un interrupteur \u00e0 capuchon pour une mise en marche et un arr\u00eat faciles et d&rsquo;une poign\u00e9e pour un transport pratique.   <\/p>\n","protected":false},"excerpt":{"rendered":"<p>La lampe de poche Uniross 9 LED en aluminium fournit un \u00e9clairage lumineux et fiable avec 30 lumens. Sa construction durable en aluminium et sa conception antichoc la rendent parfaite pour un usage quotidien et les activit\u00e9s de plein air. \u00c9quip\u00e9e de 9 LED super lumineuses et aliment\u00e9e par 3 piles AAA (incluses), elle offre [&hellip;]<\/p>\n","protected":false},"featured_media":5489,"template":"","meta":[],"application":[],"product_brand":[],"product_cat":[1280,1763],"product_tag":[],"class_list":{"0":"post-5487","1":"product","2":"type-product","3":"status-publish","4":"has-post-thumbnail","6":"product_cat-lampe-de-poche","7":"product_cat-eclairage-portable","8":"pa_housing-material-aluminium","9":"pa_included-accessories-poignee","10":"pa_led-life-time-1275","11":"pa_led-life-time-000-heures","12":"pa_lumens-30-lumens","13":"pa_runtime-45-heures","15":"first","16":"instock","17":"shipping-taxable","18":"purchasable","19":"product-type-simple"},"meta_box":{"image_advanced_d0knci360pw":[],"ak_name":[],"flashlight_show":"","light_mode":false,"featured_heading_1":"Compact et portable","featured_heading_2":"Construction durable","featured_heading_3":"Fonctionnement simple","featured_description_1":"Suffisamment petit pour s'attacher \u00e0 un porte-cl\u00e9s, il est parfait pour une utilisation nomade.","featured_description_2":"Fabriqu\u00e9 en aluminium et r\u00e9sistant aux chocs pour des performances fiables.","featured_description_3":"Interrupteur \u00e0 bouton-poussoir sur le capuchon de la queue pour une utilisation rapide et facile.","download_images":"","technical_datasheet":""},"_links":{"self":[{"href":"https:\/\/uniross.com\/fr\/wp-json\/wp\/v2\/product\/5487","targetHints":{"allow":["GET"]}}],"collection":[{"href":"https:\/\/uniross.com\/fr\/wp-json\/wp\/v2\/product"}],"about":[{"href":"https:\/\/uniross.com\/fr\/wp-json\/wp\/v2\/types\/product"}],"version-history":[{"count":0,"href":"https:\/\/uniross.com\/fr\/wp-json\/wp\/v2\/product\/5487\/revisions"}],"wp:featuredmedia":[{"embeddable":true,"href":"https:\/\/uniross.com\/fr\/wp-json\/wp\/v2\/media\/5489"}],"wp:attachment":[{"href":"https:\/\/uniross.com\/fr\/wp-json\/wp\/v2\/media?parent=5487"}],"wp:term":[{"taxonomy":"application","embeddable":true,"href":"https:\/\/uniross.com\/fr\/wp-json\/wp\/v2\/application?post=5487"},{"taxonomy":"product_brand","embeddable":true,"href":"https:\/\/uniross.com\/fr\/wp-json\/wp\/v2\/product_brand?post=5487"},{"taxonomy":"product_cat","embeddable":true,"href":"https:\/\/uniross.com\/fr\/wp-json\/wp\/v2\/product_cat?post=5487"},{"taxonomy":"product_tag","embeddable":true,"href":"https:\/\/uniross.com\/fr\/wp-json\/wp\/v2\/product_tag?post=5487"}],"curies":[{"name":"wp","href":"https:\/\/api.w.org\/{rel}","templated":true}]}}