{"id":5472,"date":"2025-04-29T14:06:00","date_gmt":"2025-04-29T06:06:00","guid":{"rendered":"https:\/\/uniross.com\/product\/uniross-8-bay-battery-charger-for-aa-aaa-batteries-chargement-simultane\/"},"modified":"2025-04-29T14:06:00","modified_gmt":"2025-04-29T06:06:00","slug":"uniross-8-bay-battery-charger-for-aa-aaa-batteries-chargement-simultane","status":"publish","type":"product","link":"https:\/\/uniross.com\/fr\/produit\/uniross-8-bay-battery-charger-for-aa-aaa-batteries-chargement-simultane\/","title":{"rendered":"Uniross 8 Bay Battery Charger for AA &amp; AAA Batteries &#8211; Chargement simultan\u00e9"},"content":{"rendered":"<p>Chargez plusieurs batteries simultan\u00e9ment avec le chargeur Uniross 8 Bay. Ce chargeur polyvalent prend en charge diff\u00e9rents types de batteries et est \u00e9quip\u00e9 de ports Micro USB\/USB-C pour faciliter la compatibilit\u00e9. Construit avec des protections de s\u00e9curit\u00e9 compl\u00e8tes pour \u00e9viter la surchauffe et la surcharge, il est emball\u00e9 dans des mat\u00e9riaux 100% sans plastique, soulignant notre engagement \u00e0 r\u00e9duire l&rsquo;impact environnemental.  <\/p>\n","protected":false},"excerpt":{"rendered":"<p>Chargez plusieurs batteries simultan\u00e9ment avec le chargeur Uniross 8 Bay. Ce chargeur polyvalent prend en charge diff\u00e9rents types de batteries et est \u00e9quip\u00e9 de ports Micro USB\/USB-C pour faciliter la compatibilit\u00e9. Construit avec des protections de s\u00e9curit\u00e9 compl\u00e8tes pour \u00e9viter la surchauffe et la surcharge, il est emball\u00e9 dans des mat\u00e9riaux 100% sans plastique, soulignant [&hellip;]<\/p>\n","protected":false},"featured_media":5479,"template":"","meta":[],"application":[],"product_brand":[],"product_cat":[1391,1764],"product_tag":[],"class_list":{"0":"post-5472","1":"product","2":"type-product","3":"status-publish","4":"has-post-thumbnail","6":"product_cat-chargeurs-de-batterie","7":"product_cat-appareils-de-charge","8":"pa_battery-type-aa-aaa","9":"pa_charger-type-ucu006-pas-de-piles","10":"pa_charging-time-aa-3-6h-aaa-3-5h","11":"pa_simultaneous-charge-1-8-pieces","13":"first","14":"instock","15":"shipping-taxable","16":"purchasable","17":"product-type-simple"},"meta_box":{"image_advanced_d0knci360pw":[],"ak_name":[],"flashlight_show":"","light_mode":false,"featured_heading_1":"Chargement polyvalent","featured_heading_2":"S\u00e9curit\u00e9 totale","featured_heading_3":"Emballage \u00e9cologique","featured_description_1":"Chargez sans effort n'importe o\u00f9 gr\u00e2ce aux ports Micro USB\/USB-C pour une compatibilit\u00e9 universelle.","featured_description_2":"B\u00e9n\u00e9ficiez de protections de s\u00e9curit\u00e9 compl\u00e8tes, garantissant une charge sans souci, sans risque de surcharge ou de surchauffe.","featured_description_3":"Notre engagement en faveur du d\u00e9veloppement durable se traduit par des emballages 100 % sans plastique, ce qui permet de r\u00e9duire l'impact sur l'environnement et de promouvoir un avenir plus vert.","download_images":"","technical_datasheet":""},"_links":{"self":[{"href":"https:\/\/uniross.com\/fr\/wp-json\/wp\/v2\/product\/5472","targetHints":{"allow":["GET"]}}],"collection":[{"href":"https:\/\/uniross.com\/fr\/wp-json\/wp\/v2\/product"}],"about":[{"href":"https:\/\/uniross.com\/fr\/wp-json\/wp\/v2\/types\/product"}],"version-history":[{"count":0,"href":"https:\/\/uniross.com\/fr\/wp-json\/wp\/v2\/product\/5472\/revisions"}],"wp:featuredmedia":[{"embeddable":true,"href":"https:\/\/uniross.com\/fr\/wp-json\/wp\/v2\/media\/5479"}],"wp:attachment":[{"href":"https:\/\/uniross.com\/fr\/wp-json\/wp\/v2\/media?parent=5472"}],"wp:term":[{"taxonomy":"application","embeddable":true,"href":"https:\/\/uniross.com\/fr\/wp-json\/wp\/v2\/application?post=5472"},{"taxonomy":"product_brand","embeddable":true,"href":"https:\/\/uniross.com\/fr\/wp-json\/wp\/v2\/product_brand?post=5472"},{"taxonomy":"product_cat","embeddable":true,"href":"https:\/\/uniross.com\/fr\/wp-json\/wp\/v2\/product_cat?post=5472"},{"taxonomy":"product_tag","embeddable":true,"href":"https:\/\/uniross.com\/fr\/wp-json\/wp\/v2\/product_tag?post=5472"}],"curies":[{"name":"wp","href":"https:\/\/api.w.org\/{rel}","templated":true}]}}