{"id":5368,"date":"2026-02-05T13:22:22","date_gmt":"2026-02-05T05:22:22","guid":{"rendered":"https:\/\/uniross.com\/product\/lampe-frontale-rechargeable-uniross-350-lumens-faisceau-grand-angle-230-et-detecteur-de-mouvement\/"},"modified":"2026-02-05T13:22:22","modified_gmt":"2026-02-05T05:22:22","slug":"lampe-frontale-rechargeable-uniross-350-lumens-faisceau-grand-angle-230-et-detecteur-de-mouvement","status":"publish","type":"product","link":"https:\/\/uniross.com\/fr\/produit\/lampe-frontale-rechargeable-uniross-350-lumens-faisceau-grand-angle-230-et-detecteur-de-mouvement\/","title":{"rendered":"Lampe frontale rechargeable Uniross &#8211; 350 lumens, faisceau grand angle 230\u00b0 et d\u00e9tecteur de mouvement"},"content":{"rendered":"<p><span data-path-to-node=\"4,0\">Am\u00e9liorez votre \u00e9quipement avec la <b data-path-to-node=\"4,0\" data-index-in-node=\"27\">lampe frontale rechargeable Uniross<\/b>, une solution d&rsquo;\u00e9clairage polyvalente et l\u00e9g\u00e8re con\u00e7ue pour une visibilit\u00e9 totale en mains libres. <\/span><span data-path-to-node=\"4,2\"><span class=\"citation-53\">Cette lampe frontale est \u00e9quip\u00e9e d&rsquo;une <\/span><b data-path-to-node=\"4,2\" data-index-in-node=\"32\"><span class=\"citation-53\">LED COB 230\u00b0 ultra grand angle<\/span><\/b><span class=\"citation-53\"> qui illumine tout votre champ de vision avec <\/span><b data-path-to-node=\"4,2\" data-index-in-node=\"105\"><span class=\"citation-53\">350 lumens<\/span><\/b><span class=\"citation-53\"> de lumi\u00e8re blanche brillante, \u00e9liminant ainsi le besoin de bouger constamment la t\u00eate pour voir votre environnement.<\/span><\/span><span data-path-to-node=\"4,4\">.<\/span><\/p>\n<p>&nbsp;<\/p>\n<p><span data-path-to-node=\"5,1\"><span class=\"citation-52\">Aliment\u00e9 par une batterie au lithium <\/span><b data-path-to-node=\"5,1\" data-index-in-node=\"22\"><span class=\"citation-52\">1200mAh Lithium int\u00e9gr\u00e9e<\/span><\/b><span class=\"citation-52\">Ce phare offre la commodit\u00e9 d&rsquo;un <\/span><b data-path-to-node=\"5,1\" data-index-in-node=\"88\"><span class=\"citation-52\">charge rapide USB-C<\/span><\/b><span class=\"citation-52\"> (c\u00e2ble inclus) et offre jusqu&rsquo;\u00e0 6 heures d&rsquo;autonomie.<\/span><\/span><span data-path-to-node=\"5,3\">. <\/span><span data-path-to-node=\"5,5\"><span class=\"citation-51\">Il est con\u00e7u avec <\/span><b data-path-to-node=\"5,5\" data-index-in-node=\"22\"><span class=\"citation-51\">5 modes de fonctionnement polyvalents<\/span><\/b><span class=\"citation-51\">. y compris un faisceau LED lat\u00e9ral focalis\u00e9 pour une visibilit\u00e9 \u00e0 longue distance (jusqu&rsquo;\u00e0 70 m) et un mode COB Red Light pour pr\u00e9server la vision nocturne ou la signalisation.<\/span><\/span> <span data-path-to-node=\"5,7\">. <\/span><span data-path-to-node=\"5,9\"><span class=\"citation-50\">Pesant seulement <\/span><b data-path-to-node=\"5,9\" data-index-in-node=\"14\"><span class=\"citation-50\">65g<\/span><\/b><span class=\"citation-50\"> avec un bo\u00eetier ABS durable et incassable, elle est conforme \u00e0 la norme IP44 contre la poussi\u00e8re et les \u00e9claboussures d&rsquo;eau, ce qui en fait le compagnon id\u00e9al pour le camping, la p\u00eache, la course \u00e0 pied ou les r\u00e9parations domestiques.<\/span><\/span><span data-path-to-node=\"5,11\">.<\/span><\/p>\n","protected":false},"excerpt":{"rendered":"<p>Am\u00e9liorez votre \u00e9quipement avec la lampe frontale rechargeable Uniross, une solution d&rsquo;\u00e9clairage polyvalente et l\u00e9g\u00e8re con\u00e7ue pour une visibilit\u00e9 totale en mains libres. Cette lampe frontale est \u00e9quip\u00e9e d&rsquo;une LED COB 230\u00b0 ultra grand angle qui illumine tout votre champ de vision avec 350 lumens de lumi\u00e8re blanche brillante, \u00e9liminant ainsi le besoin de bouger [&hellip;]<\/p>\n","protected":false},"featured_media":5369,"template":"","meta":[],"application":[],"product_brand":[],"product_cat":[1312,1763],"product_tag":[1213],"class_list":{"0":"post-5368","1":"product","2":"type-product","3":"status-publish","4":"has-post-thumbnail","6":"product_cat-lampe-frontale","7":"product_cat-eclairage-portable","8":"product_tag-nouveaux-lancements","9":"pa_lumens-350lm","10":"pa_weather-resisting-rating-ip44-poussiere-protection-contre-les-eclaboussures","12":"first","13":"instock","14":"featured","15":"shipping-taxable","16":"purchasable","17":"product-type-simple"},"meta_box":{"image_advanced_d0knci360pw":[],"ak_name":[],"flashlight_show":"","light_mode":false,"featured_heading_1":"Eclairage grand angle 230","featured_heading_2":"Polyvalence des deux faisceaux (5 modes)","featured_heading_3":"Rechargeable par USB-C et l\u00e9ger","featured_description_1":"La puissante bande COB de 5 W d\u00e9livre 350 lumens dans un arc de 230 degr\u00e9s, garantissant l'absence d'angles morts dans votre vision p\u00e9riph\u00e9rique imm\u00e9diate.","featured_description_2":"Basculez facilement entre le projecteur large, un projecteur lat\u00e9ral focalis\u00e9 pour la distance (70m), et les modes sp\u00e9cialis\u00e9s Red Light (solide\/flash) pour les urgences ou les utilisations nocturnes.","featured_description_3":"Dot\u00e9 d'une batterie haute capacit\u00e9 de 1200mAh rechargeable via USB-C et d'un design ultra-l\u00e9ger de 65g avec un bandeau r\u00e9glable pour un confort maximal lors d'un port prolong\u00e9.","download_images":"","technical_datasheet":""},"_links":{"self":[{"href":"https:\/\/uniross.com\/fr\/wp-json\/wp\/v2\/product\/5368","targetHints":{"allow":["GET"]}}],"collection":[{"href":"https:\/\/uniross.com\/fr\/wp-json\/wp\/v2\/product"}],"about":[{"href":"https:\/\/uniross.com\/fr\/wp-json\/wp\/v2\/types\/product"}],"version-history":[{"count":0,"href":"https:\/\/uniross.com\/fr\/wp-json\/wp\/v2\/product\/5368\/revisions"}],"wp:featuredmedia":[{"embeddable":true,"href":"https:\/\/uniross.com\/fr\/wp-json\/wp\/v2\/media\/5369"}],"wp:attachment":[{"href":"https:\/\/uniross.com\/fr\/wp-json\/wp\/v2\/media?parent=5368"}],"wp:term":[{"taxonomy":"application","embeddable":true,"href":"https:\/\/uniross.com\/fr\/wp-json\/wp\/v2\/application?post=5368"},{"taxonomy":"product_brand","embeddable":true,"href":"https:\/\/uniross.com\/fr\/wp-json\/wp\/v2\/product_brand?post=5368"},{"taxonomy":"product_cat","embeddable":true,"href":"https:\/\/uniross.com\/fr\/wp-json\/wp\/v2\/product_cat?post=5368"},{"taxonomy":"product_tag","embeddable":true,"href":"https:\/\/uniross.com\/fr\/wp-json\/wp\/v2\/product_tag?post=5368"}],"curies":[{"name":"wp","href":"https:\/\/api.w.org\/{rel}","templated":true}]}}