{"id":5363,"date":"2026-02-05T11:07:10","date_gmt":"2026-02-05T03:07:10","guid":{"rendered":"https:\/\/uniross.com\/product\/torche-de-poche-cob-uniross-100lm\/"},"modified":"2026-02-05T11:07:10","modified_gmt":"2026-02-05T03:07:10","slug":"torche-de-poche-cob-uniross-100lm","status":"publish","type":"product","link":"https:\/\/uniross.com\/fr\/produit\/torche-de-poche-cob-uniross-100lm\/","title":{"rendered":"Torche de poche COB Uniross &#8211; 100lm"},"content":{"rendered":"<p><span data-path-to-node=\"4,1\"><span class=\"citation-31\">Illuminez votre espace de travail ou votre chemin avec la <\/span><b data-path-to-node=\"4,1\" data-index-in-node=\"43\"><span class=\"citation-31\">Torche de poche durable Uniross<\/span><\/b><span class=\"citation-31\">Une solution d&rsquo;\u00e9clairage compacte con\u00e7ue pour la fiabilit\u00e9 et la performance<\/span><\/span><span data-path-to-node=\"4,3\">. <\/span><span data-path-to-node=\"4,5\"><span class=\"citation-30\">Con\u00e7ue avec une technologie LED <\/span><b data-path-to-node=\"4,5\" data-index-in-node=\"25\"><span class=\"citation-30\">technologie LED COB<\/span><\/b><span class=\"citation-30\">cette torche d\u00e9livre une puissance de <\/span><b data-path-to-node=\"4,5\" data-index-in-node=\"76\"><span class=\"citation-30\">100 lumens<\/span><\/b><span class=\"citation-30\"> avec un faisceau focalis\u00e9 capable d&rsquo;atteindre jusqu&rsquo;\u00e0 <\/span><b data-path-to-node=\"4,5\" data-index-in-node=\"139\"><span class=\"citation-30\">20 m\u00e8tres<\/span><\/b><\/span><span data-path-to-node=\"4,7\">.<\/span><\/p>\n<p>&nbsp;<\/p>\n<p><span data-path-to-node=\"5,1\"><span class=\"citation-29\">Con\u00e7ue pour r\u00e9sister \u00e0 l&rsquo;usure quotidienne, la torche est dot\u00e9e d&rsquo;un bo\u00eetier robuste en ABS antichoc. <\/span><b data-path-to-node=\"5,1\" data-index-in-node=\"68\"><span class=\"citation-29\">bo\u00eetier ABS robuste et r\u00e9sistant aux chocs<\/span><\/b><span class=\"citation-29\"> r\u00e9sistant aux chocs, test\u00e9 en chute libre jusqu&rsquo;\u00e0 1 m\u00e8tre et class\u00e9 <\/span><b data-path-to-node=\"5,1\" data-index-in-node=\"135\"><span class=\"citation-29\">IP44<\/span><\/b><span class=\"citation-29\"> pour une protection contre les \u00e9claboussures d&rsquo;eau<\/span><\/span><span data-path-to-node=\"5,3\">. <\/span><span data-path-to-node=\"5,5\"><span class=\"citation-28\">Son design ergonomique gris fonc\u00e9 assure une prise en main confortable, tandis que sa l\u00e9g\u00e8ret\u00e9 et son format de poche (environ 97 mm de long) en font un compl\u00e9ment indispensable \u00e0 tout sac de voyage, bo\u00eete \u00e0 outils ou trousse d&rsquo;urgence.<\/span><\/span><span data-path-to-node=\"5,7\">. <\/span><span data-path-to-node=\"5,9\"><span class=\"citation-27\">Aliment\u00e9e par <\/span><b data-path-to-node=\"5,9\" data-index-in-node=\"11\"><span class=\"citation-27\">3 piles AAA (incluses)<\/span><\/b><span class=\"citation-27\">Cette torche est pr\u00eate \u00e0 l&#8217;emploi d\u00e8s sa sortie de l&#8217;emballage, avec une autonomie de 2 \u00e0 3 heures.<\/span><\/span><span data-path-to-node=\"5,11\">.<\/span><\/p>\n","protected":false},"excerpt":{"rendered":"<p>Illuminez votre espace de travail ou votre chemin avec la Torche de poche durable UnirossUne solution d&rsquo;\u00e9clairage compacte con\u00e7ue pour la fiabilit\u00e9 et la performance. Con\u00e7ue avec une technologie LED technologie LED COBcette torche d\u00e9livre une puissance de 100 lumens avec un faisceau focalis\u00e9 capable d&rsquo;atteindre jusqu&rsquo;\u00e0 20 m\u00e8tres. &nbsp; Con\u00e7ue pour r\u00e9sister \u00e0 l&rsquo;usure [&hellip;]<\/p>\n","protected":false},"featured_media":5364,"template":"","meta":[],"application":[],"product_brand":[],"product_cat":[1763,1280],"product_tag":[1213],"class_list":{"0":"post-5363","1":"product","2":"type-product","3":"status-publish","4":"has-post-thumbnail","6":"product_cat-eclairage-portable","7":"product_cat-lampe-de-poche","8":"product_tag-nouveaux-lancements","9":"pa_beam-distance-20m","10":"pa_beam-mode-focus","11":"pa_housing-material-abs","12":"pa_led-life-time-jusqua-100-000-heures","13":"pa_max-dimensions-mm-976-l-x-308-p-mm-050","14":"pa_powered-by-3-x-aaa-heavy-duty","15":"pa_protection-rating-ip44-eclaboussures-deau","16":"pa_weight-approx-g-347-g-piles-non-incluses","18":"first","19":"instock","20":"shipping-taxable","21":"purchasable","22":"product-type-simple"},"meta_box":{"image_advanced_d0knci360pw":[],"ak_name":[],"flashlight_show":"","light_mode":false,"featured_heading_1":"Technologie COB haute performance","featured_heading_2":"Robuste et r\u00e9sistant \u00e0 l'eau","featured_heading_3":"Compact et pr\u00eat \u00e0 l'emploi","featured_description_1":"\u00c9quip\u00e9e d'une LED COB pour produire un faisceau lumineux de 100 lumens avec une dur\u00e9e de vie allant jusqu'\u00e0 100 000 heures.","featured_description_2":"Con\u00e7u avec un mat\u00e9riau ABS durable pour r\u00e9sister \u00e0 des chutes d'un m\u00e8tre et class\u00e9 IP44 pour r\u00e9sister aux \u00e9claboussures d'eau, il est parfait pour les environnements difficiles.","featured_description_3":"Pesant seulement 34,7 g et mesurant moins de 10 cm, cette torche de poche est livr\u00e9e avec 3 piles AAA pour vous permettre d'\u00eatre pr\u00eat imm\u00e9diatement.","download_images":"","technical_datasheet":""},"_links":{"self":[{"href":"https:\/\/uniross.com\/fr\/wp-json\/wp\/v2\/product\/5363","targetHints":{"allow":["GET"]}}],"collection":[{"href":"https:\/\/uniross.com\/fr\/wp-json\/wp\/v2\/product"}],"about":[{"href":"https:\/\/uniross.com\/fr\/wp-json\/wp\/v2\/types\/product"}],"version-history":[{"count":0,"href":"https:\/\/uniross.com\/fr\/wp-json\/wp\/v2\/product\/5363\/revisions"}],"wp:featuredmedia":[{"embeddable":true,"href":"https:\/\/uniross.com\/fr\/wp-json\/wp\/v2\/media\/5364"}],"wp:attachment":[{"href":"https:\/\/uniross.com\/fr\/wp-json\/wp\/v2\/media?parent=5363"}],"wp:term":[{"taxonomy":"application","embeddable":true,"href":"https:\/\/uniross.com\/fr\/wp-json\/wp\/v2\/application?post=5363"},{"taxonomy":"product_brand","embeddable":true,"href":"https:\/\/uniross.com\/fr\/wp-json\/wp\/v2\/product_brand?post=5363"},{"taxonomy":"product_cat","embeddable":true,"href":"https:\/\/uniross.com\/fr\/wp-json\/wp\/v2\/product_cat?post=5363"},{"taxonomy":"product_tag","embeddable":true,"href":"https:\/\/uniross.com\/fr\/wp-json\/wp\/v2\/product_tag?post=5363"}],"curies":[{"name":"wp","href":"https:\/\/api.w.org\/{rel}","templated":true}]}}