{"id":5340,"date":"2026-02-02T16:07:47","date_gmt":"2026-02-02T08:07:47","guid":{"rendered":"https:\/\/uniross.com\/product\/uniross-gx50-rechargeable-edc-light-150lm\/"},"modified":"2026-02-02T16:07:47","modified_gmt":"2026-02-02T08:07:47","slug":"uniross-gx50-rechargeable-edc-light-150lm","status":"publish","type":"product","link":"https:\/\/uniross.com\/fr\/produit\/uniross-gx50-rechargeable-edc-light-150lm\/","title":{"rendered":"Uniross GX50 Rechargeable EDC Light -150lm"},"content":{"rendered":"<p>Illuminez votre espace de travail avec la <strong>torche professionnelle GX50<\/strong>, une lampe EDC (Everyday Carry) robuste et polyvalente con\u00e7ue pour une utilisation professionnelle quotidienne. Con\u00e7ue en polycarbonate durable, cette torche de poche d\u00e9livre <strong>150 lumens<\/strong> de lumi\u00e8re blanche brillante, assurant une visibilit\u00e9 fiable pour naviguer dans les espaces sombres ou effectuer des t\u00e2ches rapides. <\/p>\n<p>La GX50 est con\u00e7ue pour une polyvalence totale. Elle est dot\u00e9e d&rsquo;une <strong>t\u00eate LED r\u00e9glable \u00e0 180 degr\u00e9s<\/strong> pour diriger la lumi\u00e8re exactement l\u00e0 o\u00f9 vous en avez besoin, tandis que la base magn\u00e9tique et le clip int\u00e9gr\u00e9 permettent une utilisation mains libres pratique. Avec une <strong>charge USB-C<\/strong> rapide, un <strong>indice de r\u00e9sistance \u00e0 l&rsquo;eau IPX4<\/strong> et <strong>plusieurs modes d&rsquo;\u00e9clairage<\/strong> (notamment des LED rouges, bleues et vertes), la GX50 est l&rsquo;outil rechargeable ultime pour les professionnels en d\u00e9placement.  <\/p>\n","protected":false},"excerpt":{"rendered":"<p>Illuminez votre espace de travail avec la torche professionnelle GX50, une lampe EDC (Everyday Carry) robuste et polyvalente con\u00e7ue pour une utilisation professionnelle quotidienne. Con\u00e7ue en polycarbonate durable, cette torche de poche d\u00e9livre 150 lumens de lumi\u00e8re blanche brillante, assurant une visibilit\u00e9 fiable pour naviguer dans les espaces sombres ou effectuer des t\u00e2ches rapides. La [&hellip;]<\/p>\n","protected":false},"featured_media":5342,"template":"","meta":[],"application":[],"product_brand":[],"product_cat":[1763,1280],"product_tag":[1213,1467],"class_list":{"0":"post-5340","1":"product","2":"type-product","3":"status-publish","4":"has-post-thumbnail","6":"product_cat-eclairage-portable","7":"product_cat-lampe-de-poche","8":"product_tag-nouveaux-lancements","9":"product_tag-serie-pro","10":"pa_battery-type-rechargeable-au-lithium-polymere-37v-500mah","11":"pa_charging-time-2-3-heures","12":"pa_included-accessories-cable-usb-c","13":"pa_included-accessories-lanyard","14":"pa_led-led-blanches-5w-temperature-de-couleur-6000-7000k","15":"pa_lighting-modes-blanc-haut-bas-rouge-bleu-vert-rvb-combine","16":"pa_max-dimensions-mm-630-mm-l-x-340-mm-l-x-190-mm-t","17":"pa_waterproof-ip44-eclaboussures-deau","19":"first","20":"instock","21":"shipping-taxable","22":"purchasable","23":"product-type-simple"},"meta_box":{"image_advanced_d0knci360pw":[],"ak_name":[],"flashlight_show":"","light_mode":false,"featured_heading_1":"T\u00eate rotative \u00e0 180","featured_heading_2":"Fonctionnalit\u00e9 multimode (blanc et RVB)","featured_heading_3":"Rechargeable par USB-C et longue dur\u00e9e","featured_description_1":"\u00c9quip\u00e9e d'une LED de 5W, cette torche produit 150 lumens en mode Haut avec une distance de faisceau allant jusqu'\u00e0 100 m\u00e8tres. La t\u00eate rotative innovante \u00e0 180 degr\u00e9s vous permet d'orienter le faisceau avec pr\u00e9cision, ce qui la rend parfaite pour les angles difficiles et les espaces restreints. ","featured_description_2":"Au-del\u00e0 de l'\u00e9clairage standard, cette torche offre des modes sp\u00e9cialis\u00e9s, notamment la lumi\u00e8re blanche haute et basse, ainsi que des LED rouges, bleues et vertes (RVB) pour la signalisation ou la pr\u00e9servation de la vision nocturne. Vous pouvez facilement passer d'un mode \u00e0 l'autre gr\u00e2ce \u00e0 l'interrupteur lat\u00e9ral intuitif. ","featured_description_3":"Aliment\u00e9e par une batterie au lithium-polym\u00e8re de 500mAh, la GX50 offre jusqu'\u00e0 4 heures d'autonomie en mode bas. Elle se recharge rapidement via un port USB-C moderne (c\u00e2ble inclus) avec un indicateur LED clair - bleu clignotant pendant la charge et bleu continu lorsqu'elle est termin\u00e9e. ","download_images":"","technical_datasheet":""},"_links":{"self":[{"href":"https:\/\/uniross.com\/fr\/wp-json\/wp\/v2\/product\/5340","targetHints":{"allow":["GET"]}}],"collection":[{"href":"https:\/\/uniross.com\/fr\/wp-json\/wp\/v2\/product"}],"about":[{"href":"https:\/\/uniross.com\/fr\/wp-json\/wp\/v2\/types\/product"}],"version-history":[{"count":0,"href":"https:\/\/uniross.com\/fr\/wp-json\/wp\/v2\/product\/5340\/revisions"}],"wp:featuredmedia":[{"embeddable":true,"href":"https:\/\/uniross.com\/fr\/wp-json\/wp\/v2\/media\/5342"}],"wp:attachment":[{"href":"https:\/\/uniross.com\/fr\/wp-json\/wp\/v2\/media?parent=5340"}],"wp:term":[{"taxonomy":"application","embeddable":true,"href":"https:\/\/uniross.com\/fr\/wp-json\/wp\/v2\/application?post=5340"},{"taxonomy":"product_brand","embeddable":true,"href":"https:\/\/uniross.com\/fr\/wp-json\/wp\/v2\/product_brand?post=5340"},{"taxonomy":"product_cat","embeddable":true,"href":"https:\/\/uniross.com\/fr\/wp-json\/wp\/v2\/product_cat?post=5340"},{"taxonomy":"product_tag","embeddable":true,"href":"https:\/\/uniross.com\/fr\/wp-json\/wp\/v2\/product_tag?post=5340"}],"curies":[{"name":"wp","href":"https:\/\/api.w.org\/{rel}","templated":true}]}}