{"id":5308,"date":"2025-07-25T14:01:32","date_gmt":"2025-07-25T06:01:32","guid":{"rendered":"https:\/\/uniross.com\/product\/lampe-de-travail-pliable-rechargeable-uniross\/"},"modified":"2025-07-25T14:01:32","modified_gmt":"2025-07-25T06:01:32","slug":"lampe-de-travail-pliable-rechargeable-uniross","status":"publish","type":"product","link":"https:\/\/uniross.com\/fr\/produit\/lampe-de-travail-pliable-rechargeable-uniross\/","title":{"rendered":"Lampe de travail pliable rechargeable Uniross"},"content":{"rendered":"<p>Illuminez les travaux les plus difficiles avec la <b>lampe de travail pliable rechargeable Uniross<\/b>, un outil de qualit\u00e9 professionnelle con\u00e7u pour la pr\u00e9cision et la puissance. Con\u00e7ue avec une <b>t\u00eate de lampe pliable<\/b>, cette lampe de travail compacte excelle dans les espaces restreints tels que les compartiments moteur, les passages de c\u00e2bles et sous les \u00e9viers. Sa <b>puissance lumineuse sup\u00e9rieure de 600 lumens<\/b> offre \u00e0 la fois une <b>lumi\u00e8re diffuse<\/b> sur une large zone et un <b>\u00e9clairage<\/b> cibl\u00e9, vous assurant ainsi la pr\u00e9cision n\u00e9cessaire \u00e0 toute t\u00e2che.  <\/p>\n<p>La conception ultra-mince, avec un corps compact de 34 mm de diam\u00e8tre, vous permet d&rsquo;acc\u00e9der facilement aux espaces les plus \u00e9troits. Avec des options de fixation flexibles via un <b>aimant puissant<\/b> sur la base et un <b>crochet pliable<\/b> pratique, vous pouvez positionner la lumi\u00e8re en toute s\u00e9curit\u00e9 exactement l\u00e0 o\u00f9 vous en avez besoin, lib\u00e9rant ainsi vos mains pour le travail. Aliment\u00e9e par une batterie au lithium rechargeable fiable, cette lampe de travail <b>rechargeable USB-C<\/b> offre un fonctionnement durable et sans cordon. Les caract\u00e9ristiques suppl\u00e9mentaires comprennent une <b>surface \u00e0 picots pour une prise en main solide<\/b> et une fonction d&rsquo;avertissement de batterie faible, vous assurant de ne jamais \u00eatre laiss\u00e9 dans l&rsquo;obscurit\u00e9.   <\/p>\n<p>Cette lampe de travail professionnelle est l&rsquo;outil id\u00e9al pour les m\u00e9caniciens, les \u00e9lectriciens, les professionnels de la maintenance et tous ceux qui ont besoin d&rsquo;une source de lumi\u00e8re polyvalente et fiable.<\/p>\n","protected":false},"excerpt":{"rendered":"<p>Illuminez les travaux les plus difficiles avec la lampe de travail pliable rechargeable Uniross, un outil de qualit\u00e9 professionnelle con\u00e7u pour la pr\u00e9cision et la puissance. Con\u00e7ue avec une t\u00eate de lampe pliable, cette lampe de travail compacte excelle dans les espaces restreints tels que les compartiments moteur, les passages de c\u00e2bles et sous les [&hellip;]<\/p>\n","protected":false},"featured_media":5310,"template":"","meta":[],"application":[],"product_brand":[],"product_cat":[1763,1280],"product_tag":[1213],"class_list":{"0":"post-5308","1":"product","2":"type-product","3":"status-publish","4":"has-post-thumbnail","6":"product_cat-eclairage-portable","7":"product_cat-lampe-de-poche","8":"product_tag-nouveaux-lancements","9":"pa_beam-distance-haut-33m-bas-22m","10":"pa_housing-material-abs-aluminium-noir-gris-froid-bouton-orange","11":"pa_led-cob-4w-led2-0-5w","12":"pa_led-life-time-jusqua-100-000-heures","13":"pa_lumens-haut-600-lm-bas-300-lm","14":"pa_max-dimensions-mm-o-351-x-58-x-34-mm","15":"pa_powered-by-li-ion-18650-1200mah-inclus","16":"pa_protection-rating-ip44-eclaboussures-deau","18":"first","19":"instock","20":"shipping-taxable","21":"purchasable","22":"product-type-simple"},"meta_box":{"image_advanced_d0knci360pw":[],"ak_name":[],"flashlight_show":"","light_mode":false,"featured_heading_1":"\u00c9clairage professionnel multifonctionnel","featured_heading_2":"Design professionnel \u00e9lanc\u00e9","featured_heading_3":"Feu d'atelier mains libres","featured_description_1":"\u00c9quip\u00e9e d'une puissante lampe d'inspection \u00e0 LED de 600 lumens, cette lampe polyvalente offre un \u00e9clairage exceptionnel pour toutes les t\u00e2ches professionnelles. La torche LED de pr\u00e9cision de 100 lumens fournit un \u00e9clairage cibl\u00e9 pour les travaux d\u00e9taill\u00e9s, tandis que le mode d'\u00e9clairage de travail LED r\u00e9glable permet de couvrir une large zone. Cette solution d'\u00e9clairage compl\u00e8te est sp\u00e9cialement con\u00e7ue pour l'inspection automobile, les travaux \u00e9lectriques et diverses t\u00e2ches de maintenance, garantissant une visibilit\u00e9 optimale dans toutes les situations.  ","featured_description_2":"Le corps de la lampe d'inspection ultra-mince de 34 mm \u00e9tablit une nouvelle norme en mati\u00e8re d'accessibilit\u00e9 dans les espaces restreints. Cette lampe de travail compacte et rechargeable associe une construction de qualit\u00e9 professionnelle \u00e0 une fonctionnalit\u00e9 pratique. Sa qualit\u00e9 de fabrication durable garantit sa fiabilit\u00e9 dans les environnements de travail exigeants, tandis que sa conception pliable innovante permet des angles d'\u00e9clairage vari\u00e9s et un rangement pratique lorsqu'elle n'est pas utilis\u00e9e.  ","featured_description_3":"Prenez le contr\u00f4le de votre espace de travail gr\u00e2ce \u00e0 de multiples options de montage qui vous permettent d'avoir les mains libres. La base magn\u00e9tique solide se fixe en toute s\u00e9curit\u00e9 \u00e0 n'importe quelle surface m\u00e9tallique, tandis que le crochet de suspension int\u00e9gr\u00e9 offre des solutions pratiques d'\u00e9clairage en hauteur. Ces caract\u00e9ristiques de conception bien pens\u00e9es garantissent un positionnement parfait pour les r\u00e9parations automobiles et les travaux d'entretien, ce qui en fait un outil indispensable pour les m\u00e9caniciens et les techniciens professionnels qui exigent \u00e0 la fois flexibilit\u00e9 et fiabilit\u00e9 pour leur \u00e9quipement d'\u00e9clairage.  ","download_images":"","technical_datasheet":""},"_links":{"self":[{"href":"https:\/\/uniross.com\/fr\/wp-json\/wp\/v2\/product\/5308","targetHints":{"allow":["GET"]}}],"collection":[{"href":"https:\/\/uniross.com\/fr\/wp-json\/wp\/v2\/product"}],"about":[{"href":"https:\/\/uniross.com\/fr\/wp-json\/wp\/v2\/types\/product"}],"version-history":[{"count":0,"href":"https:\/\/uniross.com\/fr\/wp-json\/wp\/v2\/product\/5308\/revisions"}],"wp:featuredmedia":[{"embeddable":true,"href":"https:\/\/uniross.com\/fr\/wp-json\/wp\/v2\/media\/5310"}],"wp:attachment":[{"href":"https:\/\/uniross.com\/fr\/wp-json\/wp\/v2\/media?parent=5308"}],"wp:term":[{"taxonomy":"application","embeddable":true,"href":"https:\/\/uniross.com\/fr\/wp-json\/wp\/v2\/application?post=5308"},{"taxonomy":"product_brand","embeddable":true,"href":"https:\/\/uniross.com\/fr\/wp-json\/wp\/v2\/product_brand?post=5308"},{"taxonomy":"product_cat","embeddable":true,"href":"https:\/\/uniross.com\/fr\/wp-json\/wp\/v2\/product_cat?post=5308"},{"taxonomy":"product_tag","embeddable":true,"href":"https:\/\/uniross.com\/fr\/wp-json\/wp\/v2\/product_tag?post=5308"}],"curies":[{"name":"wp","href":"https:\/\/api.w.org\/{rel}","templated":true}]}}