{"id":5288,"date":"2025-07-03T14:01:45","date_gmt":"2025-07-03T06:01:45","guid":{"rendered":"https:\/\/uniross.com\/product\/torche-phosphorescente-uniross-70lm\/"},"modified":"2025-07-03T14:01:45","modified_gmt":"2025-07-03T06:01:45","slug":"torche-phosphorescente-uniross-70lm","status":"publish","type":"product","link":"https:\/\/uniross.com\/fr\/produit\/torche-phosphorescente-uniross-70lm\/","title":{"rendered":"Torche phosphorescente Uniross &#8211; 70lm"},"content":{"rendered":"<p>Stimulez l&rsquo;imagination de votre enfant avec la <strong>lampe de poche phosphorescente Uniross (ULFL019)<\/strong>! Cette <strong>lampe de poche pour enfants<\/strong>, super amusante et <strong>durable<\/strong>, est con\u00e7ue pour des aventures sans fin, \u00e0 l&rsquo;int\u00e9rieur comme \u00e0 l&rsquo;ext\u00e9rieur. Sa fonction unique d&rsquo;\u00e9clairage dans l&rsquo;obscurit\u00e9 permet aux petites mains de la trouver facilement, m\u00eame dans les environnements de jeu les plus sombres, ce qui est parfait pour l&rsquo;<strong>\u00e9quipement de camping des enfants<\/strong> ou les <strong>histoires \u00e0 raconter \u00e0 l&rsquo;heure du coucher<\/strong>. <\/p>\n<p>Aliment\u00e9e par des piles AAA robustes incluses, cette <strong>torche sans danger pour les enfants<\/strong> est dot\u00e9e de 9 LED lumineuses, d\u00e9livrant un faisceau clair de 70 lumens qui atteint jusqu&rsquo;\u00e0 40 m\u00e8tres. Qu&rsquo;il s&rsquo;agisse d&rsquo;explorer les forts du jardin, de se lancer dans des <strong>aventures nocturnes<\/strong> ou simplement de disposer d&rsquo;une lumi\u00e8re fiable pour son coin lecture, la <strong>lampe Uniross ULFL019<\/strong> fournit 10 \u00e0 12 heures d&rsquo;\u00e9clairage continu et vibrant. <\/p>\n","protected":false},"excerpt":{"rendered":"<p>Stimulez l&rsquo;imagination de votre enfant avec la lampe de poche phosphorescente Uniross (ULFL019)! Cette lampe de poche pour enfants, super amusante et durable, est con\u00e7ue pour des aventures sans fin, \u00e0 l&rsquo;int\u00e9rieur comme \u00e0 l&rsquo;ext\u00e9rieur. Sa fonction unique d&rsquo;\u00e9clairage dans l&rsquo;obscurit\u00e9 permet aux petites mains de la trouver facilement, m\u00eame dans les environnements de jeu [&hellip;]<\/p>\n","protected":false},"featured_media":5297,"template":"","meta":[],"application":[],"product_brand":[],"product_cat":[1763,1280],"product_tag":[1213],"class_list":{"0":"post-5288","1":"product","2":"type-product","3":"status-publish","4":"has-post-thumbnail","6":"product_cat-eclairage-portable","7":"product_cat-lampe-de-poche","8":"product_tag-nouveaux-lancements","9":"pa_beam-distance-40m","10":"pa_beam-mode-focus","11":"pa_housing-material-aluminium","12":"pa_led-led-lumineuse-x-9","13":"pa_led-life-time-jusqua-100-000-heures","14":"pa_max-dimensions-mm-893-l-x-270-p-mm-100","15":"pa_powered-by-3-x-aaa-heavy-duty","16":"pa_protection-rating-ip44-eclaboussures-deau","17":"pa_weight-approx-g-41-5g","19":"first","20":"instock","21":"shipping-taxable","22":"purchasable","23":"product-type-simple"},"meta_box":{"image_advanced_d0knci360pw":[],"ak_name":[],"flashlight_show":"","light_mode":false,"featured_heading_1":"Design phosphorescent","featured_heading_2":"Con\u00e7u pour les petits aventuriers (durable et adapt\u00e9 aux enfants)","featured_heading_3":"\u00c9clairage brillant et durable","featured_description_1":"Cette caract\u00e9ristique unique n'est pas seulement amusante, elle est aussi incroyablement pratique ! La torche multi-usages Uniross brille litt\u00e9ralement dans l'obscurit\u00e9, ce qui permet aux enfants de la trouver facilement dans leur chambre la nuit, lors d'une panne d'\u00e9lectricit\u00e9 ou \u00e0 l'int\u00e9rieur d'une tente lors d'un voyage en camping. Cela contribue \u00e0 renforcer l'autonomie des enfants et leur permet d'avoir toujours une source de lumi\u00e8re fiable \u00e0 port\u00e9e de main, m\u00eame dans les coins les plus sombres de leur imagination.  ","featured_description_2":"Les enfants jouent dur, et cette lampe de poche est con\u00e7ue pour suivre le mouvement ! Gr\u00e2ce \u00e0 sa construction en aluminium durable et \u00e0 sa conception antichoc, elle peut r\u00e9sister aux chutes et aux chocs accidentels pendant les jeux \u00e9nergiques. La protection IP44 contre les \u00e9claboussures d'eau signifie \u00e9galement qu'un peu de pluie ou de jus de fruit renvers\u00e9 n'arr\u00eatera pas l'amusement. Gr\u00e2ce \u00e0 cette conception robuste, la torche est un compagnon fiable pour toutes les explorations en plein air et les aventures \u00e0 l'int\u00e9rieur, ce qui permet aux parents d'avoir l'esprit tranquille.   ","featured_description_3":"Ne vous fiez pas \u00e0 sa taille : cette torche est tr\u00e8s puissante ! \u00c9quip\u00e9e de 9 LED lumineuses, elle \u00e9met un faisceau clair de 70 lumens qui peut \u00e9clairer des espaces situ\u00e9s jusqu'\u00e0 40 m\u00e8tres de distance. Parfaite pour rep\u00e9rer des tr\u00e9sors dans le jardin ou \u00e9clairer un fort, cette lampe de poche offre \u00e9galement une autonomie impressionnante de 10 \u00e0 12 heures avec les piles AAA fournies et une dur\u00e9e de vie des LED de 100 000 heures, ce qui signifie d'innombrables heures d'amusement et de d\u00e9couverte \u00e9clair\u00e9es pour votre enfant.  ","download_images":"","technical_datasheet":""},"_links":{"self":[{"href":"https:\/\/uniross.com\/fr\/wp-json\/wp\/v2\/product\/5288","targetHints":{"allow":["GET"]}}],"collection":[{"href":"https:\/\/uniross.com\/fr\/wp-json\/wp\/v2\/product"}],"about":[{"href":"https:\/\/uniross.com\/fr\/wp-json\/wp\/v2\/types\/product"}],"version-history":[{"count":0,"href":"https:\/\/uniross.com\/fr\/wp-json\/wp\/v2\/product\/5288\/revisions"}],"wp:featuredmedia":[{"embeddable":true,"href":"https:\/\/uniross.com\/fr\/wp-json\/wp\/v2\/media\/5297"}],"wp:attachment":[{"href":"https:\/\/uniross.com\/fr\/wp-json\/wp\/v2\/media?parent=5288"}],"wp:term":[{"taxonomy":"application","embeddable":true,"href":"https:\/\/uniross.com\/fr\/wp-json\/wp\/v2\/application?post=5288"},{"taxonomy":"product_brand","embeddable":true,"href":"https:\/\/uniross.com\/fr\/wp-json\/wp\/v2\/product_brand?post=5288"},{"taxonomy":"product_cat","embeddable":true,"href":"https:\/\/uniross.com\/fr\/wp-json\/wp\/v2\/product_cat?post=5288"},{"taxonomy":"product_tag","embeddable":true,"href":"https:\/\/uniross.com\/fr\/wp-json\/wp\/v2\/product_tag?post=5288"}],"curies":[{"name":"wp","href":"https:\/\/api.w.org\/{rel}","templated":true}]}}