{"id":5281,"date":"2025-06-23T10:52:01","date_gmt":"2025-06-23T02:52:01","guid":{"rendered":"https:\/\/uniross.com\/product\/uniross-cable-usb-c-vers-lightning-2m\/"},"modified":"2025-06-23T10:52:01","modified_gmt":"2025-06-23T02:52:01","slug":"uniross-cable-usb-c-vers-lightning-2m","status":"publish","type":"product","link":"https:\/\/uniross.com\/fr\/produit\/uniross-cable-usb-c-vers-lightning-2m\/","title":{"rendered":"Uniross C\u00e2ble USB-C vers Lightning 2m"},"content":{"rendered":"<p>Ce c\u00e2ble USB-C vers Lightning de 2 m\u00e8tres d&rsquo;Uniross assure une charge et un transfert de donn\u00e9es efficaces pour vos appareils Apple. Construit avec un mat\u00e9riau TPE durable et un fil de cuivre pur, il est con\u00e7u pour des performances fiables et une grande long\u00e9vit\u00e9. <\/p>\n","protected":false},"excerpt":{"rendered":"<p>Ce c\u00e2ble USB-C vers Lightning de 2 m\u00e8tres d&rsquo;Uniross assure une charge et un transfert de donn\u00e9es efficaces pour vos appareils Apple. Construit avec un mat\u00e9riau TPE durable et un fil de cuivre pur, il est con\u00e7u pour des performances fiables et une grande long\u00e9vit\u00e9.<\/p>\n","protected":false},"featured_media":5282,"template":"","meta":[],"application":[],"product_brand":[],"product_cat":[1337,1764],"product_tag":[1213],"class_list":{"0":"post-5281","1":"product","2":"type-product","3":"status-publish","4":"has-post-thumbnail","6":"product_cat-accessoires-pour-telephones","7":"product_cat-appareils-de-charge","8":"product_tag-nouveaux-lancements","10":"first","11":"instock","12":"shipping-taxable","13":"purchasable","14":"product-type-simple"},"meta_box":{"image_advanced_d0knci360pw":[],"ak_name":[],"flashlight_show":"","light_mode":false,"featured_heading_1":"Chargement et synchronisation","featured_heading_2":"Construit pour durer","featured_heading_3":"Port\u00e9e \u00e9tendue","featured_description_1":"Ce c\u00e2ble prend en charge \u00e0 la fois la charge et le transfert de donn\u00e9es, offrant une puissance allant jusqu'\u00e0 20 W (9 V 2 A) et des vitesses de transfert de donn\u00e9es de 480 Mbit\/s. Il est id\u00e9al pour vos appareils iPhone et iPad. ","featured_description_2":"Con\u00e7u pour r\u00e9sister \u00e0 plus de 25 000 courbures, ce c\u00e2ble offre une durabilit\u00e9 exceptionnelle pour une utilisation quotidienne.","featured_description_3":"La longueur g\u00e9n\u00e9reuse de 2 m\u00e8tres offre une flexibilit\u00e9 et une commodit\u00e9 accrues, vous permettant d'utiliser et de charger confortablement vos appareils.","download_images":"","technical_datasheet":""},"_links":{"self":[{"href":"https:\/\/uniross.com\/fr\/wp-json\/wp\/v2\/product\/5281","targetHints":{"allow":["GET"]}}],"collection":[{"href":"https:\/\/uniross.com\/fr\/wp-json\/wp\/v2\/product"}],"about":[{"href":"https:\/\/uniross.com\/fr\/wp-json\/wp\/v2\/types\/product"}],"version-history":[{"count":0,"href":"https:\/\/uniross.com\/fr\/wp-json\/wp\/v2\/product\/5281\/revisions"}],"wp:featuredmedia":[{"embeddable":true,"href":"https:\/\/uniross.com\/fr\/wp-json\/wp\/v2\/media\/5282"}],"wp:attachment":[{"href":"https:\/\/uniross.com\/fr\/wp-json\/wp\/v2\/media?parent=5281"}],"wp:term":[{"taxonomy":"application","embeddable":true,"href":"https:\/\/uniross.com\/fr\/wp-json\/wp\/v2\/application?post=5281"},{"taxonomy":"product_brand","embeddable":true,"href":"https:\/\/uniross.com\/fr\/wp-json\/wp\/v2\/product_brand?post=5281"},{"taxonomy":"product_cat","embeddable":true,"href":"https:\/\/uniross.com\/fr\/wp-json\/wp\/v2\/product_cat?post=5281"},{"taxonomy":"product_tag","embeddable":true,"href":"https:\/\/uniross.com\/fr\/wp-json\/wp\/v2\/product_tag?post=5281"}],"curies":[{"name":"wp","href":"https:\/\/api.w.org\/{rel}","templated":true}]}}