{"id":5270,"date":"2025-06-23T10:49:33","date_gmt":"2025-06-23T02:49:33","guid":{"rendered":"https:\/\/uniross.com\/product\/cable-uniross-usb-c-vers-usb-c-2m\/"},"modified":"2025-06-23T10:49:33","modified_gmt":"2025-06-23T02:49:33","slug":"cable-uniross-usb-c-vers-usb-c-2m","status":"publish","type":"product","link":"https:\/\/uniross.com\/fr\/produit\/cable-uniross-usb-c-vers-usb-c-2m\/","title":{"rendered":"C\u00e2ble Uniross USB-C vers USB-C &#8211; 2m"},"content":{"rendered":"<p>Ce c\u00e2ble USB-C vers USB-C de 2 m\u00e8tres d&rsquo;Uniross assure une alimentation et un transfert de donn\u00e9es fiables pour vos appareils. Con\u00e7u avec un mat\u00e9riau TPE durable et un fil de cuivre pur, il est construit pour la long\u00e9vit\u00e9 et la performance. <\/p>\n","protected":false},"excerpt":{"rendered":"<p>Ce c\u00e2ble USB-C vers USB-C de 2 m\u00e8tres d&rsquo;Uniross assure une alimentation et un transfert de donn\u00e9es fiables pour vos appareils. Con\u00e7u avec un mat\u00e9riau TPE durable et un fil de cuivre pur, il est construit pour la long\u00e9vit\u00e9 et la performance.<\/p>\n","protected":false},"featured_media":5276,"template":"","meta":[],"application":[],"product_brand":[],"product_cat":[1337,1764],"product_tag":[1213],"class_list":{"0":"post-5270","1":"product","2":"type-product","3":"status-publish","4":"has-post-thumbnail","6":"product_cat-accessoires-pour-telephones","7":"product_cat-appareils-de-charge","8":"product_tag-nouveaux-lancements","10":"first","11":"instock","12":"shipping-taxable","13":"purchasable","14":"product-type-simple"},"meta_box":{"image_advanced_d0knci360pw":[],"ak_name":[],"flashlight_show":"","light_mode":false,"featured_heading_1":"Chargement et synchronisation","featured_heading_2":"Durabilit\u00e9 accrue","featured_heading_3":"Port\u00e9e extra-longue de 2 m","featured_description_1":"Ce c\u00e2ble prend en charge \u00e0 la fois la charge et le transfert de donn\u00e9es, offrant une polyvalence pour votre smartphone, vos tablettes, vos ordinateurs portables, vos oreillettes et votre \u00e9clairage portable. Il fournit jusqu'\u00e0 60 W (20 V 3 A) de puissance et des vitesses de transfert de donn\u00e9es de 480 Mbit\/s. ","featured_description_2":"Con\u00e7u pour r\u00e9sister \u00e0 plus de 25 000 courbures, ce c\u00e2ble est tr\u00e8s durable, ce qui en fait un choix fiable pour une utilisation quotidienne.","featured_description_3":"La longueur g\u00e9n\u00e9reuse de 2 m\u00e8tres offre une port\u00e9e \u00e9tendue, permettant une plus grande flexibilit\u00e9 et commodit\u00e9 lors de la connexion de vos appareils.","download_images":"","technical_datasheet":""},"_links":{"self":[{"href":"https:\/\/uniross.com\/fr\/wp-json\/wp\/v2\/product\/5270","targetHints":{"allow":["GET"]}}],"collection":[{"href":"https:\/\/uniross.com\/fr\/wp-json\/wp\/v2\/product"}],"about":[{"href":"https:\/\/uniross.com\/fr\/wp-json\/wp\/v2\/types\/product"}],"version-history":[{"count":0,"href":"https:\/\/uniross.com\/fr\/wp-json\/wp\/v2\/product\/5270\/revisions"}],"wp:featuredmedia":[{"embeddable":true,"href":"https:\/\/uniross.com\/fr\/wp-json\/wp\/v2\/media\/5276"}],"wp:attachment":[{"href":"https:\/\/uniross.com\/fr\/wp-json\/wp\/v2\/media?parent=5270"}],"wp:term":[{"taxonomy":"application","embeddable":true,"href":"https:\/\/uniross.com\/fr\/wp-json\/wp\/v2\/application?post=5270"},{"taxonomy":"product_brand","embeddable":true,"href":"https:\/\/uniross.com\/fr\/wp-json\/wp\/v2\/product_brand?post=5270"},{"taxonomy":"product_cat","embeddable":true,"href":"https:\/\/uniross.com\/fr\/wp-json\/wp\/v2\/product_cat?post=5270"},{"taxonomy":"product_tag","embeddable":true,"href":"https:\/\/uniross.com\/fr\/wp-json\/wp\/v2\/product_tag?post=5270"}],"curies":[{"name":"wp","href":"https:\/\/api.w.org\/{rel}","templated":true}]}}