{"id":5269,"date":"2025-06-17T12:44:47","date_gmt":"2025-06-17T04:44:47","guid":{"rendered":"https:\/\/uniross.com\/product\/lanterne-solaire-et-usb-rechargeable-uniross\/"},"modified":"2025-06-17T12:44:47","modified_gmt":"2025-06-17T04:44:47","slug":"lanterne-solaire-et-usb-rechargeable-uniross","status":"publish","type":"product","link":"https:\/\/uniross.com\/fr\/produit\/lanterne-solaire-et-usb-rechargeable-uniross\/","title":{"rendered":"Lanterne solaire et USB rechargeable Uniross"},"content":{"rendered":"<p>La lanterne solaire et rechargeable par USB d&rsquo;Uniross offre un \u00e9clairage polyvalent et puissant pour l&rsquo;int\u00e9rieur et l&rsquo;ext\u00e9rieur. Avec une couverture d&rsquo;\u00e9clairage de 360\u00b0, cette lanterne assure un \u00e9clairage uniforme, ce qui la rend id\u00e9ale pour le camping, les situations d&rsquo;urgence et les aventures en plein air. Elle est dot\u00e9e d&rsquo;une construction durable et \u00e9tanche avec un indice de protection IP44, ce qui lui permet de fonctionner de mani\u00e8re fiable dans des environnements difficiles. La lanterne est livr\u00e9e avec deux m\u00e9thodes de chargement, vous permettant de la recharger via l&rsquo;\u00e9nergie solaire ou l&rsquo;USB, ce qui vous garantit de ne jamais rester sans lumi\u00e8re. \u00c9quip\u00e9e de lampes LED de haute qualit\u00e9 et d&rsquo;une batterie lithium rechargeable de 1200mAh, elle offre plus de 4 heures d&rsquo;autonomie et une dur\u00e9e de vie de 20 ans.    <\/p>\n","protected":false},"excerpt":{"rendered":"<p>La lanterne solaire et rechargeable par USB d&rsquo;Uniross offre un \u00e9clairage polyvalent et puissant pour l&rsquo;int\u00e9rieur et l&rsquo;ext\u00e9rieur. Avec une couverture d&rsquo;\u00e9clairage de 360\u00b0, cette lanterne assure un \u00e9clairage uniforme, ce qui la rend id\u00e9ale pour le camping, les situations d&rsquo;urgence et les aventures en plein air. Elle est dot\u00e9e d&rsquo;une construction durable et \u00e9tanche [&hellip;]<\/p>\n","protected":false},"featured_media":5271,"template":"","meta":[],"application":[],"product_brand":[],"product_cat":[1499,1763],"product_tag":[],"class_list":{"0":"post-5269","1":"product","2":"type-product","3":"status-publish","4":"has-post-thumbnail","6":"product_cat-eclairage-de-la-zone","7":"product_cat-eclairage-portable","8":"pa_lantern-lumens-100-150","9":"pa_lantern-wattage-led-smd-x-6","10":"pa_led-colour-led-blanche","11":"pa_lighting-modes-active-desactive","12":"pa_runtime-4h-hrs","13":"pa_spotlight-lumens-80-100","14":"pa_spotlight-wattage-led-1w","15":"pa_waterproof-ip44","17":"first","18":"instock","19":"shipping-taxable","20":"purchasable","21":"product-type-simple"},"meta_box":{"image_advanced_d0knci360pw":[],"ak_name":[],"flashlight_show":"","light_mode":false,"featured_heading_1":"Couverture de l'\u00e9clairage \u00e0 360","featured_heading_2":"Options de chargement doubles","featured_heading_3":"Durable et \u00e9tanche (IP44)","featured_description_1":"La lanterne Uniross fournit un \u00e9clairage complet \u00e0 360\u00b0, garantissant un \u00e9clairage uniforme et efficace pour un large \u00e9ventail d'activit\u00e9s, du camping en plein air aux situations d'urgence.","featured_description_2":"Dot\u00e9e de capacit\u00e9s de recharge solaire et USB, la lanterne offre une polyvalence in\u00e9gal\u00e9e, vous permettant de la recharger \u00e0 la lumi\u00e8re du soleil ou via une source d'alimentation adapt\u00e9e \u00e0 vos besoins.","featured_description_3":"Con\u00e7u pour r\u00e9sister aux conditions ext\u00e9rieures difficiles, il est dot\u00e9 d'une conception durable et d'une protection \u00e9tanche IP44, ce qui en fait un compagnon fiable pour une utilisation par tous les temps.","download_images":"","technical_datasheet":""},"_links":{"self":[{"href":"https:\/\/uniross.com\/fr\/wp-json\/wp\/v2\/product\/5269","targetHints":{"allow":["GET"]}}],"collection":[{"href":"https:\/\/uniross.com\/fr\/wp-json\/wp\/v2\/product"}],"about":[{"href":"https:\/\/uniross.com\/fr\/wp-json\/wp\/v2\/types\/product"}],"version-history":[{"count":0,"href":"https:\/\/uniross.com\/fr\/wp-json\/wp\/v2\/product\/5269\/revisions"}],"wp:featuredmedia":[{"embeddable":true,"href":"https:\/\/uniross.com\/fr\/wp-json\/wp\/v2\/media\/5271"}],"wp:attachment":[{"href":"https:\/\/uniross.com\/fr\/wp-json\/wp\/v2\/media?parent=5269"}],"wp:term":[{"taxonomy":"application","embeddable":true,"href":"https:\/\/uniross.com\/fr\/wp-json\/wp\/v2\/application?post=5269"},{"taxonomy":"product_brand","embeddable":true,"href":"https:\/\/uniross.com\/fr\/wp-json\/wp\/v2\/product_brand?post=5269"},{"taxonomy":"product_cat","embeddable":true,"href":"https:\/\/uniross.com\/fr\/wp-json\/wp\/v2\/product_cat?post=5269"},{"taxonomy":"product_tag","embeddable":true,"href":"https:\/\/uniross.com\/fr\/wp-json\/wp\/v2\/product_tag?post=5269"}],"curies":[{"name":"wp","href":"https:\/\/api.w.org\/{rel}","templated":true}]}}