{"id":5252,"date":"2025-06-19T15:36:04","date_gmt":"2025-06-19T07:36:04","guid":{"rendered":"https:\/\/uniross.com\/product\/lampe-torche-stylo-uniross-gx100-280lm\/"},"modified":"2025-06-19T15:36:04","modified_gmt":"2025-06-19T07:36:04","slug":"lampe-torche-stylo-uniross-gx100-280lm","status":"publish","type":"product","link":"https:\/\/uniross.com\/fr\/produit\/lampe-torche-stylo-uniross-gx100-280lm\/","title":{"rendered":"Lampe torche stylo Uniross GX100 &#8211; 280lm"},"content":{"rendered":"<p>La lampe stylo torche Uniross GX100 est une solution d&rsquo;\u00e9clairage fine et robuste, con\u00e7ue pour la pr\u00e9cision et la fiabilit\u00e9. D\u00e9livrant une puissance de 280 lumens, cette lampe-stylo est le compagnon id\u00e9al pour un large \u00e9ventail d&rsquo;applications, des examens m\u00e9dicaux complexes aux t\u00e2ches industrielles exigeantes, en passant par les aventures en plein air. Fabriqu\u00e9e en aluminium durable, la GX100 offre une solidit\u00e9 exceptionnelle, une durabilit\u00e9 \u00e0 toute \u00e9preuve et une r\u00e9sistance sup\u00e9rieure \u00e0 la corrosion, ce qui lui permet de r\u00e9sister \u00e0 une utilisation quotidienne rigoureuse. Avec jusqu&rsquo;\u00e0 4 heures d&rsquo;autonomie, un clip ceinture int\u00e9gr\u00e9 pratique et des piles alcalines facilement rempla\u00e7ables, elle offre une praticit\u00e9 in\u00e9gal\u00e9e et un \u00e9clairage constant, le tout assorti d&rsquo;une garantie compl\u00e8te de 5 ans.   <\/p>\n","protected":false},"excerpt":{"rendered":"<p>La lampe stylo torche Uniross GX100 est une solution d&rsquo;\u00e9clairage fine et robuste, con\u00e7ue pour la pr\u00e9cision et la fiabilit\u00e9. D\u00e9livrant une puissance de 280 lumens, cette lampe-stylo est le compagnon id\u00e9al pour un large \u00e9ventail d&rsquo;applications, des examens m\u00e9dicaux complexes aux t\u00e2ches industrielles exigeantes, en passant par les aventures en plein air. Fabriqu\u00e9e en [&hellip;]<\/p>\n","protected":false},"featured_media":5267,"template":"","meta":[],"application":[],"product_brand":[],"product_cat":[1280,1763],"product_tag":[1213,1467],"class_list":{"0":"post-5252","1":"product","2":"type-product","3":"status-publish","4":"has-post-thumbnail","6":"product_cat-lampe-de-poche","7":"product_cat-eclairage-portable","8":"product_tag-nouveaux-lancements","9":"product_tag-serie-pro","10":"pa_battery-type-max-power-alcaline","11":"pa_power-included-piles-aaa-lr03","12":"pa_waterproof-ip44-eclaboussures-deau","14":"first","15":"instock","16":"shipping-taxable","17":"purchasable","18":"product-type-simple"},"meta_box":{"image_advanced_d0knci360pw":[],"ak_name":[],"flashlight_show":"","light_mode":false,"featured_heading_1":"\u00c9clairage lumineux et cibl\u00e9 (280 lumens)","featured_heading_2":"Con\u00e7u pour une durabilit\u00e9 professionnelle","featured_heading_3":"Alimentation fiable et conception universelle","featured_description_1":"B\u00e9n\u00e9ficiez d'un \u00e9clairage clair et pr\u00e9cis avec une puissance de 280 lumens, id\u00e9al pour les inspections d\u00e9taill\u00e9es et les travaux de pr\u00e8s. Choisissez parmi trois niveaux de luminosit\u00e9 pratiques - \u00e9lev\u00e9 (280 lm), faible (100 lm) et stroboscopique - offrant des options d'\u00e9clairage polyvalentes pour toutes les situations, des t\u00e2ches quotidiennes \u00e0 la signalisation en cas d'urgence. ","featured_description_2":"La GX100 est dot\u00e9e d'un bo\u00eetier m\u00e9tallique robuste, m\u00e9ticuleusement construit en aluminium, garantissant une solidit\u00e9 exceptionnelle, une durabilit\u00e9 durable et une r\u00e9sistance sup\u00e9rieure \u00e0 la corrosion. Cette conception robuste permet \u00e0 la lampe-stylo de fonctionner de mani\u00e8re fiable dans des environnements professionnels difficiles et dans des conditions ext\u00e9rieures exigeantes. ","featured_description_3":"Profitez de 4 heures d'\u00e9clairage constant, garantissant une lumi\u00e8re fiable pour des t\u00e2ches prolong\u00e9es. Le clip ceinture int\u00e9gr\u00e9 permet une portabilit\u00e9 sans effort et un acc\u00e8s rapide, tandis que l'utilisation de piles alcalines facilement rempla\u00e7ables garantit que vous ne serez jamais laiss\u00e9 dans l'obscurit\u00e9, ce qui en fait un outil indispensable pour une disponibilit\u00e9 permanente. ","download_images":"","technical_datasheet":""},"_links":{"self":[{"href":"https:\/\/uniross.com\/fr\/wp-json\/wp\/v2\/product\/5252","targetHints":{"allow":["GET"]}}],"collection":[{"href":"https:\/\/uniross.com\/fr\/wp-json\/wp\/v2\/product"}],"about":[{"href":"https:\/\/uniross.com\/fr\/wp-json\/wp\/v2\/types\/product"}],"version-history":[{"count":0,"href":"https:\/\/uniross.com\/fr\/wp-json\/wp\/v2\/product\/5252\/revisions"}],"wp:featuredmedia":[{"embeddable":true,"href":"https:\/\/uniross.com\/fr\/wp-json\/wp\/v2\/media\/5267"}],"wp:attachment":[{"href":"https:\/\/uniross.com\/fr\/wp-json\/wp\/v2\/media?parent=5252"}],"wp:term":[{"taxonomy":"application","embeddable":true,"href":"https:\/\/uniross.com\/fr\/wp-json\/wp\/v2\/application?post=5252"},{"taxonomy":"product_brand","embeddable":true,"href":"https:\/\/uniross.com\/fr\/wp-json\/wp\/v2\/product_brand?post=5252"},{"taxonomy":"product_cat","embeddable":true,"href":"https:\/\/uniross.com\/fr\/wp-json\/wp\/v2\/product_cat?post=5252"},{"taxonomy":"product_tag","embeddable":true,"href":"https:\/\/uniross.com\/fr\/wp-json\/wp\/v2\/product_tag?post=5252"}],"curies":[{"name":"wp","href":"https:\/\/api.w.org\/{rel}","templated":true}]}}