{"id":5241,"date":"2025-06-17T12:18:17","date_gmt":"2025-06-17T04:18:17","guid":{"rendered":"https:\/\/uniross.com\/product\/chargeur-compact-uniross-pour-piles-aa-aaa-et-9v-comprend-4-piles-aa-rechargeables\/"},"modified":"2025-06-17T12:18:17","modified_gmt":"2025-06-17T04:18:17","slug":"chargeur-compact-uniross-pour-piles-aa-aaa-et-9v-comprend-4-piles-aa-rechargeables","status":"publish","type":"product","link":"https:\/\/uniross.com\/fr\/produit\/chargeur-compact-uniross-pour-piles-aa-aaa-et-9v-comprend-4-piles-aa-rechargeables\/","title":{"rendered":"Chargeur compact Uniross pour piles AA, AAA et 9V &#8211; Comprend 4 piles AA rechargeables"},"content":{"rendered":"<p>L&rsquo;ensemble Uniross Compact Multi Charger + 4 piles AA est la solution ultime pour charger une vari\u00e9t\u00e9 de formats, y compris AA, AAA, C, D et 9V. Ce chargeur polyvalent garantit une alimentation fiable d\u00e8s sa sortie de la bo\u00eete, et est \u00e9quip\u00e9 de ports Micro USB\/USB-C pour une compatibilit\u00e9 universelle. Des fonctions de s\u00e9curit\u00e9 avanc\u00e9es assurent une protection contre la surcharge et la surchauffe, le tout emball\u00e9 dans des mat\u00e9riaux respectueux de l&rsquo;environnement, 100 % sans plastique.  <\/p>\n","protected":false},"excerpt":{"rendered":"<p>L&rsquo;ensemble Uniross Compact Multi Charger + 4 piles AA est la solution ultime pour charger une vari\u00e9t\u00e9 de formats, y compris AA, AAA, C, D et 9V. Ce chargeur polyvalent garantit une alimentation fiable d\u00e8s sa sortie de la bo\u00eete, et est \u00e9quip\u00e9 de ports Micro USB\/USB-C pour une compatibilit\u00e9 universelle. Des fonctions de s\u00e9curit\u00e9 [&hellip;]<\/p>\n","protected":false},"featured_media":5248,"template":"","meta":[],"application":[],"product_brand":[],"product_cat":[1391,1764],"product_tag":[],"class_list":{"0":"post-5241","1":"product","2":"type-product","3":"status-publish","4":"has-post-thumbnail","6":"product_cat-chargeurs-de-batterie","7":"product_cat-appareils-de-charge","8":"pa_battery-type-aa-aaa-9v","9":"pa_charger-type-ucu009a-4-piles-aa","10":"pa_charging-time-aa-12-16h-aaa-10-16h-9v-12-16h","11":"pa_simultaneous-charge-aa-1-4-pieces-aaa-1-4-pieces-9v-1-2-pieces","13":"first","14":"instock","15":"shipping-taxable","16":"purchasable","17":"product-type-simple"},"meta_box":{"image_advanced_d0knci360pw":[],"ak_name":[],"flashlight_show":"","light_mode":false,"featured_heading_1":"Chargement polyvalent","featured_heading_2":"S\u00e9curit\u00e9 totale","featured_heading_3":"Emballage \u00e9cologique","featured_description_1":"Chargez sans effort n'importe o\u00f9 gr\u00e2ce aux ports Micro USB\/USB-C pour une compatibilit\u00e9 universelle.","featured_description_2":"B\u00e9n\u00e9ficiez de protections de s\u00e9curit\u00e9 compl\u00e8tes, garantissant une charge sans souci, sans risque de surcharge ou de surchauffe.","featured_description_3":"Notre engagement en faveur du d\u00e9veloppement durable se traduit par des emballages 100 % sans plastique, ce qui permet de r\u00e9duire l'impact sur l'environnement et de promouvoir un avenir plus vert.","download_images":"","technical_datasheet":""},"_links":{"self":[{"href":"https:\/\/uniross.com\/fr\/wp-json\/wp\/v2\/product\/5241","targetHints":{"allow":["GET"]}}],"collection":[{"href":"https:\/\/uniross.com\/fr\/wp-json\/wp\/v2\/product"}],"about":[{"href":"https:\/\/uniross.com\/fr\/wp-json\/wp\/v2\/types\/product"}],"version-history":[{"count":0,"href":"https:\/\/uniross.com\/fr\/wp-json\/wp\/v2\/product\/5241\/revisions"}],"wp:featuredmedia":[{"embeddable":true,"href":"https:\/\/uniross.com\/fr\/wp-json\/wp\/v2\/media\/5248"}],"wp:attachment":[{"href":"https:\/\/uniross.com\/fr\/wp-json\/wp\/v2\/media?parent=5241"}],"wp:term":[{"taxonomy":"application","embeddable":true,"href":"https:\/\/uniross.com\/fr\/wp-json\/wp\/v2\/application?post=5241"},{"taxonomy":"product_brand","embeddable":true,"href":"https:\/\/uniross.com\/fr\/wp-json\/wp\/v2\/product_brand?post=5241"},{"taxonomy":"product_cat","embeddable":true,"href":"https:\/\/uniross.com\/fr\/wp-json\/wp\/v2\/product_cat?post=5241"},{"taxonomy":"product_tag","embeddable":true,"href":"https:\/\/uniross.com\/fr\/wp-json\/wp\/v2\/product_tag?post=5241"}],"curies":[{"name":"wp","href":"https:\/\/api.w.org\/{rel}","templated":true}]}}