{"id":5234,"date":"2025-06-19T15:32:37","date_gmt":"2025-06-19T07:32:37","guid":{"rendered":"https:\/\/uniross.com\/product\/torche-rechargeable-uniross-gx200-300lm\/"},"modified":"2025-06-19T15:32:37","modified_gmt":"2025-06-19T07:32:37","slug":"torche-rechargeable-uniross-gx200-300lm","status":"publish","type":"product","link":"https:\/\/uniross.com\/fr\/produit\/torche-rechargeable-uniross-gx200-300lm\/","title":{"rendered":"Torche rechargeable Uniross GX200 300lm"},"content":{"rendered":"<p>D\u00e9couvrez la torche rechargeable Uniross GX200, une solution d&rsquo;\u00e9clairage \u00e9l\u00e9gante et puissante con\u00e7ue pour une fiabilit\u00e9 quotidienne. \u00c9mettant 300 lumens avec un faisceau impressionnant de 135 m\u00e8tres, cette torche compacte est votre compagnon id\u00e9al pour une multitude de t\u00e2ches, de l&rsquo;inspection de la maison aux excursions en plein air. Fabriqu\u00e9e en aluminium durable, la GX200 offre une solidit\u00e9 exceptionnelle, une durabilit\u00e9 durable et une r\u00e9sistance sup\u00e9rieure \u00e0 la corrosion. Avec jusqu&rsquo;\u00e0 4,5 heures d&rsquo;autonomie, un clip ceinture int\u00e9gr\u00e9 pratique et une batterie rechargeable rempla\u00e7able, cette torche offre une praticit\u00e9 et des performances in\u00e9gal\u00e9es, soutenues par une g\u00e9n\u00e9reuse garantie de 5 ans pour votre tranquillit\u00e9 d&rsquo;esprit.   <\/p>\n","protected":false},"excerpt":{"rendered":"<p>D\u00e9couvrez la torche rechargeable Uniross GX200, une solution d&rsquo;\u00e9clairage \u00e9l\u00e9gante et puissante con\u00e7ue pour une fiabilit\u00e9 quotidienne. \u00c9mettant 300 lumens avec un faisceau impressionnant de 135 m\u00e8tres, cette torche compacte est votre compagnon id\u00e9al pour une multitude de t\u00e2ches, de l&rsquo;inspection de la maison aux excursions en plein air. Fabriqu\u00e9e en aluminium durable, la GX200 [&hellip;]<\/p>\n","protected":false},"featured_media":5247,"template":"","meta":[],"application":[],"product_brand":[],"product_cat":[1280,1763],"product_tag":[1213,1467],"class_list":{"0":"post-5234","1":"product","2":"type-product","3":"status-publish","4":"has-post-thumbnail","6":"product_cat-lampe-de-poche","7":"product_cat-eclairage-portable","8":"product_tag-nouveaux-lancements","9":"product_tag-serie-pro","10":"pa_battery-type-lithium-ion-14500","11":"pa_battery-voltage-3-7-v","12":"pa_charging-time-2-heures","13":"pa_waterproof-ip44-eclaboussures-deau","15":"first","16":"instock","17":"shipping-taxable","18":"purchasable","19":"product-type-simple"},"meta_box":{"image_advanced_d0knci360pw":[],"ak_name":[],"flashlight_show":"","light_mode":false,"featured_heading_1":"Un \u00e9clairage puissant dans un design fin (300 lumens)","featured_heading_2":"Construit pour durer","featured_heading_3":"Une puissance et une praticit\u00e9 fiables","featured_description_1":"B\u00e9n\u00e9ficiez d'un \u00e9clairage puissant de 300 lumens et d'un faisceau focalis\u00e9 de 135 m\u00e8tres, le tout dans un format \u00e9l\u00e9gant et portable. Choisissez parmi trois niveaux de luminosit\u00e9 polyvalents - \u00e9lev\u00e9 (300 lm), faible (150 lm) et stroboscopique - pour vous assurer d'avoir la bonne lumi\u00e8re dans toutes les situations, du travail minutieux \u00e0 la signalisation d'urgence. ","featured_description_2":"La GX200 est dot\u00e9e d'un bo\u00eetier m\u00e9tallique robuste, fabriqu\u00e9 avec pr\u00e9cision en aluminium, garantissant une solidit\u00e9 exceptionnelle, une durabilit\u00e9 durable et une r\u00e9sistance sup\u00e9rieure \u00e0 la corrosion. Cette construction robuste garantit la fiabilit\u00e9 de votre torche, que vous vous attaquiez \u00e0 des projets de bricolage ou que vous naviguiez en plein air. ","featured_description_3":"Profitez de 4,5 heures d'\u00e9clairage constant avec une seule charge, ce qui vous permet d'accomplir la plupart des t\u00e2ches. Le clip ceinture int\u00e9gr\u00e9 permet un acc\u00e8s facile et un transport mains libres, tandis que la batterie rechargeable et rempla\u00e7able offre une valeur \u00e0 long terme et des performances soutenues, ce qui en fait un outil vraiment fiable. ","download_images":"","technical_datasheet":""},"_links":{"self":[{"href":"https:\/\/uniross.com\/fr\/wp-json\/wp\/v2\/product\/5234","targetHints":{"allow":["GET"]}}],"collection":[{"href":"https:\/\/uniross.com\/fr\/wp-json\/wp\/v2\/product"}],"about":[{"href":"https:\/\/uniross.com\/fr\/wp-json\/wp\/v2\/types\/product"}],"version-history":[{"count":0,"href":"https:\/\/uniross.com\/fr\/wp-json\/wp\/v2\/product\/5234\/revisions"}],"wp:featuredmedia":[{"embeddable":true,"href":"https:\/\/uniross.com\/fr\/wp-json\/wp\/v2\/media\/5247"}],"wp:attachment":[{"href":"https:\/\/uniross.com\/fr\/wp-json\/wp\/v2\/media?parent=5234"}],"wp:term":[{"taxonomy":"application","embeddable":true,"href":"https:\/\/uniross.com\/fr\/wp-json\/wp\/v2\/application?post=5234"},{"taxonomy":"product_brand","embeddable":true,"href":"https:\/\/uniross.com\/fr\/wp-json\/wp\/v2\/product_brand?post=5234"},{"taxonomy":"product_cat","embeddable":true,"href":"https:\/\/uniross.com\/fr\/wp-json\/wp\/v2\/product_cat?post=5234"},{"taxonomy":"product_tag","embeddable":true,"href":"https:\/\/uniross.com\/fr\/wp-json\/wp\/v2\/product_tag?post=5234"}],"curies":[{"name":"wp","href":"https:\/\/api.w.org\/{rel}","templated":true}]}}