{"id":5230,"date":"2025-06-17T12:18:13","date_gmt":"2025-06-17T04:18:13","guid":{"rendered":"https:\/\/uniross.com\/product\/chargeur-de-batterie-compact-uniross-pour-piles-aa-aaa-et-9v\/"},"modified":"2025-06-17T12:18:13","modified_gmt":"2025-06-17T04:18:13","slug":"chargeur-de-batterie-compact-uniross-pour-piles-aa-aaa-et-9v","status":"publish","type":"product","link":"https:\/\/uniross.com\/fr\/produit\/chargeur-de-batterie-compact-uniross-pour-piles-aa-aaa-et-9v\/","title":{"rendered":"Chargeur de batterie compact Uniross pour piles AA, AAA et 9V"},"content":{"rendered":"<p>Le chargeur multiple compact Uniross est une solution de charge polyvalente pour une large gamme de tailles de piles, y compris AA, AAA, C, D et 9V. Que vous soyez \u00e0 la maison ou en d\u00e9placement, il garantit que vos piles sont charg\u00e9es et pr\u00eates \u00e0 l&#8217;emploi. Dot\u00e9 de ports Micro USB\/USB-C, ce chargeur \u00e9cologique est con\u00e7u avec des protections de s\u00e9curit\u00e9 compl\u00e8tes contre la surcharge et la surchauffe. Il est emball\u00e9 dans des mat\u00e9riaux 100 % sans plastique pour une meilleure durabilit\u00e9 environnementale.  <\/p>\n","protected":false},"excerpt":{"rendered":"<p>Le chargeur multiple compact Uniross est une solution de charge polyvalente pour une large gamme de tailles de piles, y compris AA, AAA, C, D et 9V. Que vous soyez \u00e0 la maison ou en d\u00e9placement, il garantit que vos piles sont charg\u00e9es et pr\u00eates \u00e0 l&#8217;emploi. Dot\u00e9 de ports Micro USB\/USB-C, ce chargeur \u00e9cologique [&hellip;]<\/p>\n","protected":false},"featured_media":5231,"template":"","meta":[],"application":[],"product_brand":[],"product_cat":[1391,1764],"product_tag":[],"class_list":{"0":"post-5230","1":"product","2":"type-product","3":"status-publish","4":"has-post-thumbnail","6":"product_cat-chargeurs-de-batterie","7":"product_cat-appareils-de-charge","8":"pa_battery-type-aa-aaa-9v","9":"pa_charger-type-ucu009-pas-de-piles","10":"pa_charging-time-aa-12-16h-aaa-10-16h-9v-12-16h","11":"pa_simultaneous-charge-aa-1-4-pieces-aaa-1-4-pieces-9v-1-2-pieces","13":"first","14":"instock","15":"shipping-taxable","16":"purchasable","17":"product-type-simple"},"meta_box":{"image_advanced_d0knci360pw":[],"ak_name":[],"flashlight_show":"","light_mode":false,"featured_heading_1":"Chargement polyvalent","featured_heading_2":"S\u00e9curit\u00e9 totale","featured_heading_3":"Emballage \u00e9cologique","featured_description_1":"Chargez sans effort n'importe o\u00f9 gr\u00e2ce aux ports Micro USB\/USB-C pour une compatibilit\u00e9 universelle.","featured_description_2":"B\u00e9n\u00e9ficiez de protections de s\u00e9curit\u00e9 compl\u00e8tes, garantissant une charge sans souci, sans risque de surcharge ou de surchauffe.","featured_description_3":"Notre engagement en faveur du d\u00e9veloppement durable se traduit par des emballages 100 % sans plastique, ce qui permet de r\u00e9duire l'impact sur l'environnement et de promouvoir un avenir plus vert.","download_images":"","technical_datasheet":""},"_links":{"self":[{"href":"https:\/\/uniross.com\/fr\/wp-json\/wp\/v2\/product\/5230","targetHints":{"allow":["GET"]}}],"collection":[{"href":"https:\/\/uniross.com\/fr\/wp-json\/wp\/v2\/product"}],"about":[{"href":"https:\/\/uniross.com\/fr\/wp-json\/wp\/v2\/types\/product"}],"version-history":[{"count":0,"href":"https:\/\/uniross.com\/fr\/wp-json\/wp\/v2\/product\/5230\/revisions"}],"wp:featuredmedia":[{"embeddable":true,"href":"https:\/\/uniross.com\/fr\/wp-json\/wp\/v2\/media\/5231"}],"wp:attachment":[{"href":"https:\/\/uniross.com\/fr\/wp-json\/wp\/v2\/media?parent=5230"}],"wp:term":[{"taxonomy":"application","embeddable":true,"href":"https:\/\/uniross.com\/fr\/wp-json\/wp\/v2\/application?post=5230"},{"taxonomy":"product_brand","embeddable":true,"href":"https:\/\/uniross.com\/fr\/wp-json\/wp\/v2\/product_brand?post=5230"},{"taxonomy":"product_cat","embeddable":true,"href":"https:\/\/uniross.com\/fr\/wp-json\/wp\/v2\/product_cat?post=5230"},{"taxonomy":"product_tag","embeddable":true,"href":"https:\/\/uniross.com\/fr\/wp-json\/wp\/v2\/product_tag?post=5230"}],"curies":[{"name":"wp","href":"https:\/\/api.w.org\/{rel}","templated":true}]}}