{"id":5211,"date":"2025-06-19T15:25:36","date_gmt":"2025-06-19T07:25:36","guid":{"rendered":"https:\/\/uniross.com\/product\/torche-rechargeable-uniross-gx500-1000lm\/"},"modified":"2025-06-19T15:25:36","modified_gmt":"2025-06-19T07:25:36","slug":"torche-rechargeable-uniross-gx500-1000lm","status":"publish","type":"product","link":"https:\/\/uniross.com\/fr\/produit\/torche-rechargeable-uniross-gx500-1000lm\/","title":{"rendered":"Torche rechargeable Uniross GX500 &#8211; 1000lm"},"content":{"rendered":"<p>D\u00e9couvrez la torche rechargeable Uniross GX500, m\u00e9ticuleusement con\u00e7ue pour des performances exceptionnelles dans n&rsquo;importe quel contexte. Cette torche robuste mais raffin\u00e9e d\u00e9livre une lumi\u00e8re brillante de 1000 lumens, ce qui en fait un outil indispensable pour les professionnels, les bricoleurs et les aventuriers en plein air. Fabriqu\u00e9e en aluminium robuste, elle offre une durabilit\u00e9 et une r\u00e9sistance \u00e0 la corrosion exceptionnelles, ce qui lui permet de r\u00e9sister aux conditions les plus difficiles. Avec une impressionnante autonomie de 120 heures et un chargement USB-C pratique, le GX500 est toujours pr\u00eat \u00e0 l&rsquo;action. Sa mise au point coulissante innovante permet de passer sans effort d&rsquo;un faisceau ponctuel per\u00e7ant \u00e0 un large projecteur, tandis que le clip de ceinture int\u00e9gr\u00e9 et la batterie rechargeable rempla\u00e7able renforcent son c\u00f4t\u00e9 pratique pour une utilisation quotidienne.    <\/p>\n","protected":false},"excerpt":{"rendered":"<p>D\u00e9couvrez la torche rechargeable Uniross GX500, m\u00e9ticuleusement con\u00e7ue pour des performances exceptionnelles dans n&rsquo;importe quel contexte. Cette torche robuste mais raffin\u00e9e d\u00e9livre une lumi\u00e8re brillante de 1000 lumens, ce qui en fait un outil indispensable pour les professionnels, les bricoleurs et les aventuriers en plein air. Fabriqu\u00e9e en aluminium robuste, elle offre une durabilit\u00e9 et [&hellip;]<\/p>\n","protected":false},"featured_media":5229,"template":"","meta":[],"application":[],"product_brand":[],"product_cat":[1280,1763],"product_tag":[1213,1467],"class_list":{"0":"post-5211","1":"product","2":"type-product","3":"status-publish","4":"has-post-thumbnail","6":"product_cat-lampe-de-poche","7":"product_cat-eclairage-portable","8":"product_tag-nouveaux-lancements","9":"product_tag-serie-pro","10":"pa_battery-type-1339","11":"pa_battery-voltage-3-7-v","12":"pa_charging-time-4-5-heures","13":"pa_waterproof-ip44-eclaboussures-deau","15":"first","16":"instock","17":"shipping-taxable","18":"purchasable","19":"product-type-simple"},"meta_box":{"image_advanced_d0knci360pw":[],"ak_name":[],"flashlight_show":"","light_mode":false,"featured_heading_1":"Luminosit\u00e9 et polyvalence exceptionnelles (1000 Lumens)","featured_heading_2":"Durabilit\u00e9 in\u00e9gal\u00e9e","featured_heading_3":"Puissance \u00e9tendue et charge intelligente (jusqu'\u00e0 120 heures)","featured_description_1":"Illuminez chaque t\u00e2che avec 1 000 lumens gr\u00e2ce \u00e0 six modes de luminosit\u00e9 polyvalents, dont les modes \u00e9lev\u00e9, moyen, faible, stroboscopique, SOS et un r\u00e9glage subtil de clair de lune. Passez sans effort d'un faisceau focalis\u00e9 pour la visibilit\u00e9 \u00e0 longue distance \u00e0 un faisceau large pour l'\u00e9clairage d'une zone gr\u00e2ce \u00e0 la mise au point coulissante intuitive, parfaite pour divers sc\u00e9narios au travail, \u00e0 la maison et \u00e0 l'ext\u00e9rieur. ","featured_description_2":"Construit pour durer, le GX500 est dot\u00e9 d'un bo\u00eetier m\u00e9tallique haut de gamme en aluminium, offrant une solidit\u00e9 sup\u00e9rieure, une durabilit\u00e9 in\u00e9branlable et une excellente r\u00e9sistance \u00e0 la corrosion. Cette conception robuste garantit des performances fiables, que vous soyez sur un chantier exigeant ou en exploration. ","featured_description_3":"B\u00e9n\u00e9ficiez d'une incroyable autonomie allant jusqu'\u00e0 120 heures, garantissant une lumi\u00e8re fiable lorsque vous en avez le plus besoin. La batterie rechargeable avanc\u00e9e offre une charge USB-C plus rapide pour des performances constantes. De plus, un indicateur de charge pratique vous permet de savoir pr\u00e9cis\u00e9ment quand votre torche est enti\u00e8rement aliment\u00e9e et pr\u00eate pour votre prochaine aventure.  ","download_images":"","technical_datasheet":""},"_links":{"self":[{"href":"https:\/\/uniross.com\/fr\/wp-json\/wp\/v2\/product\/5211","targetHints":{"allow":["GET"]}}],"collection":[{"href":"https:\/\/uniross.com\/fr\/wp-json\/wp\/v2\/product"}],"about":[{"href":"https:\/\/uniross.com\/fr\/wp-json\/wp\/v2\/types\/product"}],"version-history":[{"count":0,"href":"https:\/\/uniross.com\/fr\/wp-json\/wp\/v2\/product\/5211\/revisions"}],"wp:featuredmedia":[{"embeddable":true,"href":"https:\/\/uniross.com\/fr\/wp-json\/wp\/v2\/media\/5229"}],"wp:attachment":[{"href":"https:\/\/uniross.com\/fr\/wp-json\/wp\/v2\/media?parent=5211"}],"wp:term":[{"taxonomy":"application","embeddable":true,"href":"https:\/\/uniross.com\/fr\/wp-json\/wp\/v2\/application?post=5211"},{"taxonomy":"product_brand","embeddable":true,"href":"https:\/\/uniross.com\/fr\/wp-json\/wp\/v2\/product_brand?post=5211"},{"taxonomy":"product_cat","embeddable":true,"href":"https:\/\/uniross.com\/fr\/wp-json\/wp\/v2\/product_cat?post=5211"},{"taxonomy":"product_tag","embeddable":true,"href":"https:\/\/uniross.com\/fr\/wp-json\/wp\/v2\/product_tag?post=5211"}],"curies":[{"name":"wp","href":"https:\/\/api.w.org\/{rel}","templated":true}]}}