{"id":5194,"date":"2025-06-17T12:17:17","date_gmt":"2025-06-17T04:17:17","guid":{"rendered":"https:\/\/uniross.com\/product\/uniross-industrial-pro-alkaline-6lr61-9v\/"},"modified":"2025-06-17T12:17:17","modified_gmt":"2025-06-17T04:17:17","slug":"uniross-industrial-pro-alkaline-6lr61-9v","status":"publish","type":"product","link":"https:\/\/uniross.com\/fr\/produit\/uniross-industrial-pro-alkaline-6lr61-9v\/","title":{"rendered":"Uniross Industrial Pro Alkaline 6LR61 9V"},"content":{"rendered":"<p data-start=\"612\" data-end=\"870\">Dans les environnements professionnels et de s\u00e9curit\u00e9, l&rsquo;\u00e9chec n&rsquo;est pas une option. La pile Uniross Industrial Pro Alkaline 6LR61 9V est con\u00e7ue pour fournir une <strong data-start=\"757\" data-end=\"793\">\u00e9nergie constante et de longue dur\u00e9e<\/strong> pour les appareils o\u00f9 la fiabilit\u00e9 a un impact direct sur la protection et la performance. <\/p>\n<p data-start=\"872\" data-end=\"1211\">Avec une <strong data-start=\"879\" data-end=\"910\">capacit\u00e9 typique de 700 mAh<\/strong>, elle est optimis\u00e9e pour les longues dur\u00e9es de fonctionnement des \u00e9quipements essentiels tels que les <strong data-start=\"977\" data-end=\"1065\">d\u00e9tecteurs de fum\u00e9e, les dispositifs de s\u00e9curit\u00e9 domestique, les outils m\u00e9dicaux et les instruments de test portables.<\/strong> Son profil de d\u00e9charge stable garantit un fonctionnement fiable, aidant les entreprises et les m\u00e9nages \u00e0 maintenir la s\u00e9curit\u00e9 sans interruption impr\u00e9vue. <\/p>\n<p data-start=\"1213\" data-end=\"1518\">Con\u00e7ue pour durer, elle conserve <strong data-start=\"1248\" data-end=\"1287\">90 % de sa capacit\u00e9 apr\u00e8s 12 mois<\/strong> et <strong data-start=\"1292\" data-end=\"1315\">85 % apr\u00e8s 24 mois<\/strong>, avec une <strong data-start=\"1324\" data-end=\"1355\">dur\u00e9e de conservation pouvant aller jusqu&rsquo;\u00e0 7 ans<\/strong>. Fabriqu\u00e9e \u00e0 partir d&rsquo;une <strong data-start=\"1368\" data-end=\"1396\">chimie zinc-mangan\u00e8se<\/strong> et <strong data-start=\"1412\" data-end=\"1443\">sans ajout de mercure ou de cadmium<\/strong>, elle concilie performance professionnelle et responsabilit\u00e9 environnementale. <\/p>\n<p data-start=\"1520\" data-end=\"1850\">Fonctionnant dans une large <strong data-start=\"1544\" data-end=\"1585\">plage de temp\u00e9rature allant de -20\u00b0C \u00e0 +50\u00b0C<\/strong>, la pile Uniross 9V fournit une \u00e9nergie fiable dans diverses conditions, des environnements \u00e0 climat contr\u00f4l\u00e9 aux environnements difficiles sur le terrain. Gr\u00e2ce \u00e0 l&rsquo;<strong data-start=\"1731\" data-end=\"1773\">emballage en vrac et au suivi par code de date<\/strong>, la gestion des stocks devient simple et rentable pour les organisations. <\/p>\n","protected":false},"excerpt":{"rendered":"<p>La pile alcaline Uniross Industrial Pro 6LR61 9V fournit une <strong data-start=\"295\" data-end=\"357\">alimentation fiable pour les appareils professionnels et de s\u00e9curit\u00e9 critiques<\/strong>. Compacte mais puissante, elle est con\u00e7ue pour des performances durables dans les <strong data-start=\"428\" data-end=\"528\">d\u00e9tecteurs de fum\u00e9e, les instruments m\u00e9dicaux, les microphones sans fil, les syst\u00e8mes de s\u00e9curit\u00e9 et les \u00e9quipements de test.<\/strong> <\/p>\n","protected":false},"featured_media":5201,"template":"","meta":[],"application":[],"product_brand":[],"product_cat":[1432],"product_tag":[1433],"class_list":{"0":"post-5194","1":"product","2":"type-product","3":"status-publish","4":"has-post-thumbnail","6":"product_cat-piles-industrielles-alcalines-zinc-manganese","7":"product_tag-industriel","8":"pa_cross-reference-1604a-e-block-bloc-9v","9":"pa_max-dimensions-mm-160-x-255-x-475mm-005","10":"pa_shelf-life-7-ans","12":"first","13":"instock","14":"shipping-taxable","15":"purchasable","16":"product-type-simple"},"meta_box":{"image_advanced_d0knci360pw":[],"ak_name":[],"flashlight_show":"","light_mode":false,"featured_heading_1":"","featured_heading_2":"","featured_heading_3":"","featured_description_1":"","featured_description_2":"","featured_description_3":"","download_images":"","technical_datasheet":""},"_links":{"self":[{"href":"https:\/\/uniross.com\/fr\/wp-json\/wp\/v2\/product\/5194","targetHints":{"allow":["GET"]}}],"collection":[{"href":"https:\/\/uniross.com\/fr\/wp-json\/wp\/v2\/product"}],"about":[{"href":"https:\/\/uniross.com\/fr\/wp-json\/wp\/v2\/types\/product"}],"version-history":[{"count":0,"href":"https:\/\/uniross.com\/fr\/wp-json\/wp\/v2\/product\/5194\/revisions"}],"wp:featuredmedia":[{"embeddable":true,"href":"https:\/\/uniross.com\/fr\/wp-json\/wp\/v2\/media\/5201"}],"wp:attachment":[{"href":"https:\/\/uniross.com\/fr\/wp-json\/wp\/v2\/media?parent=5194"}],"wp:term":[{"taxonomy":"application","embeddable":true,"href":"https:\/\/uniross.com\/fr\/wp-json\/wp\/v2\/application?post=5194"},{"taxonomy":"product_brand","embeddable":true,"href":"https:\/\/uniross.com\/fr\/wp-json\/wp\/v2\/product_brand?post=5194"},{"taxonomy":"product_cat","embeddable":true,"href":"https:\/\/uniross.com\/fr\/wp-json\/wp\/v2\/product_cat?post=5194"},{"taxonomy":"product_tag","embeddable":true,"href":"https:\/\/uniross.com\/fr\/wp-json\/wp\/v2\/product_tag?post=5194"}],"curies":[{"name":"wp","href":"https:\/\/api.w.org\/{rel}","templated":true}]}}