{"id":5159,"date":"2025-04-29T14:34:08","date_gmt":"2025-04-29T06:34:08","guid":{"rendered":"https:\/\/uniross.com\/product\/lampe-frontale-uniross-ultralite-150lm\/"},"modified":"2025-04-29T14:34:08","modified_gmt":"2025-04-29T06:34:08","slug":"lampe-frontale-uniross-ultralite-150lm","status":"publish","type":"product","link":"https:\/\/uniross.com\/fr\/produit\/lampe-frontale-uniross-ultralite-150lm\/","title":{"rendered":"Lampe frontale Uniross UltraLite &#8211; 150LM"},"content":{"rendered":"<p>La lampe frontale Uniross UltraLite est con\u00e7ue pour les amateurs d&rsquo;activit\u00e9s de plein air et les professionnels qui ont besoin d&rsquo;un \u00e9clairage fiable et mains libres. Dot\u00e9e de LED COB lumineuses avec trois modes (faible, \u00e9lev\u00e9 et flash), cette lampe frontale offre jusqu&rsquo;\u00e0 150 lumens de luminosit\u00e9. Construite avec des mat\u00e9riaux durables et r\u00e9sistants aux \u00e9claboussures et un bandeau r\u00e9glable pour le confort, elle est parfaite pour les aventures en plein air, le camping, la randonn\u00e9e et l&rsquo;utilisation en cas d&rsquo;urgence. La lampe frontale fonctionne avec 3 piles AAA (non fournies) et offre jusqu&rsquo;\u00e0 7 heures d&rsquo;autonomie. Avec une r\u00e9sistance aux intemp\u00e9ries IP44 et une lentille incassable, cette lampe frontale est con\u00e7ue pour r\u00e9sister aux conditions difficiles.    <\/p>\n","protected":false},"excerpt":{"rendered":"<p>La lampe frontale Uniross UltraLite est con\u00e7ue pour les amateurs d&rsquo;activit\u00e9s de plein air et les professionnels qui ont besoin d&rsquo;un \u00e9clairage fiable et mains libres. Dot\u00e9e de LED COB lumineuses avec trois modes (faible, \u00e9lev\u00e9 et flash), cette lampe frontale offre jusqu&rsquo;\u00e0 150 lumens de luminosit\u00e9. Construite avec des mat\u00e9riaux durables et r\u00e9sistants aux [&hellip;]<\/p>\n","protected":false},"featured_media":5181,"template":"","meta":[],"application":[],"product_brand":[],"product_cat":[1312,1763],"product_tag":[1213],"class_list":{"0":"post-5159","1":"product","2":"type-product","3":"status-publish","4":"has-post-thumbnail","6":"product_cat-lampe-frontale","7":"product_cat-eclairage-portable","8":"product_tag-nouveaux-lancements","9":"pa_beam-distance-20m","10":"pa_lumens-150-lm-70-lm","11":"pa_weather-resisting-rating-ip44-poussiere-protection-contre-les-eclaboussures","13":"first","14":"instock","15":"featured","16":"shipping-taxable","17":"purchasable","18":"product-type-simple"},"meta_box":{"image_advanced_d0knci360pw":[],"ak_name":[],"flashlight_show":"","light_mode":false,"featured_heading_1":"LED COB lumineuse","featured_heading_2":"Construction durable","featured_heading_3":"L\u00e9ger et pratique","featured_description_1":"Avec une luminosit\u00e9 de 150 lumens, nos lampes frontales \u00e0 LED COB offrent une excellente visibilit\u00e9 pour toutes les t\u00e2ches, qu'il s'agisse de randonner ou de travailler dans des conditions de faible luminosit\u00e9. Le faisceau r\u00e9glable garantit un \u00e9clairage cibl\u00e9 l\u00e0 o\u00f9 vous en avez besoin. ","featured_description_2":"Fabriqu\u00e9es en ABS robuste, ces lampes frontales sont r\u00e9sistantes aux chocs et aux intemp\u00e9ries, garantissant leur fiabilit\u00e9 pour les aventures en plein air ou les t\u00e2ches quotidiennes.","featured_description_3":"L\u00e9g\u00e8re et confortable, la sangle r\u00e9glable assure un maintien s\u00fbr pour une utilisation tout au long de la journ\u00e9e. Parfait pour un \u00e9clairage mains libres, o\u00f9 que votre voyage vous m\u00e8ne. ","download_images":"","technical_datasheet":""},"_links":{"self":[{"href":"https:\/\/uniross.com\/fr\/wp-json\/wp\/v2\/product\/5159","targetHints":{"allow":["GET"]}}],"collection":[{"href":"https:\/\/uniross.com\/fr\/wp-json\/wp\/v2\/product"}],"about":[{"href":"https:\/\/uniross.com\/fr\/wp-json\/wp\/v2\/types\/product"}],"version-history":[{"count":0,"href":"https:\/\/uniross.com\/fr\/wp-json\/wp\/v2\/product\/5159\/revisions"}],"wp:featuredmedia":[{"embeddable":true,"href":"https:\/\/uniross.com\/fr\/wp-json\/wp\/v2\/media\/5181"}],"wp:attachment":[{"href":"https:\/\/uniross.com\/fr\/wp-json\/wp\/v2\/media?parent=5159"}],"wp:term":[{"taxonomy":"application","embeddable":true,"href":"https:\/\/uniross.com\/fr\/wp-json\/wp\/v2\/application?post=5159"},{"taxonomy":"product_brand","embeddable":true,"href":"https:\/\/uniross.com\/fr\/wp-json\/wp\/v2\/product_brand?post=5159"},{"taxonomy":"product_cat","embeddable":true,"href":"https:\/\/uniross.com\/fr\/wp-json\/wp\/v2\/product_cat?post=5159"},{"taxonomy":"product_tag","embeddable":true,"href":"https:\/\/uniross.com\/fr\/wp-json\/wp\/v2\/product_tag?post=5159"}],"curies":[{"name":"wp","href":"https:\/\/api.w.org\/{rel}","templated":true}]}}