{"id":5158,"date":"2025-06-17T12:17:44","date_gmt":"2025-06-17T04:17:44","guid":{"rendered":"https:\/\/uniross.com\/product\/uniross-industrial-pro-alcaline-lr20-d-1-5v\/"},"modified":"2025-06-17T12:17:44","modified_gmt":"2025-06-17T04:17:44","slug":"uniross-industrial-pro-alcaline-lr20-d-1-5v","status":"publish","type":"product","link":"https:\/\/uniross.com\/fr\/produit\/uniross-industrial-pro-alcaline-lr20-d-1-5v\/","title":{"rendered":"Uniross Industrial Pro Alcaline LR20\/D 1.5V"},"content":{"rendered":"<p data-start=\"591\" data-end=\"871\">Lorsque les besoins en \u00e9nergie sont les plus \u00e9lev\u00e9s, vous avez besoin d&rsquo;une pile qui ne laissera pas votre \u00e9quipement tomber. La pile alcaline LR20 D Uniross Industrial Pro est con\u00e7ue pour des <strong data-start=\"751\" data-end=\"791\">performances durables et robustes<\/strong>, ce qui la rend id\u00e9ale pour les environnements professionnels o\u00f9 la fiabilit\u00e9 est essentielle. <\/p>\n<p data-start=\"873\" data-end=\"1231\">D&rsquo;une <strong data-start=\"886\" data-end=\"920\">capacit\u00e9 typique de 15 000 mAh<\/strong>, elle assure un fonctionnement durable des appareils gourmands en \u00e9nergie tels que les <strong data-start=\"990\" data-end=\"1073\">radios portables, les \u00e9clairages professionnels, les syst\u00e8mes de s\u00e9curit\u00e9 et les \u00e9quipements m\u00e9dicaux<\/strong>. Sa grande stabilit\u00e9 de d\u00e9charge r\u00e9duit le risque de temps d&rsquo;arr\u00eat, aidant les entreprises \u00e0 fonctionner en douceur tout en r\u00e9duisant la fr\u00e9quence de remplacement et les co\u00fbts \u00e0 long terme. <\/p>\n<p data-start=\"1233\" data-end=\"1556\">Avec une <strong data-start=\"1246\" data-end=\"1268\">dur\u00e9e de conservation allant jusqu&rsquo;\u00e0 10 ans<\/strong> et la capacit\u00e9 de conserver <strong data-start=\"1295\" data-end=\"1334\">90 % de sa capacit\u00e9 apr\u00e8s 12 mois<\/strong>, la LR20 garantit une disponibilit\u00e9 m\u00eame apr\u00e8s un stockage prolong\u00e9. Construite avec une <strong data-start=\"1406\" data-end=\"1434\">chimie zinc-mangan\u00e8se<\/strong> <strong data-start=\"1439\" data-end=\"1470\">sans mercure ni cadmium ajout\u00e9s<\/strong>, elle r\u00e9pond aux normes environnementales sans sacrifier les performances industrielles. <\/p>\n<p data-start=\"1558\" data-end=\"1869\">Con\u00e7ue pour fonctionner dans des conditions extr\u00eames de <strong data-start=\"1607\" data-end=\"1625\">-20\u00b0C \u00e0 +50\u00b0C<\/strong>, la LR20 fournit une \u00e9nergie fiable \u00e0 la fois \u00e0 l&rsquo;int\u00e9rieur et dans des applications exigeantes sur le terrain. Fourni dans un <strong data-start=\"1725\" data-end=\"1771\">emballage en vrac avec un codage de date individuel<\/strong>, il rationalise la gestion des stocks et favorise un approvisionnement efficace pour les utilisateurs professionnels. <\/p>\n","protected":false},"excerpt":{"rendered":"<p>La pile alcaline Uniross Industrial Pro LR20 D 1,5V est con\u00e7ue pour une <strong data-start=\"271\" data-end=\"327\">endurance maximale dans les appareils professionnels \u00e0 forte consommation<\/strong>. Avec une capacit\u00e9 exceptionnelle, une longue dur\u00e9e de vie et un rendement fiable, c&rsquo;est le choix de confiance pour les <strong data-start=\"425\" data-end=\"507\">\u00e9quipements m\u00e9dicaux, les lampes de poche, les radios, les syst\u00e8mes de s\u00e9curit\u00e9 et les outils industriels.<\/strong> <\/p>\n","protected":false},"featured_media":5167,"template":"","meta":[],"application":[],"product_brand":[],"product_cat":[1432],"product_tag":[1433],"class_list":{"0":"post-5158","1":"product","2":"type-product","3":"status-publish","4":"has-post-thumbnail","6":"product_cat-piles-industrielles-alcalines-zinc-manganese","7":"product_tag-industriel","8":"pa_cross-reference-am1-13a","9":"pa_max-dimensions-mm-o-330-x-615mm-005","10":"pa_shelf-life-10-ans","12":"first","13":"instock","14":"shipping-taxable","15":"purchasable","16":"product-type-simple"},"meta_box":{"image_advanced_d0knci360pw":[],"ak_name":[],"flashlight_show":"","light_mode":false,"featured_heading_1":"","featured_heading_2":"","featured_heading_3":"","featured_description_1":"","featured_description_2":"","featured_description_3":"","download_images":"","technical_datasheet":""},"_links":{"self":[{"href":"https:\/\/uniross.com\/fr\/wp-json\/wp\/v2\/product\/5158","targetHints":{"allow":["GET"]}}],"collection":[{"href":"https:\/\/uniross.com\/fr\/wp-json\/wp\/v2\/product"}],"about":[{"href":"https:\/\/uniross.com\/fr\/wp-json\/wp\/v2\/types\/product"}],"version-history":[{"count":0,"href":"https:\/\/uniross.com\/fr\/wp-json\/wp\/v2\/product\/5158\/revisions"}],"wp:featuredmedia":[{"embeddable":true,"href":"https:\/\/uniross.com\/fr\/wp-json\/wp\/v2\/media\/5167"}],"wp:attachment":[{"href":"https:\/\/uniross.com\/fr\/wp-json\/wp\/v2\/media?parent=5158"}],"wp:term":[{"taxonomy":"application","embeddable":true,"href":"https:\/\/uniross.com\/fr\/wp-json\/wp\/v2\/application?post=5158"},{"taxonomy":"product_brand","embeddable":true,"href":"https:\/\/uniross.com\/fr\/wp-json\/wp\/v2\/product_brand?post=5158"},{"taxonomy":"product_cat","embeddable":true,"href":"https:\/\/uniross.com\/fr\/wp-json\/wp\/v2\/product_cat?post=5158"},{"taxonomy":"product_tag","embeddable":true,"href":"https:\/\/uniross.com\/fr\/wp-json\/wp\/v2\/product_tag?post=5158"}],"curies":[{"name":"wp","href":"https:\/\/api.w.org\/{rel}","templated":true}]}}