{"id":5128,"date":"2025-06-17T12:17:36","date_gmt":"2025-06-17T04:17:36","guid":{"rendered":"https:\/\/uniross.com\/product\/uniross-industrial-pro-alcaline-lr14-c-1-5v\/"},"modified":"2025-06-17T12:17:36","modified_gmt":"2025-06-17T04:17:36","slug":"uniross-industrial-pro-alcaline-lr14-c-1-5v","status":"publish","type":"product","link":"https:\/\/uniross.com\/fr\/produit\/uniross-industrial-pro-alcaline-lr14-c-1-5v\/","title":{"rendered":"Uniross Industrial Pro Alcaline LR14\/C 1.5V"},"content":{"rendered":"<p data-start=\"613\" data-end=\"933\">Lorsque vos activit\u00e9s d\u00e9pendent d&rsquo;\u00e9quipements qui consomment beaucoup d&rsquo;\u00e9nergie en continu, la pile alcaline LR14 C Uniross Industrial Pro est con\u00e7ue pour r\u00e9pondre \u00e0 vos besoins. Avec une <strong data-start=\"772\" data-end=\"804\">capacit\u00e9 typique de 8700 mAh<\/strong>, elle fournit l&rsquo;endurance dont les professionnels ont besoin dans des appareils tels que les <strong data-start=\"870\" data-end=\"930\">\u00e9quipements m\u00e9dicaux, les radios portables et les syst\u00e8mes de s\u00e9curit\u00e9<\/strong>. <\/p>\n<p data-start=\"935\" data-end=\"1247\">Son profil de d\u00e9charge solide garantit des performances r\u00e9guli\u00e8res au fil du temps, r\u00e9duisant les temps d&rsquo;arr\u00eat et minimisant les co\u00fbts associ\u00e9s aux remplacements fr\u00e9quents. Avec une <strong data-start=\"1097\" data-end=\"1119\">dur\u00e9e de vie de 10 ans<\/strong> et la capacit\u00e9 de conserver <strong data-start=\"1146\" data-end=\"1185\">90 % de sa capacit\u00e9 apr\u00e8s 12 mois<\/strong>, la LR14 est toujours pr\u00eate lorsque votre entreprise en a le plus besoin. <\/p>\n<p data-start=\"1249\" data-end=\"1588\">Construite avec une <strong data-start=\"1266\" data-end=\"1294\">chimie zinc-mangan\u00e8se<\/strong> <strong data-start=\"1299\" data-end=\"1330\">sans mercure ni cadmium ajout\u00e9s<\/strong>, elle r\u00e9pond aux attentes des professionnels tout en s&rsquo;alignant sur les normes environnementales modernes. Con\u00e7ue pour fonctionner dans une large <strong data-start=\"1452\" data-end=\"1491\">plage de temp\u00e9ratures allant de -20\u00b0C \u00e0 +50\u00b0C<\/strong>, elle fournit une \u00e9nergie constante aussi bien dans des environnements int\u00e9rieurs stables que dans des conditions de terrain difficiles. <\/p>\n<p data-start=\"1590\" data-end=\"1796\">Pour favoriser l&rsquo;efficacit\u00e9 de l&rsquo;approvisionnement et de la logistique, les batteries Uniross Industrial Pro sont <strong data-start=\"1675\" data-end=\"1720\">emball\u00e9es en vrac et dot\u00e9es d&rsquo;un code de date individuel<\/strong>, ce qui permet aux entreprises d&rsquo;avoir confiance dans la rotation des stocks et la gestion de l&rsquo;inventaire.<\/p>\n","protected":false},"excerpt":{"rendered":"<p>La pile alcaline Uniross Industrial Pro LR14 C 1,5V offre une <strong data-start=\"266\" data-end=\"329\">puissance de haute capacit\u00e9 pour les applications professionnelles exigeantes<\/strong>. Construite pour l&rsquo;endurance et la constance, elle est id\u00e9ale pour les <strong data-start=\"384\" data-end=\"468\">appareils m\u00e9dicaux, les lampes de poche, les radios, les \u00e9quipements industriels et les syst\u00e8mes de s\u00e9curit\u00e9<\/strong>, garantissant une performance ininterrompue dans les environnements critiques. <\/p>\n","protected":false},"featured_media":5145,"template":"","meta":[],"application":[],"product_brand":[],"product_cat":[1432],"product_tag":[1433],"class_list":{"0":"post-5128","1":"product","2":"type-product","3":"status-publish","4":"has-post-thumbnail","6":"product_cat-piles-industrielles-alcalines-zinc-manganese","7":"product_tag-industriel","8":"pa_cross-reference-am2-14a","9":"pa_max-dimensions-mm-o-255-x-500mm-005","10":"pa_shelf-life-10-ans","12":"first","13":"instock","14":"shipping-taxable","15":"purchasable","16":"product-type-simple"},"meta_box":{"image_advanced_d0knci360pw":[],"ak_name":[],"flashlight_show":"","light_mode":false,"featured_heading_1":"","featured_heading_2":"","featured_heading_3":"","featured_description_1":"","featured_description_2":"","featured_description_3":"","download_images":"","technical_datasheet":""},"_links":{"self":[{"href":"https:\/\/uniross.com\/fr\/wp-json\/wp\/v2\/product\/5128","targetHints":{"allow":["GET"]}}],"collection":[{"href":"https:\/\/uniross.com\/fr\/wp-json\/wp\/v2\/product"}],"about":[{"href":"https:\/\/uniross.com\/fr\/wp-json\/wp\/v2\/types\/product"}],"version-history":[{"count":0,"href":"https:\/\/uniross.com\/fr\/wp-json\/wp\/v2\/product\/5128\/revisions"}],"wp:featuredmedia":[{"embeddable":true,"href":"https:\/\/uniross.com\/fr\/wp-json\/wp\/v2\/media\/5145"}],"wp:attachment":[{"href":"https:\/\/uniross.com\/fr\/wp-json\/wp\/v2\/media?parent=5128"}],"wp:term":[{"taxonomy":"application","embeddable":true,"href":"https:\/\/uniross.com\/fr\/wp-json\/wp\/v2\/application?post=5128"},{"taxonomy":"product_brand","embeddable":true,"href":"https:\/\/uniross.com\/fr\/wp-json\/wp\/v2\/product_brand?post=5128"},{"taxonomy":"product_cat","embeddable":true,"href":"https:\/\/uniross.com\/fr\/wp-json\/wp\/v2\/product_cat?post=5128"},{"taxonomy":"product_tag","embeddable":true,"href":"https:\/\/uniross.com\/fr\/wp-json\/wp\/v2\/product_tag?post=5128"}],"curies":[{"name":"wp","href":"https:\/\/api.w.org\/{rel}","templated":true}]}}