{"id":5127,"date":"2025-04-29T14:33:41","date_gmt":"2025-04-29T06:33:41","guid":{"rendered":"https:\/\/uniross.com\/product\/chargeur-de-piles-uniross-pour-piles-aa-et-aaa-4-piles-aa-rechargeables-incluses\/"},"modified":"2025-04-29T14:33:41","modified_gmt":"2025-04-29T06:33:41","slug":"chargeur-de-piles-uniross-pour-piles-aa-et-aaa-4-piles-aa-rechargeables-incluses","status":"publish","type":"product","link":"https:\/\/uniross.com\/fr\/produit\/chargeur-de-piles-uniross-pour-piles-aa-et-aaa-4-piles-aa-rechargeables-incluses\/","title":{"rendered":"Chargeur de piles Uniross pour piles AA et AAA &#8211; 4 piles AA rechargeables incluses"},"content":{"rendered":"<p>B\u00e9n\u00e9ficiez d&rsquo;un rapport qualit\u00e9-prix incroyable avec le chargeur Uniross Value Charger, qui comprend 4 piles rechargeables AA pr\u00e9-charg\u00e9es avec chargeur. Ce chargeur polyvalent est id\u00e9al pour le meilleur chargeur de piles pour les piles AA et les piles AAA et dispose d&rsquo;une fonction de charge USB-C pour plus de commodit\u00e9. Les fonctions de s\u00e9curit\u00e9 int\u00e9gr\u00e9es prot\u00e8gent vos piles contre la surcharge et la surchauffe, garantissant une fiabilit\u00e9 \u00e0 chaque fois.  <\/p>\n","protected":false},"excerpt":{"rendered":"<p>B\u00e9n\u00e9ficiez d&rsquo;un rapport qualit\u00e9-prix incroyable avec le chargeur Uniross Value Charger, qui comprend 4 piles rechargeables AA pr\u00e9-charg\u00e9es avec chargeur. Ce chargeur polyvalent est id\u00e9al pour le meilleur chargeur de piles pour les piles AA et les piles AAA et dispose d&rsquo;une fonction de charge USB-C pour plus de commodit\u00e9. Les fonctions de s\u00e9curit\u00e9 int\u00e9gr\u00e9es [&hellip;]<\/p>\n","protected":false},"featured_media":6689,"template":"","meta":[],"application":[],"product_brand":[],"product_cat":[1391,1764],"product_tag":[1213],"class_list":{"0":"post-5127","1":"product","2":"type-product","3":"status-publish","4":"has-post-thumbnail","6":"product_cat-chargeurs-de-batterie","7":"product_cat-appareils-de-charge","8":"product_tag-nouveaux-lancements","9":"pa_battery-type-nimh-aa-aaa","10":"pa_charging-time-aa-1300-2000mah-7-10-heures-aaa-500-800mah-6-9-heures","11":"pa_simultaneous-charge-aa-2-4-pieces-aaa-2-4-pieces","13":"first","14":"instock","15":"shipping-taxable","16":"purchasable","17":"product-type-simple"},"meta_box":{"image_advanced_d0knci360pw":[],"ak_name":[],"flashlight_show":"","light_mode":false,"featured_heading_1":"Chargement polyvalent","featured_heading_2":"Minuterie d'arr\u00eat de s\u00e9curit\u00e9","featured_heading_3":"Emballage \u00e9cologique","featured_description_1":"Chargez sans effort n'importe o\u00f9 gr\u00e2ce aux ports Micro USB\/USB-C pour une compatibilit\u00e9 universelle.","featured_description_2":"Notre chargeur de batterie est dot\u00e9 d'une minuterie d'arr\u00eat de s\u00e9curit\u00e9 de 12 heures, con\u00e7ue pour s'\u00e9teindre automatiquement apr\u00e8s un cycle de charge complet. Cela garantit une sant\u00e9 optimale de la batterie et emp\u00eache la surcharge, offrant ainsi une tranquillit\u00e9 d'esprit pendant que vous chargez vos appareils. ","featured_description_3":"Notre engagement en faveur du d\u00e9veloppement durable se traduit par des emballages 100 % sans plastique, ce qui permet de r\u00e9duire l'impact sur l'environnement et de promouvoir un avenir plus vert.","download_images":"","technical_datasheet":""},"_links":{"self":[{"href":"https:\/\/uniross.com\/fr\/wp-json\/wp\/v2\/product\/5127","targetHints":{"allow":["GET"]}}],"collection":[{"href":"https:\/\/uniross.com\/fr\/wp-json\/wp\/v2\/product"}],"about":[{"href":"https:\/\/uniross.com\/fr\/wp-json\/wp\/v2\/types\/product"}],"version-history":[{"count":0,"href":"https:\/\/uniross.com\/fr\/wp-json\/wp\/v2\/product\/5127\/revisions"}],"wp:featuredmedia":[{"embeddable":true,"href":"https:\/\/uniross.com\/fr\/wp-json\/wp\/v2\/media\/6689"}],"wp:attachment":[{"href":"https:\/\/uniross.com\/fr\/wp-json\/wp\/v2\/media?parent=5127"}],"wp:term":[{"taxonomy":"application","embeddable":true,"href":"https:\/\/uniross.com\/fr\/wp-json\/wp\/v2\/application?post=5127"},{"taxonomy":"product_brand","embeddable":true,"href":"https:\/\/uniross.com\/fr\/wp-json\/wp\/v2\/product_brand?post=5127"},{"taxonomy":"product_cat","embeddable":true,"href":"https:\/\/uniross.com\/fr\/wp-json\/wp\/v2\/product_cat?post=5127"},{"taxonomy":"product_tag","embeddable":true,"href":"https:\/\/uniross.com\/fr\/wp-json\/wp\/v2\/product_tag?post=5127"}],"curies":[{"name":"wp","href":"https:\/\/api.w.org\/{rel}","templated":true}]}}