{"id":5102,"date":"2025-06-17T12:17:30","date_gmt":"2025-06-17T04:17:30","guid":{"rendered":"https:\/\/uniross.com\/product\/uniross-industrial-pro-alcaline-lr6-aa-1-5v\/"},"modified":"2025-06-17T12:17:30","modified_gmt":"2025-06-17T04:17:30","slug":"uniross-industrial-pro-alcaline-lr6-aa-1-5v","status":"publish","type":"product","link":"https:\/\/uniross.com\/fr\/produit\/uniross-industrial-pro-alcaline-lr6-aa-1-5v\/","title":{"rendered":"Uniross Industrial Pro Alcaline LR6\/AA 1.5V"},"content":{"rendered":"<p data-start=\"525\" data-end=\"841\">Lorsque votre entreprise d\u00e9pend d&rsquo;\u00e9quipements qui ne peuvent pas se permettre de temps d&rsquo;arr\u00eat, vous avez besoin d&rsquo;une pile con\u00e7ue pour l&rsquo;endurance. La pile alcaline LR6 AA Uniross Industrial Pro fournit une <strong data-start=\"684\" data-end=\"718\">\u00e9nergie puissante et constante<\/strong> pour les appareils professionnels \u00e0 forte consommation &#8211; des <strong data-start=\"762\" data-end=\"798\">radios bidirectionnelles et des syst\u00e8mes d&rsquo;alarme<\/strong> aux <strong data-start=\"802\" data-end=\"838\">lampes de poche et aux outils industriels<\/strong>. <\/p>\n<p data-start=\"843\" data-end=\"1204\">Gr\u00e2ce \u00e0 sa <strong data-start=\"857\" data-end=\"888\">cellule haute capacit\u00e9 de 2900 mAh<\/strong>, cette pile AA offre une autonomie fiable, m\u00eame en cas de charge continue ou d&rsquo;impulsion importante, ce qui permet de r\u00e9duire la fr\u00e9quence des remplacements. Avec une <strong data-start=\"1035\" data-end=\"1061\">dur\u00e9e de conservation allant jusqu&rsquo;\u00e0 10 ans<\/strong> et la capacit\u00e9 de conserver <strong data-start=\"1088\" data-end=\"1131\">90 % de sa capacit\u00e9 apr\u00e8s 12 mois de stockage<\/strong>, elle vous assure de toujours disposer d&rsquo;une alimentation fiable lorsque vous en avez besoin. <\/p>\n<p data-start=\"1206\" data-end=\"1504\">Con\u00e7ue avec la <strong data-start=\"1222\" data-end=\"1250\">chimie du zinc et du mangan\u00e8se<\/strong>, <strong data-start=\"1255\" data-end=\"1286\">sans mercure ni cadmium ajout\u00e9s<\/strong>, elle combine des performances de niveau professionnel avec une fabrication responsable. Con\u00e7u pour fonctionner \u00e0 des <strong data-start=\"1386\" data-end=\"1430\">temp\u00e9ratures extr\u00eames de -20\u00b0C \u00e0 +50\u00b0C<\/strong>, c&rsquo;est un choix de confiance pour une utilisation sur le terrain ou en int\u00e9rieur dans tous les secteurs d&rsquo;activit\u00e9. <\/p>\n<p data-start=\"1506\" data-end=\"1812\">L&#8217;emballage en vrac et le <strong data-start=\"1525\" data-end=\"1551\">codage individuel des dates<\/strong> facilitent la rotation des stocks et la planification des inventaires, ce qui permet aux entreprises de gagner du temps et de r\u00e9duire leurs co\u00fbts \u00e0 long terme.<\/p>\n","protected":false},"excerpt":{"rendered":"<p>Les piles alcalines Uniross Industrial Pro LR6 AA 1,5V offrent des <strong data-start=\"484\" data-end=\"521\">performances puissantes et fiables<\/strong> pour les appareils professionnels \u00e0 consommation \u00e9lev\u00e9e. Con\u00e7ues pour une utilisation industrielle, elles fournissent une \u00e9nergie durable, une excellente dur\u00e9e de conservation et un rendement constant dans des applications exigeantes telles que les <strong data-start=\"704\" data-end=\"789\">radios bidirectionnelles, les syst\u00e8mes d&rsquo;alarme, les d\u00e9tecteurs de mouvement, les lampes de poche et les t\u00e9l\u00e9commandes.<\/strong> <\/p>\n","protected":false},"featured_media":5121,"template":"","meta":[],"application":[],"product_brand":[],"product_cat":[1432],"product_tag":[1433],"class_list":{"0":"post-5102","1":"product","2":"type-product","3":"status-publish","4":"has-post-thumbnail","6":"product_cat-piles-industrielles-alcalines-zinc-manganese","7":"product_tag-industriel","8":"pa_cross-reference-am3-15a","9":"pa_max-dimensions-mm-o-140-x-500mm-005","10":"pa_shelf-life-10-ans","11":"pa_weight-approx-g-23-5g","13":"first","14":"instock","15":"shipping-taxable","16":"purchasable","17":"product-type-simple"},"meta_box":{"image_advanced_d0knci360pw":[],"ak_name":[],"flashlight_show":"","light_mode":false,"featured_heading_1":"","featured_heading_2":"","featured_heading_3":"","featured_description_1":"","featured_description_2":"","featured_description_3":"","download_images":"","technical_datasheet":""},"_links":{"self":[{"href":"https:\/\/uniross.com\/fr\/wp-json\/wp\/v2\/product\/5102","targetHints":{"allow":["GET"]}}],"collection":[{"href":"https:\/\/uniross.com\/fr\/wp-json\/wp\/v2\/product"}],"about":[{"href":"https:\/\/uniross.com\/fr\/wp-json\/wp\/v2\/types\/product"}],"version-history":[{"count":0,"href":"https:\/\/uniross.com\/fr\/wp-json\/wp\/v2\/product\/5102\/revisions"}],"wp:featuredmedia":[{"embeddable":true,"href":"https:\/\/uniross.com\/fr\/wp-json\/wp\/v2\/media\/5121"}],"wp:attachment":[{"href":"https:\/\/uniross.com\/fr\/wp-json\/wp\/v2\/media?parent=5102"}],"wp:term":[{"taxonomy":"application","embeddable":true,"href":"https:\/\/uniross.com\/fr\/wp-json\/wp\/v2\/application?post=5102"},{"taxonomy":"product_brand","embeddable":true,"href":"https:\/\/uniross.com\/fr\/wp-json\/wp\/v2\/product_brand?post=5102"},{"taxonomy":"product_cat","embeddable":true,"href":"https:\/\/uniross.com\/fr\/wp-json\/wp\/v2\/product_cat?post=5102"},{"taxonomy":"product_tag","embeddable":true,"href":"https:\/\/uniross.com\/fr\/wp-json\/wp\/v2\/product_tag?post=5102"}],"curies":[{"name":"wp","href":"https:\/\/api.w.org\/{rel}","templated":true}]}}