{"id":5101,"date":"2025-04-29T14:33:31","date_gmt":"2025-04-29T06:33:31","guid":{"rendered":"https:\/\/uniross.com\/product\/chargeur-de-batterie-uniross-value-pour-piles-aa-et-aaa\/"},"modified":"2025-04-29T14:33:31","modified_gmt":"2025-04-29T06:33:31","slug":"chargeur-de-batterie-uniross-value-pour-piles-aa-et-aaa","status":"publish","type":"product","link":"https:\/\/uniross.com\/fr\/produit\/chargeur-de-batterie-uniross-value-pour-piles-aa-et-aaa\/","title":{"rendered":"Chargeur de batterie Uniross Value pour piles AA et AAA"},"content":{"rendered":"<p>Le chargeur Uniross Value Charger est parfait pour les piles AA et AAA. Cette solution abordable offre des options de charge avec USB-C, garantissant la charge des piles AA et des piles AAA. Les fonctions de s\u00e9curit\u00e9 prot\u00e8gent contre la surcharge et la surchauffe, permettant une utilisation sans souci. Emball\u00e9 dans des mat\u00e9riaux 100 % sans plastique, il contribue \u00e0 un environnement plus vert.   <\/p>\n","protected":false},"excerpt":{"rendered":"<p>Le chargeur Uniross Value Charger est parfait pour les piles AA et AAA. Cette solution abordable offre des options de charge avec USB-C, garantissant la charge des piles AA et des piles AAA. Les fonctions de s\u00e9curit\u00e9 prot\u00e8gent contre la surcharge et la surchauffe, permettant une utilisation sans souci. Emball\u00e9 dans des mat\u00e9riaux 100 % [&hellip;]<\/p>\n","protected":false},"featured_media":6685,"template":"","meta":[],"application":[],"product_brand":[],"product_cat":[1764,1391],"product_tag":[1213],"class_list":{"0":"post-5101","1":"product","2":"type-product","3":"status-publish","4":"has-post-thumbnail","6":"product_cat-appareils-de-charge","7":"product_cat-chargeurs-de-batterie","8":"product_tag-nouveaux-lancements","9":"pa_battery-type-nimh-aa-aaa","10":"pa_charging-time-aa-1300-2000mah-7-10-heures-aaa-500-800mah-6-9-heures","11":"pa_simultaneous-charge-aa-2-4-pieces-aaa-2-4-pieces","13":"first","14":"instock","15":"shipping-taxable","16":"purchasable","17":"product-type-simple"},"meta_box":{"image_advanced_d0knci360pw":[],"ak_name":[],"flashlight_show":"","light_mode":false,"featured_heading_1":"Chargement polyvalent","featured_heading_2":"Minuterie d'arr\u00eat de s\u00e9curit\u00e9","featured_heading_3":"Emballage \u00e9cologique","featured_description_1":"Chargez sans effort n'importe o\u00f9 gr\u00e2ce aux ports Micro USB\/USB-C pour une compatibilit\u00e9 universelle.","featured_description_2":"Notre chargeur de batterie est dot\u00e9 d'une minuterie d'arr\u00eat de s\u00e9curit\u00e9 de 12 heures, con\u00e7ue pour s'\u00e9teindre automatiquement apr\u00e8s un cycle de charge complet. Cela garantit une sant\u00e9 optimale de la batterie et emp\u00eache la surcharge, offrant ainsi une tranquillit\u00e9 d'esprit pendant que vous chargez vos appareils. ","featured_description_3":"Notre engagement en faveur du d\u00e9veloppement durable se traduit par des emballages 100 % sans plastique, ce qui permet de r\u00e9duire l'impact sur l'environnement et de promouvoir un avenir plus vert.","download_images":"","technical_datasheet":""},"_links":{"self":[{"href":"https:\/\/uniross.com\/fr\/wp-json\/wp\/v2\/product\/5101","targetHints":{"allow":["GET"]}}],"collection":[{"href":"https:\/\/uniross.com\/fr\/wp-json\/wp\/v2\/product"}],"about":[{"href":"https:\/\/uniross.com\/fr\/wp-json\/wp\/v2\/types\/product"}],"version-history":[{"count":0,"href":"https:\/\/uniross.com\/fr\/wp-json\/wp\/v2\/product\/5101\/revisions"}],"wp:featuredmedia":[{"embeddable":true,"href":"https:\/\/uniross.com\/fr\/wp-json\/wp\/v2\/media\/6685"}],"wp:attachment":[{"href":"https:\/\/uniross.com\/fr\/wp-json\/wp\/v2\/media?parent=5101"}],"wp:term":[{"taxonomy":"application","embeddable":true,"href":"https:\/\/uniross.com\/fr\/wp-json\/wp\/v2\/application?post=5101"},{"taxonomy":"product_brand","embeddable":true,"href":"https:\/\/uniross.com\/fr\/wp-json\/wp\/v2\/product_brand?post=5101"},{"taxonomy":"product_cat","embeddable":true,"href":"https:\/\/uniross.com\/fr\/wp-json\/wp\/v2\/product_cat?post=5101"},{"taxonomy":"product_tag","embeddable":true,"href":"https:\/\/uniross.com\/fr\/wp-json\/wp\/v2\/product_tag?post=5101"}],"curies":[{"name":"wp","href":"https:\/\/api.w.org\/{rel}","templated":true}]}}