{"id":5083,"date":"2025-06-17T12:17:23","date_gmt":"2025-06-17T04:17:23","guid":{"rendered":"https:\/\/uniross.com\/product\/uniross-industrial-pro-alcaline-lr03-aaa-1-5v\/"},"modified":"2025-06-17T12:17:23","modified_gmt":"2025-06-17T04:17:23","slug":"uniross-industrial-pro-alcaline-lr03-aaa-1-5v","status":"publish","type":"product","link":"https:\/\/uniross.com\/fr\/produit\/uniross-industrial-pro-alcaline-lr03-aaa-1-5v\/","title":{"rendered":"Uniross Industrial Pro Alcaline LR03\/AAA 1.5V"},"content":{"rendered":"<p data-start=\"755\" data-end=\"996\">Dans les milieux professionnels, m\u00eame les plus petits appareils exigent une fiabilit\u00e9 sans compromis. La pile alcaline LR03 AAA d&rsquo;Uniross Industrial Pro fournit une <strong data-start=\"904\" data-end=\"935\">\u00e9nergie r\u00e9guli\u00e8re et durable<\/strong> qui permet aux \u00e9quipements critiques de fonctionner sans interruption. <\/p>\n<p data-start=\"998\" data-end=\"1321\">Avec une <strong data-start=\"1005\" data-end=\"1037\">capacit\u00e9 typique de 1300 mAh<\/strong>, elle offre une autonomie fiable aux outils compacts mais sensibles \u00e0 l&rsquo;alimentation &#8211; des <strong data-start=\"1115\" data-end=\"1149\">appareils de communication portables<\/strong> aux <strong data-start=\"1153\" data-end=\"1218\">thermostats num\u00e9riques, en passant par les lampes de poche et les instruments de mesure<\/strong>. Les entreprises peuvent ainsi maintenir leur efficacit\u00e9 tout en r\u00e9duisant les inconv\u00e9nients li\u00e9s aux remplacements fr\u00e9quents. <\/p>\n<p data-start=\"1323\" data-end=\"1618\">Gr\u00e2ce \u00e0 sa <strong data-start=\"1337\" data-end=\"1359\">dur\u00e9e de vie de 10 ans<\/strong> et \u00e0 sa capacit\u00e9 \u00e0 conserver <strong data-start=\"1382\" data-end=\"1421\">90 % de sa capacit\u00e9 apr\u00e8s 12 mois<\/strong>, la LR03 AAA garantit une disponibilit\u00e9 \u00e0 tout moment. Fabriqu\u00e9e \u00e0 partir d&rsquo;une <strong data-start=\"1490\" data-end=\"1518\">chimie zinc-mangan\u00e8se<\/strong> et <strong data-start=\"1534\" data-end=\"1565\">sans ajout de mercure ou de cadmium<\/strong>, elle allie durabilit\u00e9 et haute performance. <\/p>\n<p data-start=\"1620\" data-end=\"1985\">Con\u00e7u pour r\u00e9sister, il fonctionne dans une <strong data-start=\"1668\" data-end=\"1707\">plage de temp\u00e9ratures allant de -20\u00b0C \u00e0 +50\u00b0C<\/strong>, ce qui le rend adapt\u00e9 \u00e0 la fois aux environnements contr\u00f4l\u00e9s et aux conditions difficiles sur le terrain. Livr\u00e9 dans un <strong data-start=\"1802\" data-end=\"1845\">emballage en vrac avec un suivi cod\u00e9<\/strong>, l&rsquo;Uniross AAA est un choix rentable pour les organisations qui cherchent \u00e0 rationaliser la gestion des stocks et \u00e0 r\u00e9duire les temps d&rsquo;arr\u00eat op\u00e9rationnels. <\/p>\n","protected":false},"excerpt":{"rendered":"<p>La pile alcaline Uniross Industrial Pro LR03 AAA 1,5V est con\u00e7ue pour une <strong data-start=\"400\" data-end=\"447\">fiabilit\u00e9 professionnelle dans des appareils compacts<\/strong>. Avec une capacit\u00e9 fiable, une longue dur\u00e9e de conservation et un rendement constant, elle alimente les outils et les instruments tels que les <strong data-start=\"555\" data-end=\"624\">lampes de poche, les thermostats, les dispositifs de communication et les enregistreurs de donn\u00e9es<\/strong> utilis\u00e9s dans les environnements industriels et commerciaux. <\/p>\n","protected":false},"featured_media":5094,"template":"","meta":[],"application":[],"product_brand":[],"product_cat":[1432],"product_tag":[1433],"class_list":{"0":"post-5083","1":"product","2":"type-product","3":"status-publish","4":"has-post-thumbnail","6":"product_cat-piles-industrielles-alcalines-zinc-manganese","7":"product_tag-industriel","8":"pa_cross-reference-am4-24a","9":"pa_max-dimensions-mm-o-100-x-440mm-005","10":"pa_shelf-life-10-ans","12":"first","13":"instock","14":"shipping-taxable","15":"purchasable","16":"product-type-simple"},"meta_box":{"image_advanced_d0knci360pw":[],"ak_name":[],"flashlight_show":"","light_mode":false,"featured_heading_1":"","featured_heading_2":"","featured_heading_3":"","featured_description_1":"","featured_description_2":"","featured_description_3":"","download_images":"","technical_datasheet":""},"_links":{"self":[{"href":"https:\/\/uniross.com\/fr\/wp-json\/wp\/v2\/product\/5083","targetHints":{"allow":["GET"]}}],"collection":[{"href":"https:\/\/uniross.com\/fr\/wp-json\/wp\/v2\/product"}],"about":[{"href":"https:\/\/uniross.com\/fr\/wp-json\/wp\/v2\/types\/product"}],"version-history":[{"count":0,"href":"https:\/\/uniross.com\/fr\/wp-json\/wp\/v2\/product\/5083\/revisions"}],"wp:featuredmedia":[{"embeddable":true,"href":"https:\/\/uniross.com\/fr\/wp-json\/wp\/v2\/media\/5094"}],"wp:attachment":[{"href":"https:\/\/uniross.com\/fr\/wp-json\/wp\/v2\/media?parent=5083"}],"wp:term":[{"taxonomy":"application","embeddable":true,"href":"https:\/\/uniross.com\/fr\/wp-json\/wp\/v2\/application?post=5083"},{"taxonomy":"product_brand","embeddable":true,"href":"https:\/\/uniross.com\/fr\/wp-json\/wp\/v2\/product_brand?post=5083"},{"taxonomy":"product_cat","embeddable":true,"href":"https:\/\/uniross.com\/fr\/wp-json\/wp\/v2\/product_cat?post=5083"},{"taxonomy":"product_tag","embeddable":true,"href":"https:\/\/uniross.com\/fr\/wp-json\/wp\/v2\/product_tag?post=5083"}],"curies":[{"name":"wp","href":"https:\/\/api.w.org\/{rel}","templated":true}]}}