{"id":5078,"date":"2025-04-29T14:32:55","date_gmt":"2025-04-29T06:32:55","guid":{"rendered":"https:\/\/uniross.com\/product\/chargeur-ultra-rapide-uniross-pour-piles-aa-et-aaa-4-piles-aa-rechargeables-incluses\/"},"modified":"2025-04-29T14:32:55","modified_gmt":"2025-04-29T06:32:55","slug":"chargeur-ultra-rapide-uniross-pour-piles-aa-et-aaa-4-piles-aa-rechargeables-incluses","status":"publish","type":"product","link":"https:\/\/uniross.com\/fr\/produit\/chargeur-ultra-rapide-uniross-pour-piles-aa-et-aaa-4-piles-aa-rechargeables-incluses\/","title":{"rendered":"Chargeur ultra rapide Uniross pour piles AA et AAA &#8211; 4 piles AA rechargeables incluses"},"content":{"rendered":"<p>Le chargeur ultra-rapide Uniross comprend 4 piles AA pour une charge rapide d\u00e8s la sortie de la bo\u00eete. Profitez d&rsquo;une compatibilit\u00e9 universelle avec les ports Micro USB\/USB-C et b\u00e9n\u00e9ficiez de fonctions de s\u00e9curit\u00e9 avanc\u00e9es qui vous prot\u00e8gent contre la surchauffe et la surcharge. L&#8217;emballage \u00e9cologique refl\u00e8te notre engagement en faveur du d\u00e9veloppement durable.  <\/p>\n","protected":false},"excerpt":{"rendered":"<p>Le chargeur ultra-rapide Uniross comprend 4 piles AA pour une charge rapide d\u00e8s la sortie de la bo\u00eete. Profitez d&rsquo;une compatibilit\u00e9 universelle avec les ports Micro USB\/USB-C et b\u00e9n\u00e9ficiez de fonctions de s\u00e9curit\u00e9 avanc\u00e9es qui vous prot\u00e8gent contre la surchauffe et la surcharge. L&#8217;emballage \u00e9cologique refl\u00e8te notre engagement en faveur du d\u00e9veloppement durable.<\/p>\n","protected":false},"featured_media":5082,"template":"","meta":[],"application":[],"product_brand":[],"product_cat":[1764,1391],"product_tag":[],"class_list":{"0":"post-5078","1":"product","2":"type-product","3":"status-publish","4":"has-post-thumbnail","6":"product_cat-appareils-de-charge","7":"product_cat-chargeurs-de-batterie","8":"pa_battery-type-aa-aaa","9":"pa_charger-type-ucu005a-4xaa-2700-hybrio","10":"pa_charging-time-aa-1-3h-aaa-1-3h","11":"pa_simultaneous-charge-1-4-pieces","13":"first","14":"instock","15":"shipping-taxable","16":"purchasable","17":"product-type-simple"},"meta_box":{"image_advanced_d0knci360pw":[],"ak_name":[],"flashlight_show":"","light_mode":false,"featured_heading_1":"Chargement polyvalent","featured_heading_2":"S\u00e9curit\u00e9 totale","featured_heading_3":"Emballage \u00e9cologique","featured_description_1":"Chargez sans effort n'importe o\u00f9 gr\u00e2ce aux ports Micro USB\/USB-C pour une compatibilit\u00e9 universelle.","featured_description_2":"B\u00e9n\u00e9ficiez de protections de s\u00e9curit\u00e9 compl\u00e8tes, garantissant une charge sans souci, sans risque de surcharge ou de surchauffe.","featured_description_3":"Notre engagement en faveur du d\u00e9veloppement durable se traduit par des emballages 100 % sans plastique, ce qui permet de r\u00e9duire l'impact sur l'environnement et de promouvoir un avenir plus vert.","download_images":"","technical_datasheet":""},"_links":{"self":[{"href":"https:\/\/uniross.com\/fr\/wp-json\/wp\/v2\/product\/5078","targetHints":{"allow":["GET"]}}],"collection":[{"href":"https:\/\/uniross.com\/fr\/wp-json\/wp\/v2\/product"}],"about":[{"href":"https:\/\/uniross.com\/fr\/wp-json\/wp\/v2\/types\/product"}],"version-history":[{"count":0,"href":"https:\/\/uniross.com\/fr\/wp-json\/wp\/v2\/product\/5078\/revisions"}],"wp:featuredmedia":[{"embeddable":true,"href":"https:\/\/uniross.com\/fr\/wp-json\/wp\/v2\/media\/5082"}],"wp:attachment":[{"href":"https:\/\/uniross.com\/fr\/wp-json\/wp\/v2\/media?parent=5078"}],"wp:term":[{"taxonomy":"application","embeddable":true,"href":"https:\/\/uniross.com\/fr\/wp-json\/wp\/v2\/application?post=5078"},{"taxonomy":"product_brand","embeddable":true,"href":"https:\/\/uniross.com\/fr\/wp-json\/wp\/v2\/product_brand?post=5078"},{"taxonomy":"product_cat","embeddable":true,"href":"https:\/\/uniross.com\/fr\/wp-json\/wp\/v2\/product_cat?post=5078"},{"taxonomy":"product_tag","embeddable":true,"href":"https:\/\/uniross.com\/fr\/wp-json\/wp\/v2\/product_tag?post=5078"}],"curies":[{"name":"wp","href":"https:\/\/api.w.org\/{rel}","templated":true}]}}