{"id":5068,"date":"2025-04-29T14:32:45","date_gmt":"2025-04-29T06:32:45","guid":{"rendered":"https:\/\/uniross.com\/product\/chargeur-de-batterie-ultra-rapide-uniross-pour-piles-aa-et-aaa-chargez-en-un-rien-de-temps\/"},"modified":"2025-04-29T14:32:45","modified_gmt":"2025-04-29T06:32:45","slug":"chargeur-de-batterie-ultra-rapide-uniross-pour-piles-aa-et-aaa-chargez-en-un-rien-de-temps","status":"publish","type":"product","link":"https:\/\/uniross.com\/fr\/produit\/chargeur-de-batterie-ultra-rapide-uniross-pour-piles-aa-et-aaa-chargez-en-un-rien-de-temps\/","title":{"rendered":"Chargeur de batterie ultra rapide Uniross pour piles AA et AAA &#8211; Chargez en un rien de temps"},"content":{"rendered":"<p>Alimentez rapidement vos batteries avec le chargeur ultra rapide Uniross. Ce chargeur haute performance prend en charge les ports Micro USB\/USB-C pour une compatibilit\u00e9 universelle et comprend des fonctions de s\u00e9curit\u00e9 avanc\u00e9es pour prot\u00e9ger contre la surcharge et la surchauffe. Il est emball\u00e9 dans des mat\u00e9riaux 100 % sans plastique, ce qui le rend aussi \u00e9cologique qu&rsquo;efficace.  <\/p>\n","protected":false},"excerpt":{"rendered":"<p>Alimentez rapidement vos batteries avec le chargeur ultra rapide Uniross. Ce chargeur haute performance prend en charge les ports Micro USB\/USB-C pour une compatibilit\u00e9 universelle et comprend des fonctions de s\u00e9curit\u00e9 avanc\u00e9es pour prot\u00e9ger contre la surcharge et la surchauffe. Il est emball\u00e9 dans des mat\u00e9riaux 100 % sans plastique, ce qui le rend aussi [&hellip;]<\/p>\n","protected":false},"featured_media":5074,"template":"","meta":[],"application":[],"product_brand":[],"product_cat":[1391,1764],"product_tag":[],"class_list":{"0":"post-5068","1":"product","2":"type-product","3":"status-publish","4":"has-post-thumbnail","6":"product_cat-chargeurs-de-batterie","7":"product_cat-appareils-de-charge","8":"pa_battery-type-aa-aaa","9":"pa_charger-type-ucu005-pas-de-piles","10":"pa_charging-time-aa-1-3h-aaa-1-3h","11":"pa_simultaneous-charge-1-4-pieces","13":"first","14":"instock","15":"shipping-taxable","16":"purchasable","17":"product-type-simple"},"meta_box":{"image_advanced_d0knci360pw":[],"ak_name":[],"flashlight_show":"","light_mode":false,"featured_heading_1":"Chargement polyvalent","featured_heading_2":"S\u00e9curit\u00e9 totale","featured_heading_3":"Emballage \u00e9cologique","featured_description_1":"Chargez sans effort n'importe o\u00f9 gr\u00e2ce aux ports Micro USB\/USB-C pour une compatibilit\u00e9 universelle.","featured_description_2":"B\u00e9n\u00e9ficiez de protections de s\u00e9curit\u00e9 compl\u00e8tes, garantissant une charge sans souci, sans risque de surcharge ou de surchauffe.","featured_description_3":"Notre engagement en faveur du d\u00e9veloppement durable se traduit par des emballages 100 % sans plastique, ce qui permet de r\u00e9duire l'impact sur l'environnement et de promouvoir un avenir plus vert.","download_images":"","technical_datasheet":""},"_links":{"self":[{"href":"https:\/\/uniross.com\/fr\/wp-json\/wp\/v2\/product\/5068","targetHints":{"allow":["GET"]}}],"collection":[{"href":"https:\/\/uniross.com\/fr\/wp-json\/wp\/v2\/product"}],"about":[{"href":"https:\/\/uniross.com\/fr\/wp-json\/wp\/v2\/types\/product"}],"version-history":[{"count":0,"href":"https:\/\/uniross.com\/fr\/wp-json\/wp\/v2\/product\/5068\/revisions"}],"wp:featuredmedia":[{"embeddable":true,"href":"https:\/\/uniross.com\/fr\/wp-json\/wp\/v2\/media\/5074"}],"wp:attachment":[{"href":"https:\/\/uniross.com\/fr\/wp-json\/wp\/v2\/media?parent=5068"}],"wp:term":[{"taxonomy":"application","embeddable":true,"href":"https:\/\/uniross.com\/fr\/wp-json\/wp\/v2\/application?post=5068"},{"taxonomy":"product_brand","embeddable":true,"href":"https:\/\/uniross.com\/fr\/wp-json\/wp\/v2\/product_brand?post=5068"},{"taxonomy":"product_cat","embeddable":true,"href":"https:\/\/uniross.com\/fr\/wp-json\/wp\/v2\/product_cat?post=5068"},{"taxonomy":"product_tag","embeddable":true,"href":"https:\/\/uniross.com\/fr\/wp-json\/wp\/v2\/product_tag?post=5068"}],"curies":[{"name":"wp","href":"https:\/\/api.w.org\/{rel}","templated":true}]}}