{"id":5053,"date":"2025-04-29T14:32:24","date_gmt":"2025-04-29T06:32:24","guid":{"rendered":"https:\/\/uniross.com\/product\/uniross-usb-c-rcr123-batterie-rechargeable-37v-pack-de-1\/"},"modified":"2025-04-29T14:32:24","modified_gmt":"2025-04-29T06:32:24","slug":"uniross-usb-c-rcr123-batterie-rechargeable-37v-pack-de-1","status":"publish","type":"product","link":"https:\/\/uniross.com\/fr\/produit\/uniross-usb-c-rcr123-batterie-rechargeable-37v-pack-de-1\/","title":{"rendered":"Uniross USB-C RCR123 Batterie rechargeable 3,7V (Pack de 1)"},"content":{"rendered":"<p>La batterie rechargeable Uniross USB-C RCR123 \/ 16340 3,7V (pack de 1) est parfaite pour ceux qui ont besoin d&rsquo;une densit\u00e9 d&rsquo;\u00e9nergie \u00e9lev\u00e9e et de performances fiables. Ces batteries lithium-ion offrent une sortie constante de 3,7V et sont \u00e9quip\u00e9es de fonctions de s\u00e9curit\u00e9 avanc\u00e9es pour prot\u00e9ger contre la surcharge et les d\u00e9charges profondes. Avec un temps de charge rapide de 2 heures via USB-C et jusqu&rsquo;\u00e0 plus de 1000 cycles de recharge, ces batteries sont id\u00e9ales pour les appareils photo, les lampes de poche et autres appareils \u00e0 forte consommation.  <\/p>\n","protected":false},"excerpt":{"rendered":"<p>La batterie rechargeable Uniross USB-C RCR123 \/ 16340 3,7V (pack de 1) est parfaite pour ceux qui ont besoin d&rsquo;une densit\u00e9 d&rsquo;\u00e9nergie \u00e9lev\u00e9e et de performances fiables. Ces batteries lithium-ion offrent une sortie constante de 3,7V et sont \u00e9quip\u00e9es de fonctions de s\u00e9curit\u00e9 avanc\u00e9es pour prot\u00e9ger contre la surcharge et les d\u00e9charges profondes. Avec un [&hellip;]<\/p>\n","protected":false},"featured_media":5064,"template":"","meta":[],"application":[],"product_brand":[],"product_cat":[1760,1346],"product_tag":[],"class_list":{"0":"post-5053","1":"product","2":"type-product","3":"status-publish","4":"has-post-thumbnail","6":"product_cat-piles-rechargeables","7":"product_cat-lithium-usb-c","8":"pa_battery-type-rcr123-16340","9":"pa_battery-voltage-3-7-v","10":"pa_chemistry-li-ion","11":"pa_input-voltage-current-5v","12":"pa_input-voltage-current-500-ma","14":"first","15":"instock","16":"shipping-taxable","17":"purchasable","18":"product-type-simple"},"meta_box":{"image_advanced_d0knci360pw":[],"ak_name":[],"flashlight_show":"","light_mode":false,"featured_heading_1":"Rechargeable par USB-C","featured_heading_2":"Des protections de s\u00e9curit\u00e9 renforc\u00e9es","featured_heading_3":"Longue dur\u00e9e de conservation","featured_description_1":"Ces batteries Li-ion AA peuvent \u00eatre recharg\u00e9es de mani\u00e8re pratique \u00e0 l'aide d'un connecteur USB-C, offrant ainsi une solution de charge moderne et efficace sans avoir besoin d'un chargeur de batterie traditionnel.","featured_description_2":"Les batteries sont dot\u00e9es d'une protection int\u00e9gr\u00e9e contre les courts-circuits, la surcharge, la surd\u00e9charge et la surtension, ce qui garantit des performances s\u00fbres et fiables tout au long de leur dur\u00e9e de vie.","featured_description_3":"Avec une dur\u00e9e de vie de plus de 1000 cycles, ces piles sont con\u00e7ues pour offrir une utilisation prolong\u00e9e et des performances soutenues, r\u00e9duisant ainsi le besoin de remplacements fr\u00e9quents.","download_images":"","technical_datasheet":""},"_links":{"self":[{"href":"https:\/\/uniross.com\/fr\/wp-json\/wp\/v2\/product\/5053","targetHints":{"allow":["GET"]}}],"collection":[{"href":"https:\/\/uniross.com\/fr\/wp-json\/wp\/v2\/product"}],"about":[{"href":"https:\/\/uniross.com\/fr\/wp-json\/wp\/v2\/types\/product"}],"version-history":[{"count":0,"href":"https:\/\/uniross.com\/fr\/wp-json\/wp\/v2\/product\/5053\/revisions"}],"wp:featuredmedia":[{"embeddable":true,"href":"https:\/\/uniross.com\/fr\/wp-json\/wp\/v2\/media\/5064"}],"wp:attachment":[{"href":"https:\/\/uniross.com\/fr\/wp-json\/wp\/v2\/media?parent=5053"}],"wp:term":[{"taxonomy":"application","embeddable":true,"href":"https:\/\/uniross.com\/fr\/wp-json\/wp\/v2\/application?post=5053"},{"taxonomy":"product_brand","embeddable":true,"href":"https:\/\/uniross.com\/fr\/wp-json\/wp\/v2\/product_brand?post=5053"},{"taxonomy":"product_cat","embeddable":true,"href":"https:\/\/uniross.com\/fr\/wp-json\/wp\/v2\/product_cat?post=5053"},{"taxonomy":"product_tag","embeddable":true,"href":"https:\/\/uniross.com\/fr\/wp-json\/wp\/v2\/product_tag?post=5053"}],"curies":[{"name":"wp","href":"https:\/\/api.w.org\/{rel}","templated":true}]}}