{"id":5039,"date":"2025-04-29T14:33:09","date_gmt":"2025-04-29T06:33:09","guid":{"rendered":"https:\/\/uniross.com\/product\/adaptateur-universel-uniross-18w\/"},"modified":"2025-04-29T14:33:09","modified_gmt":"2025-04-29T06:33:09","slug":"adaptateur-universel-uniross-18w","status":"publish","type":"product","link":"https:\/\/uniross.com\/fr\/produit\/adaptateur-universel-uniross-18w\/","title":{"rendered":"Adaptateur universel Uniross 18W"},"content":{"rendered":"<p>L&rsquo;adaptateur universel Uniross 18W fournit une \u00e9nergie puissante et s\u00fbre pour les appareils de taille moyenne tels que les haut-parleurs, les cam\u00e9ras CCTV et bien plus encore. Gr\u00e2ce \u00e0 ses fonctions de protection avanc\u00e9es (court-circuit, surintensit\u00e9, surtension et surchauffe), cet adaptateur garantit que vos appareils sont toujours aliment\u00e9s en toute s\u00e9curit\u00e9. Sa conception polyvalente et sa puissance de sortie constante le rendent id\u00e9al pour une large gamme d&rsquo;appareils \u00e9lectroniques. De plus, il est emball\u00e9 dans des mat\u00e9riaux durables, 100 % sans plastique, ce qui t\u00e9moigne de votre engagement en faveur de l&rsquo;environnement.   <\/p>\n","protected":false},"excerpt":{"rendered":"<p>L&rsquo;adaptateur universel Uniross 18W fournit une \u00e9nergie puissante et s\u00fbre pour les appareils de taille moyenne tels que les haut-parleurs, les cam\u00e9ras CCTV et bien plus encore. Gr\u00e2ce \u00e0 ses fonctions de protection avanc\u00e9es (court-circuit, surintensit\u00e9, surtension et surchauffe), cet adaptateur garantit que vos appareils sont toujours aliment\u00e9s en toute s\u00e9curit\u00e9. Sa conception polyvalente et [&hellip;]<\/p>\n","protected":false},"featured_media":5050,"template":"","meta":[],"application":[],"product_brand":[],"product_cat":[1415,1764],"product_tag":[],"class_list":{"0":"post-5039","1":"product","2":"type-product","3":"status-publish","4":"has-post-thumbnail","6":"product_cat-adaptateurs-universels","7":"product_cat-appareils-de-charge","8":"pa_a-d2-5-x-13mm","9":"pa_b-d3-5-x-15mm","10":"pa_cable-length-1-8m","11":"pa_d-d2-1-x-d5-x-12mm","12":"pa_g-d2-5-x-d5-5-x-12mm","13":"pa_h-d1-35-x-d3-5-x-10mm","14":"pa_max-output-current-1500ma","15":"pa_max-output-power-18w","16":"pa_n-d15-x-d55-x-12mm","18":"first","19":"instock","20":"shipping-taxable","21":"purchasable","22":"product-type-simple"},"meta_box":{"image_advanced_d0knci360pw":[],"ak_name":[],"flashlight_show":"","light_mode":false,"featured_heading_1":"Protection contre les courts-circuits et les surintensit\u00e9s","featured_heading_2":"Protection contre les surtensions et les surchauffes","featured_heading_3":"Remplacez presque tous les blocs d'alimentation pour toutes les marques d'appareils","featured_description_1":"L'adaptateur universel Uniross 7,2 W est con\u00e7u avec une protection avanc\u00e9e contre les courts-circuits et les surintensit\u00e9s, prot\u00e9geant vos appareils contre les d\u00e9fauts \u00e9lectriques inattendus et les pointes de courant.","featured_description_2":"\u00c9quip\u00e9 d'une protection contre les surtensions et les surchauffes, l'adaptateur universel Uniross 7,2 W garantit une protection solide contre les surtensions et les surchauffes.","featured_description_3":"L'adaptateur universel polyvalent Uniross 7,2 W est con\u00e7u pour remplacer pratiquement n'importe quel bloc d'alimentation, ce qui le rend compatible avec un large \u00e9ventail d'appareils de nombreuses marques.","download_images":"","technical_datasheet":""},"_links":{"self":[{"href":"https:\/\/uniross.com\/fr\/wp-json\/wp\/v2\/product\/5039","targetHints":{"allow":["GET"]}}],"collection":[{"href":"https:\/\/uniross.com\/fr\/wp-json\/wp\/v2\/product"}],"about":[{"href":"https:\/\/uniross.com\/fr\/wp-json\/wp\/v2\/types\/product"}],"version-history":[{"count":0,"href":"https:\/\/uniross.com\/fr\/wp-json\/wp\/v2\/product\/5039\/revisions"}],"wp:featuredmedia":[{"embeddable":true,"href":"https:\/\/uniross.com\/fr\/wp-json\/wp\/v2\/media\/5050"}],"wp:attachment":[{"href":"https:\/\/uniross.com\/fr\/wp-json\/wp\/v2\/media?parent=5039"}],"wp:term":[{"taxonomy":"application","embeddable":true,"href":"https:\/\/uniross.com\/fr\/wp-json\/wp\/v2\/application?post=5039"},{"taxonomy":"product_brand","embeddable":true,"href":"https:\/\/uniross.com\/fr\/wp-json\/wp\/v2\/product_brand?post=5039"},{"taxonomy":"product_cat","embeddable":true,"href":"https:\/\/uniross.com\/fr\/wp-json\/wp\/v2\/product_cat?post=5039"},{"taxonomy":"product_tag","embeddable":true,"href":"https:\/\/uniross.com\/fr\/wp-json\/wp\/v2\/product_tag?post=5039"}],"curies":[{"name":"wp","href":"https:\/\/api.w.org\/{rel}","templated":true}]}}