{"id":5035,"date":"2025-04-29T14:33:06","date_gmt":"2025-04-29T06:33:06","guid":{"rendered":"https:\/\/uniross.com\/product\/phare-uniross-ultralite-superbright\/"},"modified":"2025-04-29T14:33:06","modified_gmt":"2025-04-29T06:33:06","slug":"phare-uniross-ultralite-superbright","status":"publish","type":"product","link":"https:\/\/uniross.com\/fr\/produit\/phare-uniross-ultralite-superbright\/","title":{"rendered":"Phare Uniross Ultralite + Superbright"},"content":{"rendered":"<p>La lampe frontale Uniross Ultralite + SuperBright offre jusqu&rsquo;\u00e0 90 lumens de lumi\u00e8re, ce qui la rend id\u00e9ale pour les situations de faible luminosit\u00e9. Elle dispose de deux modes d&rsquo;\u00e9clairage &#8211; haut et large &#8211; et d&rsquo;une lumi\u00e8re rouge suppl\u00e9mentaire pour la vision nocturne. Avec une distance de rayonnement de 25 m\u00e8tres et une protection \u00e9tanche IP44, cette lampe frontale est parfaite pour une utilisation en ext\u00e9rieur et en cas d&rsquo;urgence. Le bandeau r\u00e9glable assure le confort et la construction durable garantit des performances \u00e0 long terme.   <\/p>\n","protected":false},"excerpt":{"rendered":"<p>La lampe frontale Uniross Ultralite + SuperBright offre jusqu&rsquo;\u00e0 90 lumens de lumi\u00e8re, ce qui la rend id\u00e9ale pour les situations de faible luminosit\u00e9. Elle dispose de deux modes d&rsquo;\u00e9clairage &#8211; haut et large &#8211; et d&rsquo;une lumi\u00e8re rouge suppl\u00e9mentaire pour la vision nocturne. Avec une distance de rayonnement de 25 m\u00e8tres et une protection [&hellip;]<\/p>\n","protected":false},"featured_media":5037,"template":"","meta":[],"application":[],"product_brand":[],"product_cat":[1312,1763],"product_tag":[1313],"class_list":{"0":"post-5035","1":"product","2":"type-product","3":"status-publish","4":"has-post-thumbnail","6":"product_cat-lampe-frontale","7":"product_cat-eclairage-portable","8":"product_tag-abandonne","10":"first","11":"instock","12":"shipping-taxable","13":"purchasable","14":"product-type-simple"},"meta_box":{"image_advanced_d0knci360pw":[],"ak_name":[],"flashlight_show":"","light_mode":false,"featured_heading_1":"","featured_heading_2":"","featured_heading_3":"","featured_description_1":"","featured_description_2":"","featured_description_3":"","download_images":"","technical_datasheet":""},"_links":{"self":[{"href":"https:\/\/uniross.com\/fr\/wp-json\/wp\/v2\/product\/5035","targetHints":{"allow":["GET"]}}],"collection":[{"href":"https:\/\/uniross.com\/fr\/wp-json\/wp\/v2\/product"}],"about":[{"href":"https:\/\/uniross.com\/fr\/wp-json\/wp\/v2\/types\/product"}],"version-history":[{"count":0,"href":"https:\/\/uniross.com\/fr\/wp-json\/wp\/v2\/product\/5035\/revisions"}],"wp:featuredmedia":[{"embeddable":true,"href":"https:\/\/uniross.com\/fr\/wp-json\/wp\/v2\/media\/5037"}],"wp:attachment":[{"href":"https:\/\/uniross.com\/fr\/wp-json\/wp\/v2\/media?parent=5035"}],"wp:term":[{"taxonomy":"application","embeddable":true,"href":"https:\/\/uniross.com\/fr\/wp-json\/wp\/v2\/application?post=5035"},{"taxonomy":"product_brand","embeddable":true,"href":"https:\/\/uniross.com\/fr\/wp-json\/wp\/v2\/product_brand?post=5035"},{"taxonomy":"product_cat","embeddable":true,"href":"https:\/\/uniross.com\/fr\/wp-json\/wp\/v2\/product_cat?post=5035"},{"taxonomy":"product_tag","embeddable":true,"href":"https:\/\/uniross.com\/fr\/wp-json\/wp\/v2\/product_tag?post=5035"}],"curies":[{"name":"wp","href":"https:\/\/api.w.org\/{rel}","templated":true}]}}