{"id":5022,"date":"2025-04-29T14:33:02","date_gmt":"2025-04-29T06:33:02","guid":{"rendered":"https:\/\/uniross.com\/product\/lampe-frontale-uniross-ultralite-superbright-120lm\/"},"modified":"2025-04-29T14:33:02","modified_gmt":"2025-04-29T06:33:02","slug":"lampe-frontale-uniross-ultralite-superbright-120lm","status":"publish","type":"product","link":"https:\/\/uniross.com\/fr\/produit\/lampe-frontale-uniross-ultralite-superbright-120lm\/","title":{"rendered":"Lampe frontale Uniross UltraLite SuperBright &#8211; 120LM"},"content":{"rendered":"<p>La lampe frontale Uniross UltraLite SuperBright est parfaite pour ceux qui ont besoin d&rsquo;une solution d&rsquo;\u00e9clairage puissante mais l\u00e9g\u00e8re. \u00c9quip\u00e9e de la technologie LED COB, cette lampe frontale d\u00e9livre jusqu&rsquo;\u00e0 120 lumens de lumi\u00e8re et offre une distance de faisceau de 15 m\u00e8tres. Elle est dot\u00e9e de trois modes d&rsquo;\u00e9clairage (haut, large et stroboscopique) qui vous permettent d&rsquo;adapter la luminosit\u00e9 \u00e0 vos besoins. La lampe frontale est dot\u00e9e d&rsquo;une construction durable et \u00e9tanche (IP44) et d&rsquo;une lentille incassable, ce qui la rend id\u00e9ale pour les aventures en plein air, le camping ou l&rsquo;utilisation professionnelle. Son bandeau r\u00e9glable garantit le confort lors d&rsquo;une utilisation prolong\u00e9e. Aliment\u00e9e par 3 piles AAA (non fournies), cette lampe frontale offre des performances durables.     <\/p>\n","protected":false},"excerpt":{"rendered":"<p>La lampe frontale Uniross UltraLite SuperBright est parfaite pour ceux qui ont besoin d&rsquo;une solution d&rsquo;\u00e9clairage puissante mais l\u00e9g\u00e8re. \u00c9quip\u00e9e de la technologie LED COB, cette lampe frontale d\u00e9livre jusqu&rsquo;\u00e0 120 lumens de lumi\u00e8re et offre une distance de faisceau de 15 m\u00e8tres. Elle est dot\u00e9e de trois modes d&rsquo;\u00e9clairage (haut, large et stroboscopique) qui [&hellip;]<\/p>\n","protected":false},"featured_media":5024,"template":"","meta":[],"application":[],"product_brand":[],"product_cat":[1312,1763],"product_tag":[1313],"class_list":{"0":"post-5022","1":"product","2":"type-product","3":"status-publish","4":"has-post-thumbnail","6":"product_cat-lampe-frontale","7":"product_cat-eclairage-portable","8":"product_tag-abandonne","10":"first","11":"instock","12":"shipping-taxable","13":"purchasable","14":"product-type-simple"},"meta_box":{"image_advanced_d0knci360pw":[],"ak_name":[],"flashlight_show":"","light_mode":false,"featured_heading_1":"","featured_heading_2":"","featured_heading_3":"","featured_description_1":"","featured_description_2":"","featured_description_3":"","download_images":"","technical_datasheet":""},"_links":{"self":[{"href":"https:\/\/uniross.com\/fr\/wp-json\/wp\/v2\/product\/5022","targetHints":{"allow":["GET"]}}],"collection":[{"href":"https:\/\/uniross.com\/fr\/wp-json\/wp\/v2\/product"}],"about":[{"href":"https:\/\/uniross.com\/fr\/wp-json\/wp\/v2\/types\/product"}],"version-history":[{"count":0,"href":"https:\/\/uniross.com\/fr\/wp-json\/wp\/v2\/product\/5022\/revisions"}],"wp:featuredmedia":[{"embeddable":true,"href":"https:\/\/uniross.com\/fr\/wp-json\/wp\/v2\/media\/5024"}],"wp:attachment":[{"href":"https:\/\/uniross.com\/fr\/wp-json\/wp\/v2\/media?parent=5022"}],"wp:term":[{"taxonomy":"application","embeddable":true,"href":"https:\/\/uniross.com\/fr\/wp-json\/wp\/v2\/application?post=5022"},{"taxonomy":"product_brand","embeddable":true,"href":"https:\/\/uniross.com\/fr\/wp-json\/wp\/v2\/product_brand?post=5022"},{"taxonomy":"product_cat","embeddable":true,"href":"https:\/\/uniross.com\/fr\/wp-json\/wp\/v2\/product_cat?post=5022"},{"taxonomy":"product_tag","embeddable":true,"href":"https:\/\/uniross.com\/fr\/wp-json\/wp\/v2\/product_tag?post=5022"}],"curies":[{"name":"wp","href":"https:\/\/api.w.org\/{rel}","templated":true}]}}