{"id":5018,"date":"2025-04-29T14:30:02","date_gmt":"2025-04-29T06:30:02","guid":{"rendered":"https:\/\/uniross.com\/product\/cable-de-chargement-uniross-usb-vers-micro-usb-2m\/"},"modified":"2025-04-29T14:30:02","modified_gmt":"2025-04-29T06:30:02","slug":"cable-de-chargement-uniross-usb-vers-micro-usb-2m","status":"publish","type":"product","link":"https:\/\/uniross.com\/fr\/produit\/cable-de-chargement-uniross-usb-vers-micro-usb-2m\/","title":{"rendered":"C\u00e2ble de chargement Uniross USB vers Micro-USB &#8211; 2m"},"content":{"rendered":"<p>Le c\u00e2ble de charge Uniross USB vers Micro-USB est con\u00e7u pour une charge et une synchronisation des donn\u00e9es rapides et efficaces. Avec une capacit\u00e9 de charge de 10 W, il est id\u00e9al pour charger les smartphones, les tablettes et autres appareils compatibles Micro-USB. Sa conception durable garantit une utilisation \u00e0 long terme, et sa longueur \u00e9tendue vous permet de charger vos appareils \u00e0 distance. Que vous synchronisiez des donn\u00e9es ou que vous chargiez en d\u00e9placement, ce c\u00e2ble offre des performances fiables.   <\/p>\n","protected":false},"excerpt":{"rendered":"<p>Le c\u00e2ble de charge Uniross USB vers Micro-USB est con\u00e7u pour une charge et une synchronisation des donn\u00e9es rapides et efficaces. Avec une capacit\u00e9 de charge de 10 W, il est id\u00e9al pour charger les smartphones, les tablettes et autres appareils compatibles Micro-USB. Sa conception durable garantit une utilisation \u00e0 long terme, et sa longueur [&hellip;]<\/p>\n","protected":false},"featured_media":5019,"template":"","meta":[],"application":[],"product_brand":[],"product_cat":[1337,1764],"product_tag":[],"class_list":{"0":"post-5018","1":"product","2":"type-product","3":"status-publish","4":"has-post-thumbnail","6":"product_cat-accessoires-pour-telephones","7":"product_cat-appareils-de-charge","9":"first","10":"instock","11":"shipping-taxable","12":"purchasable","13":"product-type-simple"},"meta_box":{"image_advanced_d0knci360pw":[],"ak_name":[],"flashlight_show":"","light_mode":false,"featured_heading_1":"","featured_heading_2":"","featured_heading_3":"","featured_description_1":"","featured_description_2":"","featured_description_3":"","download_images":"","technical_datasheet":""},"_links":{"self":[{"href":"https:\/\/uniross.com\/fr\/wp-json\/wp\/v2\/product\/5018","targetHints":{"allow":["GET"]}}],"collection":[{"href":"https:\/\/uniross.com\/fr\/wp-json\/wp\/v2\/product"}],"about":[{"href":"https:\/\/uniross.com\/fr\/wp-json\/wp\/v2\/types\/product"}],"version-history":[{"count":0,"href":"https:\/\/uniross.com\/fr\/wp-json\/wp\/v2\/product\/5018\/revisions"}],"wp:featuredmedia":[{"embeddable":true,"href":"https:\/\/uniross.com\/fr\/wp-json\/wp\/v2\/media\/5019"}],"wp:attachment":[{"href":"https:\/\/uniross.com\/fr\/wp-json\/wp\/v2\/media?parent=5018"}],"wp:term":[{"taxonomy":"application","embeddable":true,"href":"https:\/\/uniross.com\/fr\/wp-json\/wp\/v2\/application?post=5018"},{"taxonomy":"product_brand","embeddable":true,"href":"https:\/\/uniross.com\/fr\/wp-json\/wp\/v2\/product_brand?post=5018"},{"taxonomy":"product_cat","embeddable":true,"href":"https:\/\/uniross.com\/fr\/wp-json\/wp\/v2\/product_cat?post=5018"},{"taxonomy":"product_tag","embeddable":true,"href":"https:\/\/uniross.com\/fr\/wp-json\/wp\/v2\/product_tag?post=5018"}],"curies":[{"name":"wp","href":"https:\/\/api.w.org\/{rel}","templated":true}]}}