{"id":5008,"date":"2025-04-29T14:29:48","date_gmt":"2025-04-29T06:29:48","guid":{"rendered":"https:\/\/uniross.com\/product\/uniross-cable-usb-vers-lightning-2m\/"},"modified":"2025-04-29T14:29:48","modified_gmt":"2025-04-29T06:29:48","slug":"uniross-cable-usb-vers-lightning-2m","status":"publish","type":"product","link":"https:\/\/uniross.com\/fr\/produit\/uniross-cable-usb-vers-lightning-2m\/","title":{"rendered":"Uniross C\u00e2ble USB vers Lightning &#8211; 2m"},"content":{"rendered":"<p>Le c\u00e2ble USB vers Lightning est une solution de charge et de synchronisation des donn\u00e9es durable et longue de 2 m\u00e8tres pour vos appareils Apple. Avec une puissance de sortie de 10 W, il assure une charge rapide tout en permettant \u00e0 vos iPhones, iPads et autres produits Apple d&rsquo;\u00eatre synchronis\u00e9s en toute simplicit\u00e9. Sa longueur \u00e9tendue vous permet de l&rsquo;utiliser \u00e0 la maison, au bureau ou en voyage.  <\/p>\n","protected":false},"excerpt":{"rendered":"<p>Le c\u00e2ble USB vers Lightning est une solution de charge et de synchronisation des donn\u00e9es durable et longue de 2 m\u00e8tres pour vos appareils Apple. Avec une puissance de sortie de 10 W, il assure une charge rapide tout en permettant \u00e0 vos iPhones, iPads et autres produits Apple d&rsquo;\u00eatre synchronis\u00e9s en toute simplicit\u00e9. Sa [&hellip;]<\/p>\n","protected":false},"featured_media":5012,"template":"","meta":[],"application":[],"product_brand":[],"product_cat":[1337,1764],"product_tag":[1213],"class_list":{"0":"post-5008","1":"product","2":"type-product","3":"status-publish","4":"has-post-thumbnail","6":"product_cat-accessoires-pour-telephones","7":"product_cat-appareils-de-charge","8":"product_tag-nouveaux-lancements","10":"first","11":"instock","12":"shipping-taxable","13":"purchasable","14":"product-type-simple"},"meta_box":{"image_advanced_d0knci360pw":[],"ak_name":[],"flashlight_show":"","light_mode":false,"featured_heading_1":"Chargement et synchronisation","featured_heading_2":"Haute durabilit\u00e9","featured_heading_3":"Longueur pratique de 2m","featured_description_1":"Ce c\u00e2ble prend en charge \u00e0 la fois la charge et le transfert de donn\u00e9es, fournissant jusqu'\u00e0 12 W (5 V 2,4 A) de puissance et des vitesses de transfert de donn\u00e9es de 480 Mbit\/s. C'est l'accessoire id\u00e9al pour vos appareils Apple. ","featured_description_2":"Con\u00e7u pour r\u00e9sister \u00e0 plus de 25 000 courbures, ce c\u00e2ble est d'une durabilit\u00e9 exceptionnelle, ce qui en fait un choix fiable pour une utilisation quotidienne.","featured_description_3":"La longueur g\u00e9n\u00e9reuse de 2 m\u00e8tres offre une port\u00e9e \u00e9tendue, pour une flexibilit\u00e9 et une commodit\u00e9 accrues lors de la connexion et de l'utilisation de vos appareils.","download_images":"","technical_datasheet":""},"_links":{"self":[{"href":"https:\/\/uniross.com\/fr\/wp-json\/wp\/v2\/product\/5008","targetHints":{"allow":["GET"]}}],"collection":[{"href":"https:\/\/uniross.com\/fr\/wp-json\/wp\/v2\/product"}],"about":[{"href":"https:\/\/uniross.com\/fr\/wp-json\/wp\/v2\/types\/product"}],"version-history":[{"count":0,"href":"https:\/\/uniross.com\/fr\/wp-json\/wp\/v2\/product\/5008\/revisions"}],"wp:featuredmedia":[{"embeddable":true,"href":"https:\/\/uniross.com\/fr\/wp-json\/wp\/v2\/media\/5012"}],"wp:attachment":[{"href":"https:\/\/uniross.com\/fr\/wp-json\/wp\/v2\/media?parent=5008"}],"wp:term":[{"taxonomy":"application","embeddable":true,"href":"https:\/\/uniross.com\/fr\/wp-json\/wp\/v2\/application?post=5008"},{"taxonomy":"product_brand","embeddable":true,"href":"https:\/\/uniross.com\/fr\/wp-json\/wp\/v2\/product_brand?post=5008"},{"taxonomy":"product_cat","embeddable":true,"href":"https:\/\/uniross.com\/fr\/wp-json\/wp\/v2\/product_cat?post=5008"},{"taxonomy":"product_tag","embeddable":true,"href":"https:\/\/uniross.com\/fr\/wp-json\/wp\/v2\/product_tag?post=5008"}],"curies":[{"name":"wp","href":"https:\/\/api.w.org\/{rel}","templated":true}]}}