{"id":4994,"date":"2025-04-29T14:29:42","date_gmt":"2025-04-29T06:29:42","guid":{"rendered":"https:\/\/uniross.com\/product\/lampe-de-poche-uniross-superbright-300lm\/"},"modified":"2025-04-29T14:29:42","modified_gmt":"2025-04-29T06:29:42","slug":"lampe-de-poche-uniross-superbright-300lm","status":"publish","type":"product","link":"https:\/\/uniross.com\/fr\/produit\/lampe-de-poche-uniross-superbright-300lm\/","title":{"rendered":"Lampe de poche Uniross SuperBright &#8211; 300LM"},"content":{"rendered":"<p>La lampe de poche SuperBright d&rsquo;Uniross offre une puissante luminosit\u00e9 de 300 lumens avec une distance de rayonnement de 200 m\u00e8tres, ce qui la rend id\u00e9ale pour les aventures en plein air et les t\u00e2ches professionnelles. Elle est fabriqu\u00e9e en alliage d&rsquo;aluminium durable, r\u00e9sistante aux chocs et dot\u00e9e d&rsquo;une protection IP54 contre les \u00e9claboussures d&rsquo;eau. La lampe de poche est \u00e9quip\u00e9e d&rsquo;une batterie Li-ion 18650 de 3,7 V, offrant jusqu&rsquo;\u00e0 3 heures d&rsquo;autonomie. Son entr\u00e9e micro-USB permet de la recharger facilement, et la lampe de poche fonctionne \u00e9galement comme une banque d&rsquo;\u00e9nergie pour recharger les appareils mobiles.   <\/p>\n","protected":false},"excerpt":{"rendered":"<p>La lampe de poche SuperBright d&rsquo;Uniross offre une puissante luminosit\u00e9 de 300 lumens avec une distance de rayonnement de 200 m\u00e8tres, ce qui la rend id\u00e9ale pour les aventures en plein air et les t\u00e2ches professionnelles. Elle est fabriqu\u00e9e en alliage d&rsquo;aluminium durable, r\u00e9sistante aux chocs et dot\u00e9e d&rsquo;une protection IP54 contre les \u00e9claboussures d&rsquo;eau. [&hellip;]<\/p>\n","protected":false},"featured_media":5005,"template":"","meta":[],"application":[],"product_brand":[],"product_cat":[1280,1763],"product_tag":[1313],"class_list":{"0":"post-4994","1":"product","2":"type-product","3":"status-publish","4":"has-post-thumbnail","6":"product_cat-lampe-de-poche","7":"product_cat-eclairage-portable","8":"product_tag-abandonne","9":"pa_led-life-time-1275","10":"pa_led-life-time-000-heures","11":"pa_light-beam-200m","12":"pa_lumens-300-lumen","13":"pa_runtime-3-heures","15":"first","16":"instock","17":"shipping-taxable","18":"purchasable","19":"product-type-simple"},"meta_box":{"image_advanced_d0knci360pw":[],"ak_name":[],"flashlight_show":"","light_mode":false,"featured_heading_1":"Fonction rechargeable et banque d'\u00e9nergie","featured_heading_2":"Durable et imperm\u00e9able","featured_heading_3":"Haute luminosit\u00e9","featured_description_1":"Rechargeable par USB gr\u00e2ce \u00e0 la batterie Li-ion incluse, elle peut \u00e9galement servir de banque d'\u00e9nergie.","featured_description_2":"Construction en alliage d'aluminium avec protection contre les \u00e9claboussures d'eau IP54 et r\u00e9sistance aux chocs.","featured_description_3":"D\u00e9livre 300 lumens avec une distance de rayonnement de 200 m\u00e8tres.","download_images":"","technical_datasheet":""},"_links":{"self":[{"href":"https:\/\/uniross.com\/fr\/wp-json\/wp\/v2\/product\/4994","targetHints":{"allow":["GET"]}}],"collection":[{"href":"https:\/\/uniross.com\/fr\/wp-json\/wp\/v2\/product"}],"about":[{"href":"https:\/\/uniross.com\/fr\/wp-json\/wp\/v2\/types\/product"}],"version-history":[{"count":0,"href":"https:\/\/uniross.com\/fr\/wp-json\/wp\/v2\/product\/4994\/revisions"}],"wp:featuredmedia":[{"embeddable":true,"href":"https:\/\/uniross.com\/fr\/wp-json\/wp\/v2\/media\/5005"}],"wp:attachment":[{"href":"https:\/\/uniross.com\/fr\/wp-json\/wp\/v2\/media?parent=4994"}],"wp:term":[{"taxonomy":"application","embeddable":true,"href":"https:\/\/uniross.com\/fr\/wp-json\/wp\/v2\/application?post=4994"},{"taxonomy":"product_brand","embeddable":true,"href":"https:\/\/uniross.com\/fr\/wp-json\/wp\/v2\/product_brand?post=4994"},{"taxonomy":"product_cat","embeddable":true,"href":"https:\/\/uniross.com\/fr\/wp-json\/wp\/v2\/product_cat?post=4994"},{"taxonomy":"product_tag","embeddable":true,"href":"https:\/\/uniross.com\/fr\/wp-json\/wp\/v2\/product_tag?post=4994"}],"curies":[{"name":"wp","href":"https:\/\/api.w.org\/{rel}","templated":true}]}}