{"id":4978,"date":"2025-04-29T14:30:53","date_gmt":"2025-04-29T06:30:53","guid":{"rendered":"https:\/\/uniross.com\/product\/batterie-rechargeable-uniross-usb-c-aaa-15v-pack-4\/"},"modified":"2025-04-29T14:30:53","modified_gmt":"2025-04-29T06:30:53","slug":"batterie-rechargeable-uniross-usb-c-aaa-15v-pack-4","status":"publish","type":"product","link":"https:\/\/uniross.com\/fr\/produit\/batterie-rechargeable-uniross-usb-c-aaa-15v-pack-4\/","title":{"rendered":"Batterie rechargeable Uniross USB-C AAA 1,5V (Pack 4)"},"content":{"rendered":"<p>La batterie AAA rechargeable USB-C Uniross (pack de 4) est con\u00e7ue pour ceux qui exigent une alimentation fiable et constante. Dot\u00e9es d&rsquo;une sortie stable de 1,5 V et d&rsquo;une technologie lithium-ion avanc\u00e9e, ces piles conservent des performances optimales tout au long de leur utilisation. L&rsquo;\u00e9lectronique int\u00e9gr\u00e9e assure une protection contre la surcharge et d&rsquo;autres probl\u00e8mes courants li\u00e9s aux piles. Avec une large plage de temp\u00e9ratures et plus de 1000 cycles de recharge, ces batteries sont id\u00e9ales pour les appareils tels que les souris sans fil et les t\u00e9l\u00e9commandes. Chargez-les facilement via l&rsquo;USB-C en seulement 2 heures et profitez d&rsquo;une puissance longue dur\u00e9e.    <\/p>\n","protected":false},"excerpt":{"rendered":"<p>La batterie AAA rechargeable USB-C Uniross (pack de 4) est con\u00e7ue pour ceux qui exigent une alimentation fiable et constante. Dot\u00e9es d&rsquo;une sortie stable de 1,5 V et d&rsquo;une technologie lithium-ion avanc\u00e9e, ces piles conservent des performances optimales tout au long de leur utilisation. L&rsquo;\u00e9lectronique int\u00e9gr\u00e9e assure une protection contre la surcharge et d&rsquo;autres probl\u00e8mes [&hellip;]<\/p>\n","protected":false},"featured_media":4988,"template":"","meta":[],"application":[],"product_brand":[],"product_cat":[1760,1346],"product_tag":[],"class_list":{"0":"post-4978","1":"product","2":"type-product","3":"status-publish","4":"has-post-thumbnail","6":"product_cat-piles-rechargeables","7":"product_cat-lithium-usb-c","8":"pa_battery-type-aaa-hr3-10430","9":"pa_battery-voltage-1-5-v","10":"pa_chemistry-li-ion","11":"pa_input-voltage-current-90-ma","12":"pa_input-voltage-current-5v","14":"first","15":"instock","16":"shipping-taxable","17":"purchasable","18":"product-type-simple"},"meta_box":{"image_advanced_d0knci360pw":[],"ak_name":[],"flashlight_show":"","light_mode":false,"featured_heading_1":"Rechargeable par USB-C","featured_heading_2":"Des protections de s\u00e9curit\u00e9 renforc\u00e9es","featured_heading_3":"Longue dur\u00e9e de conservation","featured_description_1":"Ces batteries Li-ion AA peuvent \u00eatre recharg\u00e9es de mani\u00e8re pratique \u00e0 l'aide d'un connecteur USB-C, offrant ainsi une solution de charge moderne et efficace sans avoir besoin d'un chargeur de batterie traditionnel.","featured_description_2":"Les batteries sont dot\u00e9es d'une protection int\u00e9gr\u00e9e contre les courts-circuits, les surcharges, les d\u00e9charges excessives et les surtensions, ce qui garantit des performances s\u00fbres et fiables tout au long de leur dur\u00e9e de vie.","featured_description_3":"Avec une dur\u00e9e de vie de plus de 1000 cycles, ces batteries sont con\u00e7ues pour offrir une utilisation prolong\u00e9e et des performances soutenues, r\u00e9duisant ainsi le besoin de remplacements fr\u00e9quents.","download_images":"","technical_datasheet":""},"_links":{"self":[{"href":"https:\/\/uniross.com\/fr\/wp-json\/wp\/v2\/product\/4978","targetHints":{"allow":["GET"]}}],"collection":[{"href":"https:\/\/uniross.com\/fr\/wp-json\/wp\/v2\/product"}],"about":[{"href":"https:\/\/uniross.com\/fr\/wp-json\/wp\/v2\/types\/product"}],"version-history":[{"count":0,"href":"https:\/\/uniross.com\/fr\/wp-json\/wp\/v2\/product\/4978\/revisions"}],"wp:featuredmedia":[{"embeddable":true,"href":"https:\/\/uniross.com\/fr\/wp-json\/wp\/v2\/media\/4988"}],"wp:attachment":[{"href":"https:\/\/uniross.com\/fr\/wp-json\/wp\/v2\/media?parent=4978"}],"wp:term":[{"taxonomy":"application","embeddable":true,"href":"https:\/\/uniross.com\/fr\/wp-json\/wp\/v2\/application?post=4978"},{"taxonomy":"product_brand","embeddable":true,"href":"https:\/\/uniross.com\/fr\/wp-json\/wp\/v2\/product_brand?post=4978"},{"taxonomy":"product_cat","embeddable":true,"href":"https:\/\/uniross.com\/fr\/wp-json\/wp\/v2\/product_cat?post=4978"},{"taxonomy":"product_tag","embeddable":true,"href":"https:\/\/uniross.com\/fr\/wp-json\/wp\/v2\/product_tag?post=4978"}],"curies":[{"name":"wp","href":"https:\/\/api.w.org\/{rel}","templated":true}]}}