{"id":4977,"date":"2025-04-29T14:29:34","date_gmt":"2025-04-29T06:29:34","guid":{"rendered":"https:\/\/uniross.com\/product\/chargeur-uniross-smart-tech-3t-pour-batteries-li-ion-et-nimh-chargement-intelligent\/"},"modified":"2025-04-29T14:29:34","modified_gmt":"2025-04-29T06:29:34","slug":"chargeur-uniross-smart-tech-3t-pour-batteries-li-ion-et-nimh-chargement-intelligent","status":"publish","type":"product","link":"https:\/\/uniross.com\/fr\/produit\/chargeur-uniross-smart-tech-3t-pour-batteries-li-ion-et-nimh-chargement-intelligent\/","title":{"rendered":"Chargeur Uniross Smart Tech 3T pour batteries Li-ion et NiMH &#8211; Chargement intelligent"},"content":{"rendered":"<p>Le chargeur Uniross Smart Tech 3T est con\u00e7u pour une charge avanc\u00e9e des batteries lithium-ion et NiMH. Dot\u00e9 d&rsquo;un \u00e9cran LED clair et d&rsquo;une technologie de charge intelligente, il d\u00e9tecte le type et l&rsquo;\u00e9tat de la batterie pour une efficacit\u00e9 de charge optimale. Dot\u00e9 de fonctions de s\u00e9curit\u00e9, dont une protection contre les courts-circuits et la surchauffe, ce chargeur est compatible avec les piles AA et AAA. Il est emball\u00e9 dans des mat\u00e9riaux 100 % exempts de plastique pour contribuer \u00e0 une plan\u00e8te plus verte.  <\/p>\n","protected":false},"excerpt":{"rendered":"<p>Le chargeur Uniross Smart Tech 3T est con\u00e7u pour une charge avanc\u00e9e des batteries lithium-ion et NiMH. Dot\u00e9 d&rsquo;un \u00e9cran LED clair et d&rsquo;une technologie de charge intelligente, il d\u00e9tecte le type et l&rsquo;\u00e9tat de la batterie pour une efficacit\u00e9 de charge optimale. Dot\u00e9 de fonctions de s\u00e9curit\u00e9, dont une protection contre les courts-circuits et [&hellip;]<\/p>\n","protected":false},"featured_media":4992,"template":"","meta":[],"application":[],"product_brand":[],"product_cat":[1764,1391],"product_tag":[],"class_list":{"0":"post-4977","1":"product","2":"type-product","3":"status-publish","4":"has-post-thumbnail","6":"product_cat-appareils-de-charge","7":"product_cat-chargeurs-de-batterie","8":"pa_charger-type-ucx007-pas-de-piles","9":"pa_simultaneous-charge-aa-2-4-pieces-aaa-2-4-pieces","11":"first","12":"instock","13":"shipping-taxable","14":"purchasable","15":"product-type-simple"},"meta_box":{"image_advanced_d0knci360pw":[],"ak_name":[],"flashlight_show":"","light_mode":false,"featured_heading_1":"Chargement polyvalent","featured_heading_2":"S\u00e9curit\u00e9 totale","featured_heading_3":"Emballage \u00e9cologique","featured_description_1":"Chargez sans effort n'importe o\u00f9 gr\u00e2ce aux ports Micro USB\/USB-C pour une compatibilit\u00e9 universelle.","featured_description_2":"B\u00e9n\u00e9ficiez de protections de s\u00e9curit\u00e9 compl\u00e8tes, garantissant une charge sans souci, sans risque de surcharge ou de surchauffe.","featured_description_3":"Notre engagement en faveur du d\u00e9veloppement durable se traduit par des emballages 100 % sans plastique, ce qui permet de r\u00e9duire l'impact sur l'environnement et de promouvoir un avenir plus vert.","download_images":"","technical_datasheet":""},"_links":{"self":[{"href":"https:\/\/uniross.com\/fr\/wp-json\/wp\/v2\/product\/4977","targetHints":{"allow":["GET"]}}],"collection":[{"href":"https:\/\/uniross.com\/fr\/wp-json\/wp\/v2\/product"}],"about":[{"href":"https:\/\/uniross.com\/fr\/wp-json\/wp\/v2\/types\/product"}],"version-history":[{"count":0,"href":"https:\/\/uniross.com\/fr\/wp-json\/wp\/v2\/product\/4977\/revisions"}],"wp:featuredmedia":[{"embeddable":true,"href":"https:\/\/uniross.com\/fr\/wp-json\/wp\/v2\/media\/4992"}],"wp:attachment":[{"href":"https:\/\/uniross.com\/fr\/wp-json\/wp\/v2\/media?parent=4977"}],"wp:term":[{"taxonomy":"application","embeddable":true,"href":"https:\/\/uniross.com\/fr\/wp-json\/wp\/v2\/application?post=4977"},{"taxonomy":"product_brand","embeddable":true,"href":"https:\/\/uniross.com\/fr\/wp-json\/wp\/v2\/product_brand?post=4977"},{"taxonomy":"product_cat","embeddable":true,"href":"https:\/\/uniross.com\/fr\/wp-json\/wp\/v2\/product_cat?post=4977"},{"taxonomy":"product_tag","embeddable":true,"href":"https:\/\/uniross.com\/fr\/wp-json\/wp\/v2\/product_tag?post=4977"}],"curies":[{"name":"wp","href":"https:\/\/api.w.org\/{rel}","templated":true}]}}