{"id":4962,"date":"2025-04-29T14:30:35","date_gmt":"2025-04-29T06:30:35","guid":{"rendered":"https:\/\/uniross.com\/product\/batterie-rechargeable-uniross-usb-c-aa-15v-pack-4\/"},"modified":"2025-04-29T14:30:35","modified_gmt":"2025-04-29T06:30:35","slug":"batterie-rechargeable-uniross-usb-c-aa-15v-pack-4","status":"publish","type":"product","link":"https:\/\/uniross.com\/fr\/produit\/batterie-rechargeable-uniross-usb-c-aa-15v-pack-4\/","title":{"rendered":"Batterie rechargeable Uniross USB-C AA 1,5V (Pack 4)"},"content":{"rendered":"<p>Les batteries AA rechargeables USB-C Uniross (pack de 4) sont des batteries lithium-ion de haute qualit\u00e9 qui d\u00e9livrent une sortie stable de 1,5 V pendant 95 % de leur dur\u00e9e d&rsquo;utilisation, garantissant ainsi des performances constantes de l&rsquo;appareil. Dot\u00e9es d&rsquo;une \u00e9lectronique int\u00e9gr\u00e9e, elles sont prot\u00e9g\u00e9es contre les surcharges, les surcharges, les courts-circuits et les d\u00e9charges profondes. Gr\u00e2ce \u00e0 leur large plage de temp\u00e9ratures (de -20 \u00b0C \u00e0 +60 \u00b0C), elles conviennent parfaitement \u00e0 divers appareils, des claviers sans fil aux jouets \u00e9lectriques. Avec une capacit\u00e9 de 2400 mWh et un temps de charge rapide de 2 heures via USB-C, profitez d&rsquo;une utilisation prolong\u00e9e et de plus de 1000 cycles de recharge.   <\/p>\n","protected":false},"excerpt":{"rendered":"<p>Les batteries AA rechargeables USB-C Uniross (pack de 4) sont des batteries lithium-ion de haute qualit\u00e9 qui d\u00e9livrent une sortie stable de 1,5 V pendant 95 % de leur dur\u00e9e d&rsquo;utilisation, garantissant ainsi des performances constantes de l&rsquo;appareil. Dot\u00e9es d&rsquo;une \u00e9lectronique int\u00e9gr\u00e9e, elles sont prot\u00e9g\u00e9es contre les surcharges, les surcharges, les courts-circuits et les d\u00e9charges [&hellip;]<\/p>\n","protected":false},"featured_media":4976,"template":"","meta":[],"application":[],"product_brand":[],"product_cat":[1346,1760],"product_tag":[],"class_list":{"0":"post-4962","1":"product","2":"type-product","3":"status-publish","4":"has-post-thumbnail","6":"product_cat-lithium-usb-c","7":"product_cat-piles-rechargeables","8":"pa_battery-type-aa-hr6-14500","9":"pa_battery-voltage-1-5-v","10":"pa_chemistry-li-ion","11":"pa_input-voltage-current-350-ma","12":"pa_input-voltage-current-5v","14":"first","15":"instock","16":"shipping-taxable","17":"purchasable","18":"product-type-simple"},"meta_box":{"image_advanced_d0knci360pw":[],"ak_name":[],"flashlight_show":"","light_mode":false,"featured_heading_1":"Rechargeable par USB-C","featured_heading_2":"Des protections de s\u00e9curit\u00e9 renforc\u00e9es","featured_heading_3":"Longue dur\u00e9e de conservation","featured_description_1":"Ces batteries Li-ion AA peuvent \u00eatre recharg\u00e9es de mani\u00e8re pratique \u00e0 l'aide d'un connecteur USB-C, offrant ainsi une solution de charge moderne et efficace sans avoir besoin d'un chargeur de batterie traditionnel.","featured_description_2":"Les batteries sont dot\u00e9es d'une protection int\u00e9gr\u00e9e contre les courts-circuits, la surcharge, la surd\u00e9charge et la surtension, ce qui garantit des performances s\u00fbres et fiables tout au long de leur dur\u00e9e de vie.","featured_description_3":"Avec une dur\u00e9e de vie de plus de 1000 cycles, ces piles sont con\u00e7ues pour offrir une utilisation prolong\u00e9e et des performances soutenues, r\u00e9duisant ainsi le besoin de remplacements fr\u00e9quents.","download_images":"","technical_datasheet":""},"_links":{"self":[{"href":"https:\/\/uniross.com\/fr\/wp-json\/wp\/v2\/product\/4962","targetHints":{"allow":["GET"]}}],"collection":[{"href":"https:\/\/uniross.com\/fr\/wp-json\/wp\/v2\/product"}],"about":[{"href":"https:\/\/uniross.com\/fr\/wp-json\/wp\/v2\/types\/product"}],"version-history":[{"count":0,"href":"https:\/\/uniross.com\/fr\/wp-json\/wp\/v2\/product\/4962\/revisions"}],"wp:featuredmedia":[{"embeddable":true,"href":"https:\/\/uniross.com\/fr\/wp-json\/wp\/v2\/media\/4976"}],"wp:attachment":[{"href":"https:\/\/uniross.com\/fr\/wp-json\/wp\/v2\/media?parent=4962"}],"wp:term":[{"taxonomy":"application","embeddable":true,"href":"https:\/\/uniross.com\/fr\/wp-json\/wp\/v2\/application?post=4962"},{"taxonomy":"product_brand","embeddable":true,"href":"https:\/\/uniross.com\/fr\/wp-json\/wp\/v2\/product_brand?post=4962"},{"taxonomy":"product_cat","embeddable":true,"href":"https:\/\/uniross.com\/fr\/wp-json\/wp\/v2\/product_cat?post=4962"},{"taxonomy":"product_tag","embeddable":true,"href":"https:\/\/uniross.com\/fr\/wp-json\/wp\/v2\/product_tag?post=4962"}],"curies":[{"name":"wp","href":"https:\/\/api.w.org\/{rel}","templated":true}]}}