{"id":4948,"date":"2025-04-29T14:29:15","date_gmt":"2025-04-29T06:29:15","guid":{"rendered":"https:\/\/uniross.com\/product\/lampe-de-poche-rechargeable-uniross-100lm\/"},"modified":"2025-04-29T14:29:15","modified_gmt":"2025-04-29T06:29:15","slug":"lampe-de-poche-rechargeable-uniross-100lm","status":"publish","type":"product","link":"https:\/\/uniross.com\/fr\/produit\/lampe-de-poche-rechargeable-uniross-100lm\/","title":{"rendered":"Lampe de poche rechargeable Uniross &#8211; 100LM"},"content":{"rendered":"<p>La lampe de poche rechargeable Uniross fournit 100 lumens de lumi\u00e8re vive et uniforme pour diverses applications. Fabriqu\u00e9e en ABS durable, cette lampe est \u00e9tanche (IP44) et dot\u00e9e d&rsquo;une lentille incassable pour une fiabilit\u00e9 \u00e0 toute \u00e9preuve. Aliment\u00e9e par une batterie NiMH AA rechargeable incluse, elle offre plus de 4 heures d&rsquo;autonomie. Sa conception compacte, combin\u00e9e \u00e0 une recharge USB facile, en fait la source lumineuse portable id\u00e9ale pour une utilisation en ext\u00e9rieur ou en cas d&rsquo;urgence.   <\/p>\n","protected":false},"excerpt":{"rendered":"<p>La lampe de poche rechargeable Uniross fournit 100 lumens de lumi\u00e8re vive et uniforme pour diverses applications. Fabriqu\u00e9e en ABS durable, cette lampe est \u00e9tanche (IP44) et dot\u00e9e d&rsquo;une lentille incassable pour une fiabilit\u00e9 \u00e0 toute \u00e9preuve. Aliment\u00e9e par une batterie NiMH AA rechargeable incluse, elle offre plus de 4 heures d&rsquo;autonomie. Sa conception compacte, [&hellip;]<\/p>\n","protected":false},"featured_media":4959,"template":"","meta":[],"application":[],"product_brand":[],"product_cat":[1280,1763],"product_tag":[],"class_list":{"0":"post-4948","1":"product","2":"type-product","3":"status-publish","4":"has-post-thumbnail","6":"product_cat-lampe-de-poche","7":"product_cat-eclairage-portable","8":"pa_housing-material-corps-en-abs-tete-en-aluminium-couleur-noire","9":"pa_lumens-100lm","10":"pa_powered-by-ni-mh-500mah-inclus","11":"pa_runtime-3h","12":"pa_waterproof-ip44-eclaboussures-deau","14":"first","15":"instock","16":"shipping-taxable","17":"purchasable","18":"product-type-simple"},"meta_box":{"image_advanced_d0knci360pw":[],"ak_name":[],"flashlight_show":"","light_mode":false,"featured_heading_1":"Batterie rechargeable NiMH","featured_heading_2":"Construction durable","featured_heading_3":"Distribution uniforme de la lumi\u00e8re","featured_description_1":"Comprend une pile AA rechargeable avec possibilit\u00e9 de recharge par USB.","featured_description_2":"Indice d'\u00e9tanch\u00e9it\u00e9 IP44 et lentille incassable pour les conditions difficiles.","featured_description_3":"100 lumens de lumi\u00e8re vive et uniforme pour une utilisation polyvalente.","download_images":"","technical_datasheet":""},"_links":{"self":[{"href":"https:\/\/uniross.com\/fr\/wp-json\/wp\/v2\/product\/4948","targetHints":{"allow":["GET"]}}],"collection":[{"href":"https:\/\/uniross.com\/fr\/wp-json\/wp\/v2\/product"}],"about":[{"href":"https:\/\/uniross.com\/fr\/wp-json\/wp\/v2\/types\/product"}],"version-history":[{"count":0,"href":"https:\/\/uniross.com\/fr\/wp-json\/wp\/v2\/product\/4948\/revisions"}],"wp:featuredmedia":[{"embeddable":true,"href":"https:\/\/uniross.com\/fr\/wp-json\/wp\/v2\/media\/4959"}],"wp:attachment":[{"href":"https:\/\/uniross.com\/fr\/wp-json\/wp\/v2\/media?parent=4948"}],"wp:term":[{"taxonomy":"application","embeddable":true,"href":"https:\/\/uniross.com\/fr\/wp-json\/wp\/v2\/application?post=4948"},{"taxonomy":"product_brand","embeddable":true,"href":"https:\/\/uniross.com\/fr\/wp-json\/wp\/v2\/product_brand?post=4948"},{"taxonomy":"product_cat","embeddable":true,"href":"https:\/\/uniross.com\/fr\/wp-json\/wp\/v2\/product_cat?post=4948"},{"taxonomy":"product_tag","embeddable":true,"href":"https:\/\/uniross.com\/fr\/wp-json\/wp\/v2\/product_tag?post=4948"}],"curies":[{"name":"wp","href":"https:\/\/api.w.org\/{rel}","templated":true}]}}