{"id":4938,"date":"2025-04-29T14:30:09","date_gmt":"2025-04-29T06:30:09","guid":{"rendered":"https:\/\/uniross.com\/product\/cable-de-charge-uniross-usb-vers-usb-c-2m\/"},"modified":"2025-04-29T14:30:09","modified_gmt":"2025-04-29T06:30:09","slug":"cable-de-charge-uniross-usb-vers-usb-c-2m","status":"publish","type":"product","link":"https:\/\/uniross.com\/fr\/produit\/cable-de-charge-uniross-usb-vers-usb-c-2m\/","title":{"rendered":"C\u00e2ble de charge Uniross USB vers USB-C &#8211; 2m"},"content":{"rendered":"<p>Ce c\u00e2ble de charge USB vers USB-C, d&rsquo;une longueur de 2 m\u00e8tres, offre une charge rapide et une synchronisation des donn\u00e9es pour tous vos appareils USB-C. Prenant en charge jusqu&rsquo;\u00e0 10 W, il est parfait pour les smartphones, tablettes et autres appareils dot\u00e9s d&rsquo;un port USB-C. Sa construction durable garantit la long\u00e9vit\u00e9, tandis que la longueur de 2 m\u00e8tres offre une commodit\u00e9 suppl\u00e9mentaire pour une utilisation quotidienne.  <\/p>\n","protected":false},"excerpt":{"rendered":"<p>Ce c\u00e2ble de charge USB vers USB-C, d&rsquo;une longueur de 2 m\u00e8tres, offre une charge rapide et une synchronisation des donn\u00e9es pour tous vos appareils USB-C. Prenant en charge jusqu&rsquo;\u00e0 10 W, il est parfait pour les smartphones, tablettes et autres appareils dot\u00e9s d&rsquo;un port USB-C. Sa construction durable garantit la long\u00e9vit\u00e9, tandis que la [&hellip;]<\/p>\n","protected":false},"featured_media":4942,"template":"","meta":[],"application":[],"product_brand":[],"product_cat":[1337,1764],"product_tag":[1213],"class_list":{"0":"post-4938","1":"product","2":"type-product","3":"status-publish","4":"has-post-thumbnail","6":"product_cat-accessoires-pour-telephones","7":"product_cat-appareils-de-charge","8":"product_tag-nouveaux-lancements","10":"first","11":"instock","12":"shipping-taxable","13":"purchasable","14":"product-type-simple"},"meta_box":{"image_advanced_d0knci360pw":[],"ak_name":[],"flashlight_show":"","light_mode":false,"featured_heading_1":"Chargement et synchronisation","featured_heading_2":"Construit pour durer","featured_heading_3":"Longueur \u00e9tendue de 2m","featured_description_1":"Ce c\u00e2ble prend en charge \u00e0 la fois la charge et le transfert de donn\u00e9es, fournissant jusqu'\u00e0 12 W (5 V 2,4 A) de puissance et des vitesses de transfert de donn\u00e9es de 480 Mbit\/s. Il convient aux smartphones, aux tablettes, aux oreillettes et aux lampes de poche. ","featured_description_2":"Con\u00e7u pour durer, ce c\u00e2ble peut supporter plus de 25 000 courbures, ce qui en fait un choix fiable pour une utilisation quotidienne.","featured_description_3":"La longueur de 2 m\u00e8tres offre une grande port\u00e9e, une plus grande flexibilit\u00e9 et une plus grande commodit\u00e9 pour connecter vos appareils.","download_images":"","technical_datasheet":""},"_links":{"self":[{"href":"https:\/\/uniross.com\/fr\/wp-json\/wp\/v2\/product\/4938","targetHints":{"allow":["GET"]}}],"collection":[{"href":"https:\/\/uniross.com\/fr\/wp-json\/wp\/v2\/product"}],"about":[{"href":"https:\/\/uniross.com\/fr\/wp-json\/wp\/v2\/types\/product"}],"version-history":[{"count":0,"href":"https:\/\/uniross.com\/fr\/wp-json\/wp\/v2\/product\/4938\/revisions"}],"wp:featuredmedia":[{"embeddable":true,"href":"https:\/\/uniross.com\/fr\/wp-json\/wp\/v2\/media\/4942"}],"wp:attachment":[{"href":"https:\/\/uniross.com\/fr\/wp-json\/wp\/v2\/media?parent=4938"}],"wp:term":[{"taxonomy":"application","embeddable":true,"href":"https:\/\/uniross.com\/fr\/wp-json\/wp\/v2\/application?post=4938"},{"taxonomy":"product_brand","embeddable":true,"href":"https:\/\/uniross.com\/fr\/wp-json\/wp\/v2\/product_brand?post=4938"},{"taxonomy":"product_cat","embeddable":true,"href":"https:\/\/uniross.com\/fr\/wp-json\/wp\/v2\/product_cat?post=4938"},{"taxonomy":"product_tag","embeddable":true,"href":"https:\/\/uniross.com\/fr\/wp-json\/wp\/v2\/product_tag?post=4938"}],"curies":[{"name":"wp","href":"https:\/\/api.w.org\/{rel}","templated":true}]}}